{"id":7200,"date":"2022-08-29T11:36:21","date_gmt":"2022-08-29T09:36:21","guid":{"rendered":"https:\/\/dev.fuertehoteles.com\/partners\/"},"modified":"2022-08-29T11:45:38","modified_gmt":"2022-08-29T09:45:38","slug":"partenaires","status":"publish","type":"page","link":"https:\/\/dev.fuertehoteles.com\/fr\/partenaires\/","title":{"rendered":"Partenaires"},"content":{"rendered":"[vc_row css=\u00a0\u00bb.vc_custom_1549288247657{padding-top: 120px !important;}\u00a0\u00bb][vc_column][vc_column_text]\n<p style=\"text-align: center;\"><strong>Fuerte Hoteles<\/strong>\u00a0est soutenu par certaines entreprises \u00e0 am\u00e9liorer leurs services. De rencontrer nos partenaires:<\/p>\n[\/vc_column_text][vc_empty_space][\/vc_column][\/vc_row][vc_row][vc_column width=\u00a0\u00bb1\/3&Prime;][vc_column_text]\n<h3 style=\"text-align: center;\">Andalusien Rundreise<\/h3>\n[\/vc_column_text][vc_single_image image=\u00a0\u00bb7186&Prime; img_size=\u00a0\u00bbfull\u00a0\u00bb alignment=\u00a0\u00bbcenter\u00a0\u00bb onclick=\u00a0\u00bbcustom_link\u00a0\u00bb link=\u00a0\u00bbhttp:\/\/www.andalusienrund-reise.de\/\u00a0\u00bb][\/vc_column][vc_column width=\u00a0\u00bb1\/3&Prime;][vc_column_text]\n<h3 style=\"text-align: center;\">Malagacar.com<\/h3>\n[\/vc_column_text][vc_single_image image=\u00a0\u00bb7194&Prime; img_size=\u00a0\u00bbfull\u00a0\u00bb alignment=\u00a0\u00bbcenter\u00a0\u00bb onclick=\u00a0\u00bbcustom_link\u00a0\u00bb link=\u00a0\u00bbhttps:\/\/www.malagacar.com\/sp\/indexsp.html\u00a0\u00bb][\/vc_column][vc_column width=\u00a0\u00bb1\/3&Prime;][vc_column_text]\n<h3 style=\"text-align: center;\">Abba Hotels<\/h3>\n[\/vc_column_text][vc_single_image image=\u00a0\u00bb7174&Prime; img_size=\u00a0\u00bbfull\u00a0\u00bb alignment=\u00a0\u00bbcenter\u00a0\u00bb onclick=\u00a0\u00bbcustom_link\u00a0\u00bb link=\u00a0\u00bbhttp:\/\/www.abbahoteles.com\/es\/home.html\u00a0\u00bb][\/vc_column][\/vc_row][vc_row][vc_column][vc_empty_space][\/vc_column][\/vc_row][vc_row][vc_column width=\u00a0\u00bb1\/3&Prime;][vc_column_text]\n<h3 style=\"text-align: center;\">DataRush IT services<\/h3>\n[\/vc_column_text][vc_single_image image=\u00a0\u00bb7190&Prime; img_size=\u00a0\u00bbfull\u00a0\u00bb alignment=\u00a0\u00bbcenter\u00a0\u00bb onclick=\u00a0\u00bbcustom_link\u00a0\u00bb link=\u00a0\u00bbhttp:\/\/www.datarush.es\/\u00a0\u00bb][\/vc_column][vc_column width=\u00a0\u00bb1\/3&Prime;][vc_column_text]\n<h3 style=\"text-align: center;\">ADEFAM<\/h3>\n[\/vc_column_text][vc_single_image image=\u00a0\u00bb7182&Prime; img_size=\u00a0\u00bbfull\u00a0\u00bb alignment=\u00a0\u00bbcenter\u00a0\u00bb onclick=\u00a0\u00bbcustom_link\u00a0\u00bb link=\u00a0\u00bbhttps:\/\/www.adefam.com\/\u00a0\u00bb][\/vc_column][vc_column width=\u00a0\u00bb1\/3&Prime;][vc_column_text]\n<h3 style=\"text-align: center;\">Costa del Sol<\/h3>\n[\/vc_column_text][vc_single_image image=\u00a0\u00bb7178&Prime; img_size=\u00a0\u00bbfull\u00a0\u00bb alignment=\u00a0\u00bbcenter\u00a0\u00bb onclick=\u00a0\u00bbcustom_link\u00a0\u00bb link=\u00a0\u00bbhttp:\/\/www.visitacostadelsol.com\/\u00a0\u00bb][\/vc_column][\/vc_row][vc_row][vc_column][vc_column_text]\n[\/vc_column_text][\/vc_column][\/vc_row]\n","protected":false},"excerpt":{"rendered":"<p>[vc_row css=\u00a0\u00bb.vc_custom_1549288247657{padding-top: 120px !important;}\u00a0\u00bb][vc_column][vc_column_text] Fuerte Hoteles\u00a0est soutenu par certaines entreprises \u00e0 am\u00e9liorer leurs services. De rencontrer nos partenaires: [\/vc_column_text][vc_empty_space][\/vc_column][\/vc_row][vc_row][vc_column width=\u00a0\u00bb1\/3&Prime;][vc_column_text] Andalusien Rundreise [\/vc_column_text][vc_single_image image=\u00a0\u00bb7186&Prime; img_size=\u00a0\u00bbfull\u00a0\u00bb alignment=\u00a0\u00bbcenter\u00a0\u00bb onclick=\u00a0\u00bbcustom_link\u00a0\u00bb link=\u00a0\u00bbhttp:\/\/www.andalusienrund-reise.de\/\u00a0\u00bb][\/vc_column][vc_column width=\u00a0\u00bb1\/3&Prime;][vc_column_text] Malagacar.com [\/vc_column_text][vc_single_image image=\u00a0\u00bb7194&Prime; img_size=\u00a0\u00bbfull\u00a0\u00bb alignment=\u00a0\u00bbcenter\u00a0\u00bb onclick=\u00a0\u00bbcustom_link\u00a0\u00bb link=\u00a0\u00bbhttps:\/\/www.malagacar.com\/sp\/indexsp.html\u00a0\u00bb][\/vc_column][vc_column width=\u00a0\u00bb1\/3&Prime;][vc_column_text] Abba Hotels [\/vc_column_text][vc_single_image image=\u00a0\u00bb7174&Prime; img_size=\u00a0\u00bbfull\u00a0\u00bb alignment=\u00a0\u00bbcenter\u00a0\u00bb onclick=\u00a0\u00bbcustom_link\u00a0\u00bb link=\u00a0\u00bbhttp:\/\/www.abbahoteles.com\/es\/home.html\u00a0\u00bb][\/vc_column][\/vc_row][vc_row][vc_column][vc_empty_space][\/vc_column][\/vc_row][vc_row][vc_column width=\u00a0\u00bb1\/3&Prime;][vc_column_text] DataRush IT services [\/vc_column_text][vc_single_image image=\u00a0\u00bb7190&Prime; img_size=\u00a0\u00bbfull\u00a0\u00bb alignment=\u00a0\u00bbcenter\u00a0\u00bb onclick=\u00a0\u00bbcustom_link\u00a0\u00bb link=\u00a0\u00bbhttp:\/\/www.datarush.es\/\u00a0\u00bb][\/vc_column][vc_column<\/p>\n","protected":false},"author":6,"featured_media":0,"parent":0,"menu_order":0,"comment_status":"closed","ping_status":"closed","template":"templates\/landings.php","meta":{"footnotes":""},"class_list":["post-7200","page","type-page","status-publish","hentry"],"yoast_head":"<!-- This site is optimized with the Yoast SEO plugin v19.4 - https:\/\/yoast.com\/wordpress\/plugins\/seo\/ -->\n<title>D\u00e9couvrer nos partenaires | Fuerte Hoteles<\/title>\n<meta name=\"description\" content=\"Fuerte Hoteles est soutenu par certaines entreprises \u00e0 am\u00e9liorer leurs services , de rencontrer nos partenaires.\" \/>\n<meta name=\"robots\" content=\"noindex, follow, max-snippet:-1, max-image-preview:large, max-video-preview:-1\" \/>\n<meta property=\"og:locale\" content=\"fr_FR\" \/>\n<meta property=\"og:type\" content=\"article\" \/>\n<meta property=\"og:title\" content=\"D\u00e9couvrer nos partenaires | Fuerte Hoteles\" \/>\n<meta property=\"og:description\" content=\"Fuerte Hoteles est soutenu par certaines entreprises \u00e0 am\u00e9liorer leurs services , de rencontrer nos partenaires.\" \/>\n<meta property=\"og:url\" content=\"https:\/\/dev.fuertehoteles.com\/fr\/partenaires\/\" \/>\n<meta property=\"og:site_name\" content=\"Fuerte Hoteles\" \/>\n<meta property=\"article:publisher\" content=\"https:\/\/www.facebook.com\/HotelesFuerte\" \/>\n<meta property=\"article:modified_time\" content=\"2022-08-29T09:45:38+00:00\" \/>\n<meta name=\"twitter:card\" content=\"summary_large_image\" \/>\n<meta name=\"twitter:site\" content=\"@fuertehoteles\" \/>\n<meta name=\"twitter:label1\" content=\"Dur\u00e9e de lecture estim\u00e9e\" \/>\n\t<meta name=\"twitter:data1\" content=\"1 minute\" \/>\n<script type=\"application\/ld+json\" class=\"yoast-schema-graph\">{\"@context\":\"https:\/\/schema.org\",\"@graph\":[{\"@type\":\"WebSite\",\"@id\":\"https:\/\/dev.fuertehoteles.com\/#website\",\"url\":\"https:\/\/dev.fuertehoteles.com\/\",\"name\":\"Fuerte Hoteles\",\"description\":\"\",\"potentialAction\":[{\"@type\":\"SearchAction\",\"target\":{\"@type\":\"EntryPoint\",\"urlTemplate\":\"https:\/\/dev.fuertehoteles.com\/?s={search_term_string}\"},\"query-input\":\"required name=search_term_string\"}],\"inLanguage\":\"fr-FR\"},{\"@type\":\"WebPage\",\"@id\":\"https:\/\/dev.fuertehoteles.com\/fr\/partenaires\/\",\"url\":\"https:\/\/dev.fuertehoteles.com\/fr\/partenaires\/\",\"name\":\"D\u00e9couvrer nos partenaires | Fuerte Hoteles\",\"isPartOf\":{\"@id\":\"https:\/\/dev.fuertehoteles.com\/#website\"},\"datePublished\":\"2022-08-29T09:36:21+00:00\",\"dateModified\":\"2022-08-29T09:45:38+00:00\",\"description\":\"Fuerte Hoteles est soutenu par certaines entreprises \u00e0 am\u00e9liorer leurs services , de rencontrer nos partenaires.\",\"breadcrumb\":{\"@id\":\"https:\/\/dev.fuertehoteles.com\/fr\/partenaires\/#breadcrumb\"},\"inLanguage\":\"fr-FR\",\"potentialAction\":[{\"@type\":\"ReadAction\",\"target\":[\"https:\/\/dev.fuertehoteles.com\/fr\/partenaires\/\"]}]},{\"@type\":\"BreadcrumbList\",\"@id\":\"https:\/\/dev.fuertehoteles.com\/fr\/partenaires\/#breadcrumb\",\"itemListElement\":[{\"@type\":\"ListItem\",\"position\":1,\"name\":\"Portada\",\"item\":\"https:\/\/dev.fuertehoteles.com\/fr\/\"},{\"@type\":\"ListItem\",\"position\":2,\"name\":\"Partenaires\"}]}]}<\/script>\n<!-- \/ Yoast SEO plugin. -->","yoast_head_json":{"title":"D\u00e9couvrer nos partenaires | Fuerte Hoteles","description":"Fuerte Hoteles est soutenu par certaines entreprises \u00e0 am\u00e9liorer leurs services , de rencontrer nos partenaires.","robots":{"index":"noindex","follow":"follow","max-snippet":"max-snippet:-1","max-image-preview":"max-image-preview:large","max-video-preview":"max-video-preview:-1"},"og_locale":"fr_FR","og_type":"article","og_title":"D\u00e9couvrer nos partenaires | Fuerte Hoteles","og_description":"Fuerte Hoteles est soutenu par certaines entreprises \u00e0 am\u00e9liorer leurs services , de rencontrer nos partenaires.","og_url":"https:\/\/dev.fuertehoteles.com\/fr\/partenaires\/","og_site_name":"Fuerte Hoteles","article_publisher":"https:\/\/www.facebook.com\/HotelesFuerte","article_modified_time":"2022-08-29T09:45:38+00:00","twitter_card":"summary_large_image","twitter_site":"@fuertehoteles","twitter_misc":{"Dur\u00e9e de lecture estim\u00e9e":"1 minute"},"schema":{"@context":"https:\/\/schema.org","@graph":[{"@type":"WebSite","@id":"https:\/\/dev.fuertehoteles.com\/#website","url":"https:\/\/dev.fuertehoteles.com\/","name":"Fuerte Hoteles","description":"","potentialAction":[{"@type":"SearchAction","target":{"@type":"EntryPoint","urlTemplate":"https:\/\/dev.fuertehoteles.com\/?s={search_term_string}"},"query-input":"required name=search_term_string"}],"inLanguage":"fr-FR"},{"@type":"WebPage","@id":"https:\/\/dev.fuertehoteles.com\/fr\/partenaires\/","url":"https:\/\/dev.fuertehoteles.com\/fr\/partenaires\/","name":"D\u00e9couvrer nos partenaires | Fuerte Hoteles","isPartOf":{"@id":"https:\/\/dev.fuertehoteles.com\/#website"},"datePublished":"2022-08-29T09:36:21+00:00","dateModified":"2022-08-29T09:45:38+00:00","description":"Fuerte Hoteles est soutenu par certaines entreprises \u00e0 am\u00e9liorer leurs services , de rencontrer nos partenaires.","breadcrumb":{"@id":"https:\/\/dev.fuertehoteles.com\/fr\/partenaires\/#breadcrumb"},"inLanguage":"fr-FR","potentialAction":[{"@type":"ReadAction","target":["https:\/\/dev.fuertehoteles.com\/fr\/partenaires\/"]}]},{"@type":"BreadcrumbList","@id":"https:\/\/dev.fuertehoteles.com\/fr\/partenaires\/#breadcrumb","itemListElement":[{"@type":"ListItem","position":1,"name":"Portada","item":"https:\/\/dev.fuertehoteles.com\/fr\/"},{"@type":"ListItem","position":2,"name":"Partenaires"}]}]}},"_links":{"self":[{"href":"https:\/\/dev.fuertehoteles.com\/fr\/wp-json\/wp\/v2\/pages\/7200","targetHints":{"allow":["GET"]}}],"collection":[{"href":"https:\/\/dev.fuertehoteles.com\/fr\/wp-json\/wp\/v2\/pages"}],"about":[{"href":"https:\/\/dev.fuertehoteles.com\/fr\/wp-json\/wp\/v2\/types\/page"}],"author":[{"embeddable":true,"href":"https:\/\/dev.fuertehoteles.com\/fr\/wp-json\/wp\/v2\/users\/6"}],"replies":[{"embeddable":true,"href":"https:\/\/dev.fuertehoteles.com\/fr\/wp-json\/wp\/v2\/comments?post=7200"}],"version-history":[{"count":3,"href":"https:\/\/dev.fuertehoteles.com\/fr\/wp-json\/wp\/v2\/pages\/7200\/revisions"}],"predecessor-version":[{"id":7208,"href":"https:\/\/dev.fuertehoteles.com\/fr\/wp-json\/wp\/v2\/pages\/7200\/revisions\/7208"}],"wp:attachment":[{"href":"https:\/\/dev.fuertehoteles.com\/fr\/wp-json\/wp\/v2\/media?parent=7200"}],"curies":[{"name":"wp","href":"https:\/\/api.w.org\/{rel}","templated":true}]}}