{"id":4492,"date":"2021-12-09T09:39:46","date_gmt":"2021-12-09T08:39:46","guid":{"rendered":"https:\/\/dev.fuertehoteles.com\/corporate\/recursos-humanos\/"},"modified":"2023-01-16T08:38:54","modified_gmt":"2023-01-16T07:38:54","slug":"travaillez-avec-nous","status":"publish","type":"page","link":"https:\/\/dev.fuertehoteles.com\/fr\/corporate\/travaillez-avec-nous\/","title":{"rendered":"Travaillez avec nous"},"content":{"rendered":"[vc_row][vc_column][vc_column_text]Le\u00a0<strong>Fuerte Group Hotels\u00a0<\/strong>\u00a0est une entreprise \u00e0 caract\u00e8re familial pour laquelle le bien-\u00eatre et la satisfaction de ses employ\u00e9s sont primordiaux. Nous nous pr\u00e9occupons de vous apporter des plans de formation continue, de multiples opportunit\u00e9s de d\u00e9veloppement professionnel et une s\u00e9rie d\u2019am\u00e9liorations sociales pour vous et votre famille.<\/p>\n<p>Si vous souhaitez rejoindre notre groupe, vous pouvez choisir\u00a0<a title=\"Emploi\" href=\"https:\/\/talent.fuerte-group.com\/\" target=\"_blank\" rel=\"noopener\">les emplois<\/a>\u00a0que nous avons actuellement vacants en envoyant votre CV \u00e0:<\/p>\n<p>Recursos Humanos<br \/>\nFuerte Group Hotels<br \/>\nTel.: (+34) 650 088 090<br \/>\ne-mail: rrhh@fuerte-group.com[\/vc_column_text][\/vc_column][\/vc_row]\n","protected":false},"excerpt":{"rendered":"<p>[vc_row][vc_column][vc_column_text]Le\u00a0Fuerte Group Hotels\u00a0\u00a0est une entreprise \u00e0 caract\u00e8re familial pour laquelle le bien-\u00eatre et la satisfaction de ses employ\u00e9s sont primordiaux. Nous nous pr\u00e9occupons de vous apporter des plans de formation continue, de multiples opportunit\u00e9s de d\u00e9veloppement professionnel et une s\u00e9rie d\u2019am\u00e9liorations sociales pour vous et votre famille. Si vous souhaitez rejoindre notre groupe, vous pouvez<\/p>\n","protected":false},"author":6,"featured_media":4062,"parent":4262,"menu_order":0,"comment_status":"closed","ping_status":"closed","template":"templates\/corporate-subpages.php","meta":{"footnotes":""},"class_list":["post-4492","page","type-page","status-publish","hentry"],"yoast_head":"<!-- This site is optimized with the Yoast SEO plugin v19.4 - https:\/\/yoast.com\/wordpress\/plugins\/seo\/ -->\n<title>Contactez Ressources humaines y Travaillez chez Fuerte Group Hotels<\/title>\n<meta name=\"description\" content=\"Envoyez votre curriculum et commencez \u00e0 travailler chez Fuerte Group Hotels. Contactez Ressources humaines et trouvez votre offre d&#039;emploi.\" \/>\n<meta name=\"robots\" content=\"noindex, follow, max-snippet:-1, max-image-preview:large, max-video-preview:-1\" \/>\n<meta property=\"og:locale\" content=\"fr_FR\" \/>\n<meta property=\"og:type\" content=\"article\" \/>\n<meta property=\"og:title\" content=\"Contactez Ressources humaines y Travaillez chez Fuerte Group Hotels\" \/>\n<meta property=\"og:description\" content=\"Envoyez votre curriculum et commencez \u00e0 travailler chez Fuerte Group Hotels. Contactez Ressources humaines et trouvez votre offre d&#039;emploi.\" \/>\n<meta property=\"og:url\" content=\"https:\/\/dev.fuertehoteles.com\/fr\/corporate\/travaillez-avec-nous\/\" \/>\n<meta property=\"og:site_name\" content=\"Fuerte Hoteles\" \/>\n<meta property=\"article:publisher\" content=\"https:\/\/www.facebook.com\/HotelesFuerte\" \/>\n<meta property=\"article:modified_time\" content=\"2023-01-16T07:38:54+00:00\" \/>\n<meta property=\"og:image\" content=\"https:\/\/dev.fuertehoteles.com\/wp-content\/uploads\/2021\/12\/cabecera-recursos-humanos-2.jpg\" \/>\n\t<meta property=\"og:image:width\" content=\"1920\" \/>\n\t<meta property=\"og:image:height\" content=\"540\" \/>\n\t<meta property=\"og:image:type\" content=\"image\/jpeg\" \/>\n<meta name=\"twitter:card\" content=\"summary_large_image\" \/>\n<meta name=\"twitter:site\" content=\"@fuertehoteles\" \/>\n<meta name=\"twitter:label1\" content=\"Dur\u00e9e de lecture estim\u00e9e\" \/>\n\t<meta name=\"twitter:data1\" content=\"1 minute\" \/>\n<script type=\"application\/ld+json\" class=\"yoast-schema-graph\">{\"@context\":\"https:\/\/schema.org\",\"@graph\":[{\"@type\":\"WebSite\",\"@id\":\"https:\/\/dev.fuertehoteles.com\/#website\",\"url\":\"https:\/\/dev.fuertehoteles.com\/\",\"name\":\"Fuerte Hoteles\",\"description\":\"\",\"potentialAction\":[{\"@type\":\"SearchAction\",\"target\":{\"@type\":\"EntryPoint\",\"urlTemplate\":\"https:\/\/dev.fuertehoteles.com\/?s={search_term_string}\"},\"query-input\":\"required name=search_term_string\"}],\"inLanguage\":\"fr-FR\"},{\"@type\":\"WebPage\",\"@id\":\"https:\/\/dev.fuertehoteles.com\/fr\/corporate\/travaillez-avec-nous\/\",\"url\":\"https:\/\/dev.fuertehoteles.com\/fr\/corporate\/travaillez-avec-nous\/\",\"name\":\"Contactez Ressources humaines y Travaillez chez Fuerte Group Hotels\",\"isPartOf\":{\"@id\":\"https:\/\/dev.fuertehoteles.com\/#website\"},\"datePublished\":\"2021-12-09T08:39:46+00:00\",\"dateModified\":\"2023-01-16T07:38:54+00:00\",\"description\":\"Envoyez votre curriculum et commencez \u00e0 travailler chez Fuerte Group Hotels. Contactez Ressources humaines et trouvez votre offre d'emploi.\",\"breadcrumb\":{\"@id\":\"https:\/\/dev.fuertehoteles.com\/fr\/corporate\/travaillez-avec-nous\/#breadcrumb\"},\"inLanguage\":\"fr-FR\",\"potentialAction\":[{\"@type\":\"ReadAction\",\"target\":[\"https:\/\/dev.fuertehoteles.com\/fr\/corporate\/travaillez-avec-nous\/\"]}]},{\"@type\":\"BreadcrumbList\",\"@id\":\"https:\/\/dev.fuertehoteles.com\/fr\/corporate\/travaillez-avec-nous\/#breadcrumb\",\"itemListElement\":[{\"@type\":\"ListItem\",\"position\":1,\"name\":\"Portada\",\"item\":\"https:\/\/dev.fuertehoteles.com\/fr\/\"},{\"@type\":\"ListItem\",\"position\":2,\"name\":\"Corporate\",\"item\":\"https:\/\/dev.fuertehoteles.com\/fr\/corporate\/\"},{\"@type\":\"ListItem\",\"position\":3,\"name\":\"Travaillez avec nous\"}]}]}<\/script>\n<!-- \/ Yoast SEO plugin. -->","yoast_head_json":{"title":"Contactez Ressources humaines y Travaillez chez Fuerte Group Hotels","description":"Envoyez votre curriculum et commencez \u00e0 travailler chez Fuerte Group Hotels. Contactez Ressources humaines et trouvez votre offre d'emploi.","robots":{"index":"noindex","follow":"follow","max-snippet":"max-snippet:-1","max-image-preview":"max-image-preview:large","max-video-preview":"max-video-preview:-1"},"og_locale":"fr_FR","og_type":"article","og_title":"Contactez Ressources humaines y Travaillez chez Fuerte Group Hotels","og_description":"Envoyez votre curriculum et commencez \u00e0 travailler chez Fuerte Group Hotels. Contactez Ressources humaines et trouvez votre offre d'emploi.","og_url":"https:\/\/dev.fuertehoteles.com\/fr\/corporate\/travaillez-avec-nous\/","og_site_name":"Fuerte Hoteles","article_publisher":"https:\/\/www.facebook.com\/HotelesFuerte","article_modified_time":"2023-01-16T07:38:54+00:00","og_image":[{"width":1920,"height":540,"url":"https:\/\/dev.fuertehoteles.com\/wp-content\/uploads\/2021\/12\/cabecera-recursos-humanos-2.jpg","type":"image\/jpeg"}],"twitter_card":"summary_large_image","twitter_site":"@fuertehoteles","twitter_misc":{"Dur\u00e9e de lecture estim\u00e9e":"1 minute"},"schema":{"@context":"https:\/\/schema.org","@graph":[{"@type":"WebSite","@id":"https:\/\/dev.fuertehoteles.com\/#website","url":"https:\/\/dev.fuertehoteles.com\/","name":"Fuerte Hoteles","description":"","potentialAction":[{"@type":"SearchAction","target":{"@type":"EntryPoint","urlTemplate":"https:\/\/dev.fuertehoteles.com\/?s={search_term_string}"},"query-input":"required name=search_term_string"}],"inLanguage":"fr-FR"},{"@type":"WebPage","@id":"https:\/\/dev.fuertehoteles.com\/fr\/corporate\/travaillez-avec-nous\/","url":"https:\/\/dev.fuertehoteles.com\/fr\/corporate\/travaillez-avec-nous\/","name":"Contactez Ressources humaines y Travaillez chez Fuerte Group Hotels","isPartOf":{"@id":"https:\/\/dev.fuertehoteles.com\/#website"},"datePublished":"2021-12-09T08:39:46+00:00","dateModified":"2023-01-16T07:38:54+00:00","description":"Envoyez votre curriculum et commencez \u00e0 travailler chez Fuerte Group Hotels. Contactez Ressources humaines et trouvez votre offre d'emploi.","breadcrumb":{"@id":"https:\/\/dev.fuertehoteles.com\/fr\/corporate\/travaillez-avec-nous\/#breadcrumb"},"inLanguage":"fr-FR","potentialAction":[{"@type":"ReadAction","target":["https:\/\/dev.fuertehoteles.com\/fr\/corporate\/travaillez-avec-nous\/"]}]},{"@type":"BreadcrumbList","@id":"https:\/\/dev.fuertehoteles.com\/fr\/corporate\/travaillez-avec-nous\/#breadcrumb","itemListElement":[{"@type":"ListItem","position":1,"name":"Portada","item":"https:\/\/dev.fuertehoteles.com\/fr\/"},{"@type":"ListItem","position":2,"name":"Corporate","item":"https:\/\/dev.fuertehoteles.com\/fr\/corporate\/"},{"@type":"ListItem","position":3,"name":"Travaillez avec nous"}]}]}},"_links":{"self":[{"href":"https:\/\/dev.fuertehoteles.com\/fr\/wp-json\/wp\/v2\/pages\/4492","targetHints":{"allow":["GET"]}}],"collection":[{"href":"https:\/\/dev.fuertehoteles.com\/fr\/wp-json\/wp\/v2\/pages"}],"about":[{"href":"https:\/\/dev.fuertehoteles.com\/fr\/wp-json\/wp\/v2\/types\/page"}],"author":[{"embeddable":true,"href":"https:\/\/dev.fuertehoteles.com\/fr\/wp-json\/wp\/v2\/users\/6"}],"replies":[{"embeddable":true,"href":"https:\/\/dev.fuertehoteles.com\/fr\/wp-json\/wp\/v2\/comments?post=4492"}],"version-history":[{"count":5,"href":"https:\/\/dev.fuertehoteles.com\/fr\/wp-json\/wp\/v2\/pages\/4492\/revisions"}],"predecessor-version":[{"id":148771,"href":"https:\/\/dev.fuertehoteles.com\/fr\/wp-json\/wp\/v2\/pages\/4492\/revisions\/148771"}],"up":[{"embeddable":true,"href":"https:\/\/dev.fuertehoteles.com\/fr\/wp-json\/wp\/v2\/pages\/4262"}],"wp:featuredmedia":[{"embeddable":true,"href":"https:\/\/dev.fuertehoteles.com\/fr\/wp-json\/wp\/v2\/media\/4062"}],"wp:attachment":[{"href":"https:\/\/dev.fuertehoteles.com\/fr\/wp-json\/wp\/v2\/media?parent=4492"}],"curies":[{"name":"wp","href":"https:\/\/api.w.org\/{rel}","templated":true}]}}