{"id":4483,"date":"2021-12-09T09:37:44","date_gmt":"2021-12-09T08:37:44","guid":{"rendered":"https:\/\/dev.fuertehoteles.com\/corporate\/proveedores\/"},"modified":"2021-12-20T12:43:59","modified_gmt":"2021-12-20T11:43:59","slug":"fournisseurs","status":"publish","type":"page","link":"https:\/\/dev.fuertehoteles.com\/fr\/corporate\/fournisseurs\/","title":{"rendered":"Fournisseurs"},"content":{"rendered":"[vc_row css=\u00a0\u00bb.vc_custom_1632998957774{margin-bottom: 30px !important;}\u00a0\u00bb][vc_column][vc_column_text]\n<p style=\"text-align: center;\">La s\u00e9lection soign\u00e9e de ses fournisseurs constitue un facteur important dans le respect de l\u2019engagement du\u00a0<strong>Fuerte Group Hotels<\/strong>\u00a0\u00e0 offrir \u00e0 ses clients des produits d\u2019excellente qualit\u00e9, en accord avec leurs besoins sp\u00e9cifiques. Le succ\u00e8s de cette entreprise d\u00e9pend en grande partie de l\u2019engrenage parfait entre le service donn\u00e9 par nos d\u00e9partements et ceux de nos fournisseurs, voil\u00e0 pourquoi nous avons d\u00e9velopp\u00e9 une organisation des achats intelligente et efficace, avec des employ\u00e9s tr\u00e8s qualifi\u00e9s et motiv\u00e9s.<\/p>\n[\/vc_column_text][\/vc_column][\/vc_row][vc_row css=\u00a0\u00bb.vc_custom_1632998296127{margin-bottom: 30px !important;}\u00a0\u00bb][vc_column][vc_column_text]\n<h2>Politique<\/h2>\n[\/vc_column_text][vc_column_text css_animation=\u00a0\u00bbnone\u00a0\u00bb el_class=\u00a0\u00bbfh-corporate-content-divider\u00a0\u00bb]\n<hr \/>\n[\/vc_column_text][vc_column_text]Le d\u00e9partement des achats a une importance singuli\u00e8re au sein du\u00a0<strong>Fuerte Group Hotels<\/strong>, ainsi qu\u2019un impact dans notre portfolio de produits. Plus la gestion des achats sera efficace, meilleurs seront nos produits. En suivant ce principe, nous essayons de tisser des liens forts au travail avec nos fournisseurs\u2009; une alliance qui nous permet d\u2019atteindre et de d\u00e9passer les demandes de nos clients et d\u2019affronter les d\u00e9fis du march\u00e9.[\/vc_column_text][\/vc_column][\/vc_row][vc_row css=\u00a0\u00bb.vc_custom_1632998585282{margin-bottom: 30px !important;}\u00a0\u00bb][vc_column][vc_column_text]\n<h2>Objectifs<\/h2>\n[\/vc_column_text][vc_column_text css_animation=\u00a0\u00bbnone\u00a0\u00bb el_class=\u00a0\u00bbfh-corporate-content-divider\u00a0\u00bb]\n<hr \/>\n[\/vc_column_text][vc_column_text]Notre objectif est de satisfaire les besoins de nos clients. Nous nous effor\u00e7ons tout le temps de rechercher les meilleurs produits, afin de pouvoir offrir une qualit\u00e9 maximale \u00e0 nos clients.<\/p>\n<p>Les achats du\u00a0<strong>Fuerte Group Hotels<\/strong>\u00a0sont effectu\u00e9s en suivant une\u00a0<strong>proc\u00e9dure exhaustive<\/strong>\u00a0reposant sur les devis annuels de plusieurs fournisseurs (respectant la r\u00e9glementation et la l\u00e9gislation en vigueur) pour chaque produit et dans le choix de ceux ayant le meilleur rapport qualit\u00e9\/prix. Une fois les exigences ant\u00e9rieures en mati\u00e8re de choix des fournisseurs respect\u00e9es, on \u00e9valuera aussi le service, du\u00a0<strong>Fuerte Group Hotels<\/strong>, la collaboration commerciale du groupe, et enfin les crit\u00e8res environnementaux.<\/p>\n<p>Dans la s\u00e9lection des fournisseurs pr\u00e9vaudra toujours en premier lieu l\u2019int\u00e9r\u00eat de l\u2019entreprise. \u00c0 l\u2019exclusion des cadeaux commerciaux et des invitations en t\u00e9moignage de remerciements approuv\u00e9s par la direction, la<strong>\u00a0politique du Fuerte Group Hotels est de ne pas offrir et de ne pas recevoir de cadeaux<\/strong>\u00a0ou de compensations dans le but de convaincre ou de r\u00e9compenser fournisseurs, qui peuvent avoir une influence directe sur le d\u00e9veloppement de la relation commerciale ou administrative avec ces personnes ou entit\u00e9s.[\/vc_column_text][\/vc_column][\/vc_row][vc_row][vc_column][vc_column_text]\n<h2>Enregistrez-vous en tant que fournisseur potentiel du\u00a0Fuerte Group Hotels<\/h2>\n[\/vc_column_text][vc_column_text css_animation=\u00a0\u00bbnone\u00a0\u00bb el_class=\u00a0\u00bbfh-corporate-content-divider\u00a0\u00bb]\n<hr \/>\n[\/vc_column_text][vc_column_text]Si vous souhaitez devenir un fournisseur du\u00a0<strong>Fuerte Group Hotels<\/strong>, envoyez-nous les donn\u00e9es de votre entreprise \u00e0\u00a0<a href=\"mailto:compras@fuerte-group.com\">compras@fuerte-group.com<\/a>.[\/vc_column_text][\/vc_column][\/vc_row]\n","protected":false},"excerpt":{"rendered":"<p>[vc_row css=\u00a0\u00bb.vc_custom_1632998957774{margin-bottom: 30px !important;}\u00a0\u00bb][vc_column][vc_column_text] La s\u00e9lection soign\u00e9e de ses fournisseurs constitue un facteur important dans le respect de l\u2019engagement du\u00a0Fuerte Group Hotels\u00a0\u00e0 offrir \u00e0 ses clients des produits d\u2019excellente qualit\u00e9, en accord avec leurs besoins sp\u00e9cifiques. Le succ\u00e8s de cette entreprise d\u00e9pend en grande partie de l\u2019engrenage parfait entre le service donn\u00e9 par nos d\u00e9partements<\/p>\n","protected":false},"author":6,"featured_media":4056,"parent":4262,"menu_order":0,"comment_status":"closed","ping_status":"closed","template":"templates\/corporate-subpages.php","meta":{"footnotes":""},"class_list":["post-4483","page","type-page","status-publish","hentry"],"yoast_head":"<!-- This site is optimized with the Yoast SEO plugin v19.4 - https:\/\/yoast.com\/wordpress\/plugins\/seo\/ -->\n<title>Fournisseurs | Fuerte Group Hotels Andalousie<\/title>\n<meta name=\"description\" content=\"La s\u00e9lection soign\u00e9e de ses fournisseurs constitue un facteur important dans le respect de l&#039;engagement du Fuerte Group Hotels.\" \/>\n<meta name=\"robots\" content=\"noindex, follow, max-snippet:-1, max-image-preview:large, max-video-preview:-1\" \/>\n<meta property=\"og:locale\" content=\"fr_FR\" \/>\n<meta property=\"og:type\" content=\"article\" \/>\n<meta property=\"og:title\" content=\"Fournisseurs | Fuerte Group Hotels Andalousie\" \/>\n<meta property=\"og:description\" content=\"La s\u00e9lection soign\u00e9e de ses fournisseurs constitue un facteur important dans le respect de l&#039;engagement du Fuerte Group Hotels.\" \/>\n<meta property=\"og:url\" content=\"https:\/\/dev.fuertehoteles.com\/fr\/corporate\/fournisseurs\/\" \/>\n<meta property=\"og:site_name\" content=\"Fuerte Hoteles\" \/>\n<meta property=\"article:publisher\" content=\"https:\/\/www.facebook.com\/HotelesFuerte\" \/>\n<meta property=\"article:modified_time\" content=\"2021-12-20T11:43:59+00:00\" \/>\n<meta property=\"og:image\" content=\"https:\/\/dev.fuertehoteles.com\/wp-content\/uploads\/2021\/12\/cabecera-proveedores.jpg\" \/>\n\t<meta property=\"og:image:width\" content=\"1920\" \/>\n\t<meta property=\"og:image:height\" content=\"540\" \/>\n\t<meta property=\"og:image:type\" content=\"image\/jpeg\" \/>\n<meta name=\"twitter:card\" content=\"summary_large_image\" \/>\n<meta name=\"twitter:site\" content=\"@fuertehoteles\" \/>\n<meta name=\"twitter:label1\" content=\"Dur\u00e9e de lecture estim\u00e9e\" \/>\n\t<meta name=\"twitter:data1\" content=\"3 minutes\" \/>\n<script type=\"application\/ld+json\" class=\"yoast-schema-graph\">{\"@context\":\"https:\/\/schema.org\",\"@graph\":[{\"@type\":\"WebSite\",\"@id\":\"https:\/\/dev.fuertehoteles.com\/#website\",\"url\":\"https:\/\/dev.fuertehoteles.com\/\",\"name\":\"Fuerte Hoteles\",\"description\":\"\",\"potentialAction\":[{\"@type\":\"SearchAction\",\"target\":{\"@type\":\"EntryPoint\",\"urlTemplate\":\"https:\/\/dev.fuertehoteles.com\/?s={search_term_string}\"},\"query-input\":\"required name=search_term_string\"}],\"inLanguage\":\"fr-FR\"},{\"@type\":\"WebPage\",\"@id\":\"https:\/\/dev.fuertehoteles.com\/fr\/corporate\/fournisseurs\/\",\"url\":\"https:\/\/dev.fuertehoteles.com\/fr\/corporate\/fournisseurs\/\",\"name\":\"Fournisseurs | Fuerte Group Hotels Andalousie\",\"isPartOf\":{\"@id\":\"https:\/\/dev.fuertehoteles.com\/#website\"},\"datePublished\":\"2021-12-09T08:37:44+00:00\",\"dateModified\":\"2021-12-20T11:43:59+00:00\",\"description\":\"La s\u00e9lection soign\u00e9e de ses fournisseurs constitue un facteur important dans le respect de l'engagement du Fuerte Group Hotels.\",\"breadcrumb\":{\"@id\":\"https:\/\/dev.fuertehoteles.com\/fr\/corporate\/fournisseurs\/#breadcrumb\"},\"inLanguage\":\"fr-FR\",\"potentialAction\":[{\"@type\":\"ReadAction\",\"target\":[\"https:\/\/dev.fuertehoteles.com\/fr\/corporate\/fournisseurs\/\"]}]},{\"@type\":\"BreadcrumbList\",\"@id\":\"https:\/\/dev.fuertehoteles.com\/fr\/corporate\/fournisseurs\/#breadcrumb\",\"itemListElement\":[{\"@type\":\"ListItem\",\"position\":1,\"name\":\"Portada\",\"item\":\"https:\/\/dev.fuertehoteles.com\/fr\/\"},{\"@type\":\"ListItem\",\"position\":2,\"name\":\"Corporate\",\"item\":\"https:\/\/dev.fuertehoteles.com\/fr\/corporate\/\"},{\"@type\":\"ListItem\",\"position\":3,\"name\":\"Fournisseurs\"}]}]}<\/script>\n<!-- \/ Yoast SEO plugin. -->","yoast_head_json":{"title":"Fournisseurs | Fuerte Group Hotels Andalousie","description":"La s\u00e9lection soign\u00e9e de ses fournisseurs constitue un facteur important dans le respect de l'engagement du Fuerte Group Hotels.","robots":{"index":"noindex","follow":"follow","max-snippet":"max-snippet:-1","max-image-preview":"max-image-preview:large","max-video-preview":"max-video-preview:-1"},"og_locale":"fr_FR","og_type":"article","og_title":"Fournisseurs | Fuerte Group Hotels Andalousie","og_description":"La s\u00e9lection soign\u00e9e de ses fournisseurs constitue un facteur important dans le respect de l'engagement du Fuerte Group Hotels.","og_url":"https:\/\/dev.fuertehoteles.com\/fr\/corporate\/fournisseurs\/","og_site_name":"Fuerte Hoteles","article_publisher":"https:\/\/www.facebook.com\/HotelesFuerte","article_modified_time":"2021-12-20T11:43:59+00:00","og_image":[{"width":1920,"height":540,"url":"https:\/\/dev.fuertehoteles.com\/wp-content\/uploads\/2021\/12\/cabecera-proveedores.jpg","type":"image\/jpeg"}],"twitter_card":"summary_large_image","twitter_site":"@fuertehoteles","twitter_misc":{"Dur\u00e9e de lecture estim\u00e9e":"3 minutes"},"schema":{"@context":"https:\/\/schema.org","@graph":[{"@type":"WebSite","@id":"https:\/\/dev.fuertehoteles.com\/#website","url":"https:\/\/dev.fuertehoteles.com\/","name":"Fuerte Hoteles","description":"","potentialAction":[{"@type":"SearchAction","target":{"@type":"EntryPoint","urlTemplate":"https:\/\/dev.fuertehoteles.com\/?s={search_term_string}"},"query-input":"required name=search_term_string"}],"inLanguage":"fr-FR"},{"@type":"WebPage","@id":"https:\/\/dev.fuertehoteles.com\/fr\/corporate\/fournisseurs\/","url":"https:\/\/dev.fuertehoteles.com\/fr\/corporate\/fournisseurs\/","name":"Fournisseurs | Fuerte Group Hotels Andalousie","isPartOf":{"@id":"https:\/\/dev.fuertehoteles.com\/#website"},"datePublished":"2021-12-09T08:37:44+00:00","dateModified":"2021-12-20T11:43:59+00:00","description":"La s\u00e9lection soign\u00e9e de ses fournisseurs constitue un facteur important dans le respect de l'engagement du Fuerte Group Hotels.","breadcrumb":{"@id":"https:\/\/dev.fuertehoteles.com\/fr\/corporate\/fournisseurs\/#breadcrumb"},"inLanguage":"fr-FR","potentialAction":[{"@type":"ReadAction","target":["https:\/\/dev.fuertehoteles.com\/fr\/corporate\/fournisseurs\/"]}]},{"@type":"BreadcrumbList","@id":"https:\/\/dev.fuertehoteles.com\/fr\/corporate\/fournisseurs\/#breadcrumb","itemListElement":[{"@type":"ListItem","position":1,"name":"Portada","item":"https:\/\/dev.fuertehoteles.com\/fr\/"},{"@type":"ListItem","position":2,"name":"Corporate","item":"https:\/\/dev.fuertehoteles.com\/fr\/corporate\/"},{"@type":"ListItem","position":3,"name":"Fournisseurs"}]}]}},"_links":{"self":[{"href":"https:\/\/dev.fuertehoteles.com\/fr\/wp-json\/wp\/v2\/pages\/4483","targetHints":{"allow":["GET"]}}],"collection":[{"href":"https:\/\/dev.fuertehoteles.com\/fr\/wp-json\/wp\/v2\/pages"}],"about":[{"href":"https:\/\/dev.fuertehoteles.com\/fr\/wp-json\/wp\/v2\/types\/page"}],"author":[{"embeddable":true,"href":"https:\/\/dev.fuertehoteles.com\/fr\/wp-json\/wp\/v2\/users\/6"}],"replies":[{"embeddable":true,"href":"https:\/\/dev.fuertehoteles.com\/fr\/wp-json\/wp\/v2\/comments?post=4483"}],"version-history":[{"count":2,"href":"https:\/\/dev.fuertehoteles.com\/fr\/wp-json\/wp\/v2\/pages\/4483\/revisions"}],"predecessor-version":[{"id":4488,"href":"https:\/\/dev.fuertehoteles.com\/fr\/wp-json\/wp\/v2\/pages\/4483\/revisions\/4488"}],"up":[{"embeddable":true,"href":"https:\/\/dev.fuertehoteles.com\/fr\/wp-json\/wp\/v2\/pages\/4262"}],"wp:featuredmedia":[{"embeddable":true,"href":"https:\/\/dev.fuertehoteles.com\/fr\/wp-json\/wp\/v2\/media\/4056"}],"wp:attachment":[{"href":"https:\/\/dev.fuertehoteles.com\/fr\/wp-json\/wp\/v2\/media?parent=4483"}],"curies":[{"name":"wp","href":"https:\/\/api.w.org\/{rel}","templated":true}]}}