{"id":4472,"date":"2021-12-09T08:57:32","date_gmt":"2021-12-09T07:57:32","guid":{"rendered":"https:\/\/dev.fuertehoteles.com\/corporate\/premios\/"},"modified":"2021-12-20T12:32:53","modified_gmt":"2021-12-20T11:32:53","slug":"prix","status":"publish","type":"page","link":"https:\/\/dev.fuertehoteles.com\/fr\/corporate\/prix\/","title":{"rendered":"Prix"},"content":{"rendered":"[vc_row css=\u00a0\u00bb.vc_custom_1632915635340{margin-bottom: 30px !important;}\u00a0\u00bb][vc_column][vc_column_text]\n<p style=\"text-align: center;\">La pr\u00e9occupation continuelle du\u00a0<strong>Fuerte Group Hotels<\/strong>\u00a0pour la qualit\u00e9 et l\u2019excellence de ses installations et services s\u2019est vue r\u00e9compens\u00e9e par le prestige, la confiance et l\u2019admiration, non seulement de nos clients, mais aussi d\u2019entreprises et d\u2019institutions du monde entier.<\/p>\n<p style=\"text-align: center;\">De nombreux audits externes et internes donnent leur aval \u00e0 ces r\u00e9sultats, mais les reconnaissances les plus gratifiantes accord\u00e9es \u00e0 notre groupe d\u2019entreprises proviennent de:<\/p>\n[\/vc_column_text][\/vc_column][\/vc_row][vc_row css=\u00a0\u00bb.vc_custom_1632910808010{margin-bottom: 30px !important;}\u00a0\u00bb][vc_column][vc_column_text]\n<h2>Prix et certifications environnementaux et RSE<\/h2>\n[\/vc_column_text][vc_column_text css_animation=\u00a0\u00bbnone\u00a0\u00bb el_class=\u00a0\u00bbfh-corporate-content-divider\u00a0\u00bb]\n<hr \/>\n[\/vc_column_text][vc_column_text]\n<h5>2015<\/h5>\n<ul>\n<li>Tous nos h\u00f4tels : Tripadvisor Greenleader.<\/li>\n<\/ul>\n<h5>2011<\/h5>\n<ul>\n<li>\u2022 Fuerte Hoteles se situe parmi les dix meilleurs h\u00f4tels \u00e9cologiquement durables au monde selon le tour op\u00e9rateur TUI.\u00a0<a href=\"http:\/\/www.diariosur.es\/v\/20110713\/turismo\/hoteles-cadena-fuerte-entre-20110713.html\" target=\"_blank\" rel=\"noopener\">Plus de renseignements.<\/a><\/li>\n<\/ul>\n<h5>2008<\/h5>\n<ul>\n<li>Fuerte Hoteles re\u00e7oit le drapeau AENOR pour sa Gestion environnementale.<\/li>\n<\/ul>\n<h5>2005<\/h5>\n<ul>\n<li>Prix Do\u00f1ana \u00e0 l\u2019Entreprise Durable (Ve \u00e9dition). Ce prix a \u00e9t\u00e9 d\u00e9cern\u00e9 par le Forum Do\u00f1ana \u00e0 l\u2019entreprise durable.<\/li>\n<\/ul>\n[\/vc_column_text][\/vc_column][\/vc_row][vc_row css=\u00a0\u00bb.vc_custom_1632910808010{margin-bottom: 30px !important;}\u00a0\u00bb][vc_column][vc_column_text]\n<h2>Prix et labels de qualit\u00e9<\/h2>\n[\/vc_column_text][vc_column_text css_animation=\u00a0\u00bbnone\u00a0\u00bb el_class=\u00a0\u00bbfh-corporate-content-divider\u00a0\u00bb]\n<hr \/>\n[\/vc_column_text][vc_column_text]\n<h5><strong>2014<\/strong><\/h5>\n<ul>\n<li>Fuerte Hoteles : prix d\u2019excellence de Booking.com avec une note moyenne de 8,5 dans ses \u00e9tablissements.<\/li>\n<li>Tous nos h\u00f4tels re\u00e7oivent le certificat d\u2019excellence TripAdvisor.<\/li>\n<li>Tous nos h\u00f4tels appartiennent au HolidayCheck Quality Selection, qui r\u00e9compense les h\u00f4tels pour leur qualit\u00e9 et leur excellence selon les commentaires de leurs h\u00f4tes.<\/li>\n<\/ul>\n<h5>2013<\/h5>\n<ul>\n<li>Tous nos h\u00f4tels re\u00e7oivent le HolidayCheck Quality Selection.<\/li>\n<\/ul>\n<h5>2008<\/h5>\n<ul>\n<li>Tous nos h\u00f4tels appartiennent au HolidayCheck Quality Selection, qui r\u00e9compense les h\u00f4tels pour leur qualit\u00e9 et leur excellence selon les commentaires de leurs h\u00f4tes.<\/li>\n<\/ul>\n[\/vc_column_text][\/vc_column][\/vc_row][vc_row][vc_column][vc_column_text]\n<h2>Autres r\u00e9compenses et faits marquants de notre trajectoire<\/h2>\n[\/vc_column_text][vc_column_text css_animation=\u00a0\u00bbnone\u00a0\u00bb el_class=\u00a0\u00bbfh-corporate-content-divider\u00a0\u00bb]\n<hr \/>\n[\/vc_column_text][vc_column_text]\n<h5>2017<\/h5>\n<ul>\n<li>Fuerte Group Hotels re\u00e7oit le prix de l\u2019innovation pour le projet Am\u00e0re des XXes Prix du commerce et du concours d\u2019\u00e9talages de la vieille ville de Marbella, organis\u00e9s par l\u2019Association des commer\u00e7ants et des professionnels de la vieille ville de Marbella (Acoprocamar).<\/li>\n<\/ul>\n<h5>2016<\/h5>\n<ul>\n<li>Fuerte Group Hotels re\u00e7oit une distinction lors des prix AEHCOS comme un hommage \u00e0 sa participation \u00e0 la fondation de l\u2019Association des entrepreneurs h\u00f4teliers de la Costa del Sol.<\/li>\n<li>Le Fuerte Group Hotels re\u00e7oit le prix de la Trajectoire d\u2019Entreprise de l\u2019ABC de S\u00e9ville, un prix que conc\u00e8de la rubrique \u00e9conomie avec le soutien du Banco Sabadell et qui r\u00e9compense l\u2019entreprise comme l\u2019une des rares cha\u00eenes h\u00f4teli\u00e8res avec des capitaux massivement andalous.<\/li>\n<li>La campagne d\u2019\u00e9t\u00e9 de l\u2019Am\u00e0re Marbella Beach Hotel est prim\u00e9e dans les cat\u00e9gories \u00ab\u2009Meilleure cr\u00e9ativit\u00e9 en mati\u00e8re de campagne publicitaire et interactive\u2009\u00bb et \u00ab\u2009Meilleur marketing en ligne\u2009\u00bb. R\u00e9alis\u00e9e par l\u2019agence Lim\u00f3n Publicidad, elle a \u00e9t\u00e9 prim\u00e9e lors des Luxury Awards, festival de publicit\u00e9 du luxe et des marques Premium.<\/li>\n<li>Produite par l\u2019agence Lim\u00f3n Publicidad, la campagne de No\u00ebl de Fuerte Group Hoteles est r\u00e9compens\u00e9e dans les cat\u00e9gories de \u00ab\u2009Meilleure animation dans un spot web\u2009\u00bb et \u00ab\u2009Meilleure cr\u00e9ativit\u00e9 dans l\u2019animation\u2009\u00bb lors de la VIe \u00c9dition du Festival europ\u00e9en de la publicit\u00e9 et l\u2019humour Smile Festival.<\/li>\n<li>Fuerte Hoteles signe son adh\u00e9sion au Code \u00e9thique mondial du tourisme de l\u2019OMT, ainsi qu\u2019au R\u00e9seau espagnol du Pacte mondial des Nations Unies. Ce sont des cadres fondamentaux de r\u00e9f\u00e9rence pour un tourisme responsable et durable, reposant sur un ensemble de principes \u00e9thiques dans le domaine des droits de l\u2019homme, des normes au travail, de l\u2019environnement et de la lutte contre la corruption, en lien avec les Objectifs de d\u00e9veloppement durable (ODD). Fuerte Hoteles a particip\u00e9 ensuite \u00e0 un projet coordonn\u00e9 par les deux organisations \u2013 le r\u00e9seau espagnol du Pacte mondial et l\u2019Organisation du Tourisme : Tourisme responsable, l\u2019engagement de tous avec d\u2019autres entit\u00e9s espagnoles, pour souligner le r\u00f4le des entreprises touristiques dans la r\u00e9alisation des ODD et d\u00e9velopper des pratiques de responsabilit\u00e9 sociale d\u2019entreprise. Le 19 septembre, un site a \u00e9t\u00e9 lanc\u00e9 avec une e-publication, des vid\u00e9os de t\u00e9moignages et un recensement des bonnes pratiques.<\/li>\n<\/ul>\n<h5>2014<\/h5>\n<ul>\n<li>Fuerte Hoteles est la cha\u00eene la plus influente de l\u2019Andalousie sur Twitter, selon l\u2019\u00e9tude \u00ab\u2009Top Hotel Brands in Spain\u2009\u00bb.<\/li>\n<\/ul>\n<h5>2012<\/h5>\n<ul>\n<li>Prix Andalucia Management (cat\u00e9gorie de la responsabilit\u00e9 sociale).<\/li>\n<\/ul>\n<h5>2011<\/h5>\n<ul>\n<li>Fuerte Hoteles : prix \u00ab\u2009Entreprise socialement responsable\u2009\u00bb, que d\u00e9cerne la Diputaci\u00f3n de Malaga (gouvernement de la province) et qui reconna\u00eet les entit\u00e9s qui mettent en place des codes \u00e9thiques de conduite et de responsabilit\u00e9 sociale.<\/li>\n<\/ul>\n<h5>2010<\/h5>\n<ul>\n<li>Isabel M\u00aa Garc\u00eda (pr\u00e9sidente) est reconnue pour sa \u00ab\u2009Trajectoire professionnelle dans le Tourisme sur la Costa del Sol\u2009\u00bb, par l\u2019Association des Entrepreneurs h\u00f4teliers de la Costa del Sol (AEHCOS).<\/li>\n<li>Isabel M\u00aa Garc\u00eda re\u00e7oit des mains du Pr\u00e9sident de la Junta de Andaluc\u00eda, M. Jos\u00e9 Antonio Gri\u00f1\u00e1n, la M\u00e9daille de l\u2019Andalousie, r\u00e9compensant sa trajectoire professionnelle.<\/li>\n<li>Prix de \u00ab\u2009l\u2019Ordre au M\u00e9rite h\u00f4telier\u2009\u00bb d\u00e9cern\u00e9 par le Comit\u00e9 ex\u00e9cutif de la Conf\u00e9d\u00e9ration espagnole des H\u00f4tels et des H\u00e9bergements touristiques (CEHAT) lors du congr\u00e8s des entrepreneurs h\u00f4teliers espagnols qui a eu lieu \u00e0 Saint-Jacques-de-Compostelle.<\/li>\n<\/ul>\n<h5>2009<\/h5>\n<ul>\n<li>Ier Prix SUR.ES au meilleur site web.<\/li>\n<li>Isabel M\u00aa Garc\u00eda obtient le Prix Clara Campoamor, une distinction que remet le Parti socialiste ouvrier espagnol pour comm\u00e9morer la Journ\u00e9e internationale de la Femme et qui a f\u00eat\u00e9 cette ann\u00e9e sa XVe \u00e9dition.<\/li>\n<li>Isabel M\u00aa Garc\u00eda re\u00e7oit le IIe prix Victoria, une distinction remise par l\u2019Association des Femmes professionnelles et Entrepreneurs de Malaga (Amupema) \u00e0 une femme qui se distingue pour son travail r\u00e9alis\u00e9 dans les domaines social, \u00e9conomique ou intellectuel au niveau international.<\/li>\n<\/ul>\n<h5>2008<\/h5>\n<ul>\n<li>L\u2019Association des Femmes professionnelles et Entrepreneurs de Malaga conc\u00e8de \u00e0 notre Pr\u00e9sidente le Prix Victoria lors de sa deuxi\u00e8me \u00e9dition.<\/li>\n<\/ul>\n<h5>2007<\/h5>\n<ul>\n<li>Isabel M\u00aa Garc\u00eda est M\u00e9daille d\u2019or du travail.<\/li>\n<li>Remise d\u2019une plaque de la part de la mairie de Marbella et de l\u2019Apyme \u00e0 Jos\u00e9 Luque, reconnaissant sa trajectoire d\u00e9di\u00e9e au tourisme, le Jour du Tourisme.<\/li>\n<\/ul>\n<h5>2006<\/h5>\n<ul>\n<li>Ier Prix Strat\u00e9gie internationale de l\u2019Entreprise Touristique 2006, remis par les \u00e9tudiants de troisi\u00e8me ann\u00e9e du dipl\u00f4me de Tourisme dans le cadre de la mati\u00e8re \u00ab\u2009Strat\u00e9gie internationale des Entreprises Touristiques\u2009\u00bb, c\u00e9r\u00e9monie organis\u00e9e par le d\u00e9partement de Direction des entreprises touristiques et marketing de la facult\u00e9 des sciences de l\u2019entreprise de l\u2019universit\u00e9 de Huelva.<\/li>\n<li>Prix du Tourisme de l\u2019Andalousie 2006 d\u00e9livr\u00e9 par la Junta de Andaluc\u00eda, le Gouvernement autonome de l\u2019Andalousie (dans la cat\u00e9gorie d\u2019excellence en mati\u00e8re de gestion, comme leader andalou dans le domaine commercial, en raison du soin apport\u00e9 \u00e0 la formation, de son souci de la qualit\u00e9 du service et de sa promotion du respect du cadre et de l\u2019environnement).<\/li>\n<\/ul>\n<h5>2005<\/h5>\n<ul>\n<li>Prix Famille-Entreprise province de Malaga, par la chaire d\u2019entreprise familiale de l\u2019Institut international San Telmo.<\/li>\n<\/ul>\n<h5>2003<\/h5>\n<ul>\n<li>Prix Trajan \u00e0 la meilleure initiative jeune andalouse pour Fuerte Hoteles.<\/li>\n<\/ul>\n<h5>2002<\/h5>\n<ul>\n<li>Fuerte Hoteles est nomm\u00e9e meilleure entreprise de Marbella par le Centre d\u2019initiative touristique de Marbella.<\/li>\n<\/ul>\n<h5>1999<\/h5>\n<ul>\n<li>Fuerte Hoteles est finaliste des prix entrepreneurs 1998 d\u00e9cern\u00e9s par Cinco D\u00edas et Ernst &amp; Young et est nomm\u00e9e meilleure entreprise de la province de Malaga par la revue Actualidad Econ\u00f3mica.<\/li>\n<\/ul>\n<h5>1998<\/h5>\n<ul>\n<li>Fuerte Hoteles re\u00e7oit le drapeau de l\u2019Andalousie (distinction d\u00e9cern\u00e9e par la Junta de Andaluc\u00eda) pour son investissement dans le projet de Conil de la Frontera.<\/li>\n<\/ul>\n[\/vc_column_text][\/vc_column][\/vc_row]\n","protected":false},"excerpt":{"rendered":"<p>[vc_row css=\u00a0\u00bb.vc_custom_1632915635340{margin-bottom: 30px !important;}\u00a0\u00bb][vc_column][vc_column_text] La pr\u00e9occupation continuelle du\u00a0Fuerte Group Hotels\u00a0pour la qualit\u00e9 et l\u2019excellence de ses installations et services s\u2019est vue r\u00e9compens\u00e9e par le prestige, la confiance et l\u2019admiration, non seulement de nos clients, mais aussi d\u2019entreprises et d\u2019institutions du monde entier. De nombreux audits externes et internes donnent leur aval \u00e0 ces r\u00e9sultats, mais<\/p>\n","protected":false},"author":6,"featured_media":4020,"parent":4262,"menu_order":0,"comment_status":"closed","ping_status":"closed","template":"templates\/corporate-subpages.php","meta":{"footnotes":""},"class_list":["post-4472","page","type-page","status-publish","hentry"],"yoast_head":"<!-- This site is optimized with the Yoast SEO plugin v19.4 - https:\/\/yoast.com\/wordpress\/plugins\/seo\/ -->\n<title>Prix du Fuerte Group Hotels Andalousie<\/title>\n<meta name=\"description\" content=\"Toutes les valeurs et le prestige de Fuerte. Les Prix gagn\u00e9s par le Fuerte Group Hotels tout au long de 60 ans d&#039;histoire\" \/>\n<meta name=\"robots\" content=\"noindex, follow, max-snippet:-1, max-image-preview:large, max-video-preview:-1\" \/>\n<meta property=\"og:locale\" content=\"fr_FR\" \/>\n<meta property=\"og:type\" content=\"article\" \/>\n<meta property=\"og:title\" content=\"Prix du Fuerte Group Hotels Andalousie\" \/>\n<meta property=\"og:description\" content=\"Toutes les valeurs et le prestige de Fuerte. Les Prix gagn\u00e9s par le Fuerte Group Hotels tout au long de 60 ans d&#039;histoire\" \/>\n<meta property=\"og:url\" content=\"https:\/\/dev.fuertehoteles.com\/fr\/corporate\/prix\/\" \/>\n<meta property=\"og:site_name\" content=\"Fuerte Hoteles\" \/>\n<meta property=\"article:publisher\" content=\"https:\/\/www.facebook.com\/HotelesFuerte\" \/>\n<meta property=\"article:modified_time\" content=\"2021-12-20T11:32:53+00:00\" \/>\n<meta property=\"og:image\" content=\"https:\/\/dev.fuertehoteles.com\/wp-content\/uploads\/2021\/12\/cabecera-premios-2.jpg\" \/>\n\t<meta property=\"og:image:width\" content=\"1920\" \/>\n\t<meta property=\"og:image:height\" content=\"540\" \/>\n\t<meta property=\"og:image:type\" content=\"image\/jpeg\" \/>\n<meta name=\"twitter:card\" content=\"summary_large_image\" \/>\n<meta name=\"twitter:site\" content=\"@fuertehoteles\" \/>\n<meta name=\"twitter:label1\" content=\"Dur\u00e9e de lecture estim\u00e9e\" \/>\n\t<meta name=\"twitter:data1\" content=\"5 minutes\" \/>\n<script type=\"application\/ld+json\" class=\"yoast-schema-graph\">{\"@context\":\"https:\/\/schema.org\",\"@graph\":[{\"@type\":\"WebSite\",\"@id\":\"https:\/\/dev.fuertehoteles.com\/#website\",\"url\":\"https:\/\/dev.fuertehoteles.com\/\",\"name\":\"Fuerte Hoteles\",\"description\":\"\",\"potentialAction\":[{\"@type\":\"SearchAction\",\"target\":{\"@type\":\"EntryPoint\",\"urlTemplate\":\"https:\/\/dev.fuertehoteles.com\/?s={search_term_string}\"},\"query-input\":\"required name=search_term_string\"}],\"inLanguage\":\"fr-FR\"},{\"@type\":\"WebPage\",\"@id\":\"https:\/\/dev.fuertehoteles.com\/fr\/corporate\/prix\/\",\"url\":\"https:\/\/dev.fuertehoteles.com\/fr\/corporate\/prix\/\",\"name\":\"Prix du Fuerte Group Hotels Andalousie\",\"isPartOf\":{\"@id\":\"https:\/\/dev.fuertehoteles.com\/#website\"},\"datePublished\":\"2021-12-09T07:57:32+00:00\",\"dateModified\":\"2021-12-20T11:32:53+00:00\",\"description\":\"Toutes les valeurs et le prestige de Fuerte. Les Prix gagn\u00e9s par le Fuerte Group Hotels tout au long de 60 ans d'histoire\",\"breadcrumb\":{\"@id\":\"https:\/\/dev.fuertehoteles.com\/fr\/corporate\/prix\/#breadcrumb\"},\"inLanguage\":\"fr-FR\",\"potentialAction\":[{\"@type\":\"ReadAction\",\"target\":[\"https:\/\/dev.fuertehoteles.com\/fr\/corporate\/prix\/\"]}]},{\"@type\":\"BreadcrumbList\",\"@id\":\"https:\/\/dev.fuertehoteles.com\/fr\/corporate\/prix\/#breadcrumb\",\"itemListElement\":[{\"@type\":\"ListItem\",\"position\":1,\"name\":\"Portada\",\"item\":\"https:\/\/dev.fuertehoteles.com\/fr\/\"},{\"@type\":\"ListItem\",\"position\":2,\"name\":\"Corporate\",\"item\":\"https:\/\/dev.fuertehoteles.com\/fr\/corporate\/\"},{\"@type\":\"ListItem\",\"position\":3,\"name\":\"Prix\"}]}]}<\/script>\n<!-- \/ Yoast SEO plugin. -->","yoast_head_json":{"title":"Prix du Fuerte Group Hotels Andalousie","description":"Toutes les valeurs et le prestige de Fuerte. Les Prix gagn\u00e9s par le Fuerte Group Hotels tout au long de 60 ans d'histoire","robots":{"index":"noindex","follow":"follow","max-snippet":"max-snippet:-1","max-image-preview":"max-image-preview:large","max-video-preview":"max-video-preview:-1"},"og_locale":"fr_FR","og_type":"article","og_title":"Prix du Fuerte Group Hotels Andalousie","og_description":"Toutes les valeurs et le prestige de Fuerte. Les Prix gagn\u00e9s par le Fuerte Group Hotels tout au long de 60 ans d'histoire","og_url":"https:\/\/dev.fuertehoteles.com\/fr\/corporate\/prix\/","og_site_name":"Fuerte Hoteles","article_publisher":"https:\/\/www.facebook.com\/HotelesFuerte","article_modified_time":"2021-12-20T11:32:53+00:00","og_image":[{"width":1920,"height":540,"url":"https:\/\/dev.fuertehoteles.com\/wp-content\/uploads\/2021\/12\/cabecera-premios-2.jpg","type":"image\/jpeg"}],"twitter_card":"summary_large_image","twitter_site":"@fuertehoteles","twitter_misc":{"Dur\u00e9e de lecture estim\u00e9e":"5 minutes"},"schema":{"@context":"https:\/\/schema.org","@graph":[{"@type":"WebSite","@id":"https:\/\/dev.fuertehoteles.com\/#website","url":"https:\/\/dev.fuertehoteles.com\/","name":"Fuerte Hoteles","description":"","potentialAction":[{"@type":"SearchAction","target":{"@type":"EntryPoint","urlTemplate":"https:\/\/dev.fuertehoteles.com\/?s={search_term_string}"},"query-input":"required name=search_term_string"}],"inLanguage":"fr-FR"},{"@type":"WebPage","@id":"https:\/\/dev.fuertehoteles.com\/fr\/corporate\/prix\/","url":"https:\/\/dev.fuertehoteles.com\/fr\/corporate\/prix\/","name":"Prix du Fuerte Group Hotels Andalousie","isPartOf":{"@id":"https:\/\/dev.fuertehoteles.com\/#website"},"datePublished":"2021-12-09T07:57:32+00:00","dateModified":"2021-12-20T11:32:53+00:00","description":"Toutes les valeurs et le prestige de Fuerte. Les Prix gagn\u00e9s par le Fuerte Group Hotels tout au long de 60 ans d'histoire","breadcrumb":{"@id":"https:\/\/dev.fuertehoteles.com\/fr\/corporate\/prix\/#breadcrumb"},"inLanguage":"fr-FR","potentialAction":[{"@type":"ReadAction","target":["https:\/\/dev.fuertehoteles.com\/fr\/corporate\/prix\/"]}]},{"@type":"BreadcrumbList","@id":"https:\/\/dev.fuertehoteles.com\/fr\/corporate\/prix\/#breadcrumb","itemListElement":[{"@type":"ListItem","position":1,"name":"Portada","item":"https:\/\/dev.fuertehoteles.com\/fr\/"},{"@type":"ListItem","position":2,"name":"Corporate","item":"https:\/\/dev.fuertehoteles.com\/fr\/corporate\/"},{"@type":"ListItem","position":3,"name":"Prix"}]}]}},"_links":{"self":[{"href":"https:\/\/dev.fuertehoteles.com\/fr\/wp-json\/wp\/v2\/pages\/4472","targetHints":{"allow":["GET"]}}],"collection":[{"href":"https:\/\/dev.fuertehoteles.com\/fr\/wp-json\/wp\/v2\/pages"}],"about":[{"href":"https:\/\/dev.fuertehoteles.com\/fr\/wp-json\/wp\/v2\/types\/page"}],"author":[{"embeddable":true,"href":"https:\/\/dev.fuertehoteles.com\/fr\/wp-json\/wp\/v2\/users\/6"}],"replies":[{"embeddable":true,"href":"https:\/\/dev.fuertehoteles.com\/fr\/wp-json\/wp\/v2\/comments?post=4472"}],"version-history":[{"count":3,"href":"https:\/\/dev.fuertehoteles.com\/fr\/wp-json\/wp\/v2\/pages\/4472\/revisions"}],"predecessor-version":[{"id":4480,"href":"https:\/\/dev.fuertehoteles.com\/fr\/wp-json\/wp\/v2\/pages\/4472\/revisions\/4480"}],"up":[{"embeddable":true,"href":"https:\/\/dev.fuertehoteles.com\/fr\/wp-json\/wp\/v2\/pages\/4262"}],"wp:featuredmedia":[{"embeddable":true,"href":"https:\/\/dev.fuertehoteles.com\/fr\/wp-json\/wp\/v2\/media\/4020"}],"wp:attachment":[{"href":"https:\/\/dev.fuertehoteles.com\/fr\/wp-json\/wp\/v2\/media?parent=4472"}],"curies":[{"name":"wp","href":"https:\/\/api.w.org\/{rel}","templated":true}]}}