{"id":4463,"date":"2021-12-09T08:40:51","date_gmt":"2021-12-09T07:40:51","guid":{"rendered":"https:\/\/dev.fuertehoteles.com\/corporate\/nuestras-diferencias\/"},"modified":"2021-12-20T12:11:58","modified_gmt":"2021-12-20T11:11:58","slug":"notre-philosophie","status":"publish","type":"page","link":"https:\/\/dev.fuertehoteles.com\/fr\/corporate\/notre-philosophie\/","title":{"rendered":"Notre philosophie"},"content":{"rendered":"[vc_row css=\u00a0\u00bb.vc_custom_1632911189236{margin-bottom: 30px !important;}\u00a0\u00bb][vc_column][vc_column_text]\n<h2>Notre philosophie<\/h2>\n[\/vc_column_text][vc_column_text css_animation=\u00a0\u00bbnone\u00a0\u00bb el_class=\u00a0\u00bbfh-corporate-content-divider\u00a0\u00bb]\n<hr \/>\n[\/vc_column_text][vc_column_text]<strong>Nous prenons soin des personnes tout en respectant l\u2019environnement<\/strong>. Le respect de l\u2019environnement porte notre marque de qualit\u00e9.[\/vc_column_text][\/vc_column][\/vc_row][vc_row css=\u00a0\u00bb.vc_custom_1632901945536{margin-bottom: 30px !important;}\u00a0\u00bb][vc_column][vc_column_text]\n<h2>Localisation privil\u00e9gi\u00e9e<\/h2>\n[\/vc_column_text][vc_column_text css_animation=\u00a0\u00bbnone\u00a0\u00bb el_class=\u00a0\u00bbfh-corporate-content-divider\u00a0\u00bb]\n<hr \/>\n[\/vc_column_text][vc_column_text]Votre privil\u00e8ge, nos localisations.<\/p>\n<p><a title=\"Hotel Fuerte Marbella\" href=\"https:\/\/www.fuertehoteles.com\/fr\/hotel\/fuerte-marbella\/lhotel\/\" target=\"_blank\" rel=\"noopener\">H\u00f4tel Fuerte Marbella<\/a>\u00a0et\u00a0<a title=\"Hotel Fuerte Miramar\" href=\"http:\/\/www.amarehotels.com\/fr\/amare-marbella\" target=\"_blank\" rel=\"noopener\">Am\u00e0re\u00a0Beach Hotel Marbella<\/a>, pr\u00e8s du centre historique de Marbella et en premi\u00e8re ligne de plage.<\/p>\n<p><a title=\"Hotel Fuerte Conil - Costa Luz\" href=\"https:\/\/www.fuertehoteles.com\/fr\/hotel\/resort-fuerte-conil-costaluz\/lhotel\/\" target=\"_blank\" rel=\"noopener\">Fuerte Conil \u2013 Resort<\/a>, en premi\u00e8re ligne de plage, pr\u00e8s du typique village de p\u00eacheurs de Conil de la Frontera.<\/p>\n<p><a title=\"Hotel Fuerte Grazalema\" href=\"https:\/\/www.fuertehoteles.com\/fr\/hotel\/fuerte-grazalema\/lhotel\/\" target=\"_blank\" rel=\"noopener\">H\u00f4tel Fuerte Grazalema<\/a>, dans le Parc Naturel de la Sierra de Grazalema et \u00e0 quelques kilom\u00e8tres de Ronda.<\/p>\n<p><a title=\"Hotel Fuerte El Rompido\" href=\"https:\/\/www.fuertehoteles.com\/fr\/hotel\/fuerte-rompido-cartaya\/lhotel\/\" target=\"_blank\" rel=\"noopener\">H\u00f4tel Fuerte El Rompido<\/a>, dans le site naturel de la rivi\u00e8re Piedras y flecha d\u2019El Rompido, pr\u00e8s du typique village de p\u00eacheurs El Rompido.<\/p>\n<p><a title=\"Appartements Fuerte Calaceite\" href=\"https:\/\/www.fuertehoteles.com\/fr\/apartments\/fuerte-calaceite-torrox-nerja\/appartements\/\" target=\"_blank\" rel=\"noopener\">Ol\u00e9e Nerja Holiday Rentals<\/a>, pr\u00e8s de la plage, avec une vue spectaculaire sur la M\u00e9diterran\u00e9e, dans le village de Torrox, r\u00e9put\u00e9 pour avoir le meilleur climat d\u2019Europe.<\/p>\n<p><a href=\"https:\/\/www.amarehotels.com\/fr\/amare-ibiza\/\" target=\"_blank\" rel=\"noopener\">Am\u00e0re Beach Hotel Ibiza<\/a>, situ\u00e9 sur le front de mer, face \u00e0 la magnifique crique de Bou dans la baie de San Antonio \u00e0 Ibiza.[\/vc_column_text][\/vc_column][\/vc_row][vc_row css=\u00a0\u00bb.vc_custom_1632901945536{margin-bottom: 30px !important;}\u00a0\u00bb][vc_column][vc_column_text]\n<h2>Accueil chaleureux<\/h2>\n[\/vc_column_text][vc_column_text css_animation=\u00a0\u00bbnone\u00a0\u00bb el_class=\u00a0\u00bbfh-corporate-content-divider\u00a0\u00bb]\n<hr \/>\n[\/vc_column_text][vc_column_text]Nous appartenons \u00e0 cette famille, par cons\u00e9quent en tant que groupe humain, nous pratiquons l\u2019\u00e9galit\u00e9 et la communication en d\u00e9veloppant le travail en \u00e9quipe dans le but de satisfaire tous les besoins de nos clients.[\/vc_column_text][\/vc_column][\/vc_row][vc_row css=\u00a0\u00bb.vc_custom_1632901945536{margin-bottom: 30px !important;}\u00a0\u00bb][vc_column][vc_column_text]\n<h2>Gastronomie locale<\/h2>\n[\/vc_column_text][vc_column_text css_animation=\u00a0\u00bbnone\u00a0\u00bb el_class=\u00a0\u00bbfh-corporate-content-divider\u00a0\u00bb]\n<hr \/>\n[\/vc_column_text][vc_column_text]En plus d\u2019un d\u00e9licieux \u00e9chantillon de plats internationaux, nos restaurants vous proposent \u00e9galement de d\u00e9guster une s\u00e9lection des meilleurs plats et produits r\u00e9gionaux d\u2019Andalousie, sains et \u00e9cologiques.[\/vc_column_text][\/vc_column][\/vc_row][vc_row css=\u00a0\u00bb.vc_custom_1632901945536{margin-bottom: 30px !important;}\u00a0\u00bb][vc_column][vc_column_text]\n<h2>Environnement<\/h2>\n[\/vc_column_text][vc_column_text css_animation=\u00a0\u00bbnone\u00a0\u00bb el_class=\u00a0\u00bbfh-corporate-content-divider\u00a0\u00bb]\n<hr \/>\n[\/vc_column_text][vc_column_text]Il existe au total 563 R\u00e9serves de la Biosph\u00e8re dans le monde, dont 40 se trouvent en Espagne, en occupant ainsi la troisi\u00e8me place au niveau mondial. L\u2019Andalousie est la communaut\u00e9 avec un plus grand nombre, neuf au total (plus de 40 % de la surface d\u2019Espagne).<\/p>\n<p>Nos h\u00f4tels se trouvent \u00e0 un pas de six de ces r\u00e9serves Andalouses:<\/p>\n<p><a title=\"Hotel Fuerte Marbella\" href=\"https:\/\/www.fuertehoteles.com\/fr\/hotel\/fuerte-marbella\/lhotel\/\" target=\"_blank\" rel=\"noopener\">H\u00f4tel Fuerte Marbella<\/a>\u00a0et H\u00f4tel Fuerte Miramar (maintenant\u00a0<a href=\"http:\/\/www.amarehotels.com\/fr\/\" target=\"_blank\" rel=\"noopener\">Am\u00e0re Marbella Beach H\u00f4tel<\/a>), \u00e0 8 km de la Sierra de las Nieves et ses alentours, aussi pr\u00e8s, \u00e0 20 km, se trouve Fuerte Estepona ; le Parc Naturel de la Sierra de Grazalema est situ\u00e9 \u00e0 5 km de l\u2019H\u00f4tel Fuerte Grazalema, Fuerte El Rompido se trouve \u00e0 15 km des Marais de l\u2019Odiel, 119 km des Dehesas (p\u00e2turages) de Sierra Morena et \u00e0 91 Km du Parc National de Do\u00f1ana ; et pour finir, les Appartements Fuerte Calaceite \u00e0 60 kilom\u00e8tres du Parc Naturel de Sierra Nevada.<\/p>\n<p><strong>Fuerte Group Hotels<\/strong>\u00a0est une entreprise qui se pr\u00e9occupe de son environnement, c\u2019est pourquoi, il base son activit\u00e9 sur le management environnemental du secteur qui, moyennant la norme ISO 14001, transf\u00e8re et r\u00e9pond aux pr\u00e9occupations de la soci\u00e9t\u00e9 actuelle de l\u2019environnement dans la gestion h\u00f4teli\u00e8re.<\/p>\n<p>N\u2019h\u00e9sitez pas \u00e0 nous envoyer vos suggestions pour am\u00e9liorer les mesures environnementales de nos h\u00f4tels, \u00e0 :\u00a0<a title=\"Sugerencias de mejora\" href=\"mailto:environmental@fuertehoteles.com\" target=\"_blank\" rel=\"noopener\">environmental@fuertehoteles.com<\/a>[\/vc_column_text][\/vc_column][\/vc_row][vc_row css=\u00a0\u00bb.vc_custom_1632901945536{margin-bottom: 30px !important;}\u00a0\u00bb][vc_column][vc_column_text]\n<h2>Notre histoire<\/h2>\n[\/vc_column_text][vc_column_text css_animation=\u00a0\u00bbnone\u00a0\u00bb el_class=\u00a0\u00bbfh-corporate-content-divider\u00a0\u00bb]\n<hr \/>\n[\/vc_column_text][vc_column_text]Notre tradition de services de qualit\u00e9 \u00e0 nos h\u00f4tes, vient d\u2019une longue\u00a0<a title=\"Histoire\" href=\"https:\/\/www.fuertehoteles.com\/fr\/grupo-el-fuerte\/histoire\/\" target=\"_blank\" rel=\"noopener\">histoire<\/a>, elle commence \u00a0avec l\u2019inauguration de l\u2019h\u00f4tel El Fuerte \u00e0 Marbella (actuellement\u00a0<strong>Fuerte Marbella<\/strong>), le 4 Juillet 1957.[\/vc_column_text][\/vc_column][\/vc_row][vc_row css=\u00a0\u00bb.vc_custom_1632901945536{margin-bottom: 30px !important;}\u00a0\u00bb][vc_column][vc_column_text]\n<h2>Qualit\u00e9 et reconnaissances<\/h2>\n[\/vc_column_text][vc_column_text css_animation=\u00a0\u00bbnone\u00a0\u00bb el_class=\u00a0\u00bbfh-corporate-content-divider\u00a0\u00bb]\n<hr \/>\n[\/vc_column_text][vc_column_text]La qualit\u00e9 est l\u2019un des principaux objectifs du\u00a0<strong>Fuerte Group Hotels<\/strong>. Pour atteindre l\u2019Excellence, nous portons une attention sp\u00e9ciale \u00e0 tous les processus impliqu\u00e9s dans chaque service. Les audits internes certifient l\u2019accomplissement des normes de qualit\u00e9, preuve de quoi les nombreux Prix et distinctions re\u00e7u tout au long de ces ann\u00e9es[\/vc_column_text][\/vc_column][\/vc_row][vc_row][vc_column][vc_column_text]\n<h2>Collaboration avec la Fondation Fuerte<\/h2>\n[\/vc_column_text][vc_column_text css_animation=\u00a0\u00bbnone\u00a0\u00bb el_class=\u00a0\u00bbfh-corporate-content-divider\u00a0\u00bb]\n<hr \/>\n[\/vc_column_text][vc_column_text]La\u00a0<a title=\"Fundaci\u00f3n Fuerte\" href=\"http:\/\/www.fundacionfuerte.org\/\" target=\"_blank\" rel=\"noopener\"><strong>Fondation Fuerte<\/strong><\/a>\u00a0est le fruit des valeurs qui, durant plus de 60 ans (depuis 1957), ont \u00e9t\u00e9 le point de r\u00e9f\u00e9rence pour l\u2019\u00e2me de cette famille entrepreneuse et innovatrice, et qui se synth\u00e9tise dans notre slogan \u00ab\u00a0Nous prenons soin des personnes, tout en respectant l\u2019environnement\u00a0\u00bb. La\u00a0<strong>Fondation Fuerte<\/strong>\u00a0tient son nom de notre premier h\u00f4tel,<\/p>\n<p>El Fuerte (actuellement Fuerte Marbella) a \u00e9t\u00e9 d\u00e9velopp\u00e9 par la Pr\u00e9sidente et les Membres du Conseil d\u2019Administration du\u00a0<strong>Fuerte Group Hotels<\/strong>. Sa mission se concentre sur les actions qui favorisent le d\u00e9veloppement social et culturel, aussi bien de nos h\u00f4tes que le personnel qui travaille chez nous.[\/vc_column_text][\/vc_column][\/vc_row]\n","protected":false},"excerpt":{"rendered":"<p>[vc_row css=\u00a0\u00bb.vc_custom_1632911189236{margin-bottom: 30px !important;}\u00a0\u00bb][vc_column][vc_column_text] Notre philosophie [\/vc_column_text][vc_column_text css_animation=\u00a0\u00bbnone\u00a0\u00bb el_class=\u00a0\u00bbfh-corporate-content-divider\u00a0\u00bb] [\/vc_column_text][vc_column_text]Nous prenons soin des personnes tout en respectant l\u2019environnement. Le respect de l\u2019environnement porte notre marque de qualit\u00e9.[\/vc_column_text][\/vc_column][\/vc_row][vc_row css=\u00a0\u00bb.vc_custom_1632901945536{margin-bottom: 30px !important;}\u00a0\u00bb][vc_column][vc_column_text] Localisation privil\u00e9gi\u00e9e [\/vc_column_text][vc_column_text css_animation=\u00a0\u00bbnone\u00a0\u00bb el_class=\u00a0\u00bbfh-corporate-content-divider\u00a0\u00bb] [\/vc_column_text][vc_column_text]Votre privil\u00e8ge, nos localisations. H\u00f4tel Fuerte Marbella\u00a0et\u00a0Am\u00e0re\u00a0Beach Hotel Marbella, pr\u00e8s du centre historique de Marbella et en premi\u00e8re ligne de<\/p>\n","protected":false},"author":6,"featured_media":4003,"parent":4262,"menu_order":0,"comment_status":"closed","ping_status":"closed","template":"templates\/corporate-subpages.php","meta":{"footnotes":""},"class_list":["post-4463","page","type-page","status-publish","hentry"],"yoast_head":"<!-- This site is optimized with the Yoast SEO plugin v19.4 - https:\/\/yoast.com\/wordpress\/plugins\/seo\/ -->\n<title>Fuerte Group, Notre philosophie, H\u00f4tels et Appartements Andalousie<\/title>\n<meta name=\"description\" content=\"Nous prenons soin des personnes tout en respectant l\u2019environnement. Le respect de l\u2019environnement porte notre marque de qualit\u00e9. Fuerte Group philosophie.\" \/>\n<meta name=\"robots\" content=\"noindex, follow, max-snippet:-1, max-image-preview:large, max-video-preview:-1\" \/>\n<meta property=\"og:locale\" content=\"fr_FR\" \/>\n<meta property=\"og:type\" content=\"article\" \/>\n<meta property=\"og:title\" content=\"Fuerte Group, Notre philosophie, H\u00f4tels et Appartements Andalousie\" \/>\n<meta property=\"og:description\" content=\"Nous prenons soin des personnes tout en respectant l\u2019environnement. Le respect de l\u2019environnement porte notre marque de qualit\u00e9. Fuerte Group philosophie.\" \/>\n<meta property=\"og:url\" content=\"https:\/\/dev.fuertehoteles.com\/fr\/corporate\/notre-philosophie\/\" \/>\n<meta property=\"og:site_name\" content=\"Fuerte Hoteles\" \/>\n<meta property=\"article:publisher\" content=\"https:\/\/www.facebook.com\/HotelesFuerte\" \/>\n<meta property=\"article:modified_time\" content=\"2021-12-20T11:11:58+00:00\" \/>\n<meta property=\"og:image\" content=\"https:\/\/dev.fuertehoteles.com\/wp-content\/uploads\/2021\/12\/cabecera-nuestras-diferencias.jpg\" \/>\n\t<meta property=\"og:image:width\" content=\"1920\" \/>\n\t<meta property=\"og:image:height\" content=\"540\" \/>\n\t<meta property=\"og:image:type\" content=\"image\/jpeg\" \/>\n<meta name=\"twitter:card\" content=\"summary_large_image\" \/>\n<meta name=\"twitter:site\" content=\"@fuertehoteles\" \/>\n<meta name=\"twitter:label1\" content=\"Dur\u00e9e de lecture estim\u00e9e\" \/>\n\t<meta name=\"twitter:data1\" content=\"5 minutes\" \/>\n<script type=\"application\/ld+json\" class=\"yoast-schema-graph\">{\"@context\":\"https:\/\/schema.org\",\"@graph\":[{\"@type\":\"WebSite\",\"@id\":\"https:\/\/dev.fuertehoteles.com\/#website\",\"url\":\"https:\/\/dev.fuertehoteles.com\/\",\"name\":\"Fuerte Hoteles\",\"description\":\"\",\"potentialAction\":[{\"@type\":\"SearchAction\",\"target\":{\"@type\":\"EntryPoint\",\"urlTemplate\":\"https:\/\/dev.fuertehoteles.com\/?s={search_term_string}\"},\"query-input\":\"required name=search_term_string\"}],\"inLanguage\":\"fr-FR\"},{\"@type\":\"WebPage\",\"@id\":\"https:\/\/dev.fuertehoteles.com\/fr\/corporate\/notre-philosophie\/\",\"url\":\"https:\/\/dev.fuertehoteles.com\/fr\/corporate\/notre-philosophie\/\",\"name\":\"Fuerte Group, Notre philosophie, H\u00f4tels et Appartements Andalousie\",\"isPartOf\":{\"@id\":\"https:\/\/dev.fuertehoteles.com\/#website\"},\"datePublished\":\"2021-12-09T07:40:51+00:00\",\"dateModified\":\"2021-12-20T11:11:58+00:00\",\"description\":\"Nous prenons soin des personnes tout en respectant l\u2019environnement. Le respect de l\u2019environnement porte notre marque de qualit\u00e9. Fuerte Group philosophie.\",\"breadcrumb\":{\"@id\":\"https:\/\/dev.fuertehoteles.com\/fr\/corporate\/notre-philosophie\/#breadcrumb\"},\"inLanguage\":\"fr-FR\",\"potentialAction\":[{\"@type\":\"ReadAction\",\"target\":[\"https:\/\/dev.fuertehoteles.com\/fr\/corporate\/notre-philosophie\/\"]}]},{\"@type\":\"BreadcrumbList\",\"@id\":\"https:\/\/dev.fuertehoteles.com\/fr\/corporate\/notre-philosophie\/#breadcrumb\",\"itemListElement\":[{\"@type\":\"ListItem\",\"position\":1,\"name\":\"Portada\",\"item\":\"https:\/\/dev.fuertehoteles.com\/fr\/\"},{\"@type\":\"ListItem\",\"position\":2,\"name\":\"Corporate\",\"item\":\"https:\/\/dev.fuertehoteles.com\/fr\/corporate\/\"},{\"@type\":\"ListItem\",\"position\":3,\"name\":\"Notre philosophie\"}]}]}<\/script>\n<!-- \/ Yoast SEO plugin. -->","yoast_head_json":{"title":"Fuerte Group, Notre philosophie, H\u00f4tels et Appartements Andalousie","description":"Nous prenons soin des personnes tout en respectant l\u2019environnement. Le respect de l\u2019environnement porte notre marque de qualit\u00e9. Fuerte Group philosophie.","robots":{"index":"noindex","follow":"follow","max-snippet":"max-snippet:-1","max-image-preview":"max-image-preview:large","max-video-preview":"max-video-preview:-1"},"og_locale":"fr_FR","og_type":"article","og_title":"Fuerte Group, Notre philosophie, H\u00f4tels et Appartements Andalousie","og_description":"Nous prenons soin des personnes tout en respectant l\u2019environnement. Le respect de l\u2019environnement porte notre marque de qualit\u00e9. Fuerte Group philosophie.","og_url":"https:\/\/dev.fuertehoteles.com\/fr\/corporate\/notre-philosophie\/","og_site_name":"Fuerte Hoteles","article_publisher":"https:\/\/www.facebook.com\/HotelesFuerte","article_modified_time":"2021-12-20T11:11:58+00:00","og_image":[{"width":1920,"height":540,"url":"https:\/\/dev.fuertehoteles.com\/wp-content\/uploads\/2021\/12\/cabecera-nuestras-diferencias.jpg","type":"image\/jpeg"}],"twitter_card":"summary_large_image","twitter_site":"@fuertehoteles","twitter_misc":{"Dur\u00e9e de lecture estim\u00e9e":"5 minutes"},"schema":{"@context":"https:\/\/schema.org","@graph":[{"@type":"WebSite","@id":"https:\/\/dev.fuertehoteles.com\/#website","url":"https:\/\/dev.fuertehoteles.com\/","name":"Fuerte Hoteles","description":"","potentialAction":[{"@type":"SearchAction","target":{"@type":"EntryPoint","urlTemplate":"https:\/\/dev.fuertehoteles.com\/?s={search_term_string}"},"query-input":"required name=search_term_string"}],"inLanguage":"fr-FR"},{"@type":"WebPage","@id":"https:\/\/dev.fuertehoteles.com\/fr\/corporate\/notre-philosophie\/","url":"https:\/\/dev.fuertehoteles.com\/fr\/corporate\/notre-philosophie\/","name":"Fuerte Group, Notre philosophie, H\u00f4tels et Appartements Andalousie","isPartOf":{"@id":"https:\/\/dev.fuertehoteles.com\/#website"},"datePublished":"2021-12-09T07:40:51+00:00","dateModified":"2021-12-20T11:11:58+00:00","description":"Nous prenons soin des personnes tout en respectant l\u2019environnement. Le respect de l\u2019environnement porte notre marque de qualit\u00e9. Fuerte Group philosophie.","breadcrumb":{"@id":"https:\/\/dev.fuertehoteles.com\/fr\/corporate\/notre-philosophie\/#breadcrumb"},"inLanguage":"fr-FR","potentialAction":[{"@type":"ReadAction","target":["https:\/\/dev.fuertehoteles.com\/fr\/corporate\/notre-philosophie\/"]}]},{"@type":"BreadcrumbList","@id":"https:\/\/dev.fuertehoteles.com\/fr\/corporate\/notre-philosophie\/#breadcrumb","itemListElement":[{"@type":"ListItem","position":1,"name":"Portada","item":"https:\/\/dev.fuertehoteles.com\/fr\/"},{"@type":"ListItem","position":2,"name":"Corporate","item":"https:\/\/dev.fuertehoteles.com\/fr\/corporate\/"},{"@type":"ListItem","position":3,"name":"Notre philosophie"}]}]}},"_links":{"self":[{"href":"https:\/\/dev.fuertehoteles.com\/fr\/wp-json\/wp\/v2\/pages\/4463","targetHints":{"allow":["GET"]}}],"collection":[{"href":"https:\/\/dev.fuertehoteles.com\/fr\/wp-json\/wp\/v2\/pages"}],"about":[{"href":"https:\/\/dev.fuertehoteles.com\/fr\/wp-json\/wp\/v2\/types\/page"}],"author":[{"embeddable":true,"href":"https:\/\/dev.fuertehoteles.com\/fr\/wp-json\/wp\/v2\/users\/6"}],"replies":[{"embeddable":true,"href":"https:\/\/dev.fuertehoteles.com\/fr\/wp-json\/wp\/v2\/comments?post=4463"}],"version-history":[{"count":2,"href":"https:\/\/dev.fuertehoteles.com\/fr\/wp-json\/wp\/v2\/pages\/4463\/revisions"}],"predecessor-version":[{"id":4468,"href":"https:\/\/dev.fuertehoteles.com\/fr\/wp-json\/wp\/v2\/pages\/4463\/revisions\/4468"}],"up":[{"embeddable":true,"href":"https:\/\/dev.fuertehoteles.com\/fr\/wp-json\/wp\/v2\/pages\/4262"}],"wp:featuredmedia":[{"embeddable":true,"href":"https:\/\/dev.fuertehoteles.com\/fr\/wp-json\/wp\/v2\/media\/4003"}],"wp:attachment":[{"href":"https:\/\/dev.fuertehoteles.com\/fr\/wp-json\/wp\/v2\/media?parent=4463"}],"curies":[{"name":"wp","href":"https:\/\/api.w.org\/{rel}","templated":true}]}}