{"id":4450,"date":"2021-12-09T09:01:00","date_gmt":"2021-12-09T08:01:00","guid":{"rendered":"https:\/\/dev.fuertehoteles.com\/corporate\/historia\/"},"modified":"2021-12-20T12:03:15","modified_gmt":"2021-12-20T11:03:15","slug":"histoire","status":"publish","type":"page","link":"https:\/\/dev.fuertehoteles.com\/fr\/corporate\/histoire\/","title":{"rendered":"Histoire"},"content":{"rendered":"[vc_row][vc_column][vc_column_text]Notre r\u00e9putation repose sur une tradition de service \u00e0 la client\u00e8le bas\u00e9e sur une longue histoire qui d\u00e9bute avec l\u2019<strong>H\u00f4tel Fuerte<\/strong>, qui fut inaugur\u00e9 \u00e0 Marbella le 4 Juillet 1957. Cet h\u00f4tel fut construit pr\u00e8s des restes \u00ab\u00a0<strong>El Fuerte de San Luis<\/strong>\u00a0\u00bb qui donna d\u2019ailleurs son nom \u00e0 notre premier \u00e9tablissement et \u00e0 notre compagnie. Tout au long de ces ann\u00e9es, la Forteresse de San Luis nous a accompagn\u00e9 et nous a transmis la force n\u00e9cessaire pour grandir et pour mieux la servir ; son r\u00e9cit constitue notre histoire que nous souhaitons partager avec vous:<\/p>\n<p>M.\u00a0<strong>Jos\u00e9 Luque Manzano<\/strong>\u00a0acheta ce terrain pour y construire le premier h\u00f4tel de Marbella, en supportant un grand risque. Cet entrepreneur, g\u00e9n\u00e9reux et plein d\u2019imagination, est n\u00e9 dans un village pr\u00e8s de S\u00e9ville, appel\u00e9 Estepa, o\u00f9 il \u00e9tait propri\u00e9taire d\u2019une usine de chocolat et un moulin d\u2019huile. Ses parents et ses amis consid\u00e9raient alors qu\u2019il avait abandonn\u00e9 une bonne position dans un village en plein d\u00e9veloppement, pour se lancer \u00e0 l\u2019aventure avec des perspectives d\u2019avenir incertaines.<\/p>\n<p>Mais le temps a donn\u00e9 raison \u00e0 M. Jos\u00e9. Le\u00a0<strong>15 Juillet 1957<\/strong>, M. Jos\u00e9 Luque Manzano inaugura le premier b\u00e2timent de l\u2019H\u00f4tel, qui se composait de 33 chambres et du premier ascenseur de la\u00a0<strong>Costa del Sol<\/strong>, en offrant un d\u00eener de gala \u00e0 500 invit\u00e9s.<\/p>\n<p>M. Jos\u00e9 d\u00e9c\u00e9dait en 1984, alors que la deuxi\u00e8me g\u00e9n\u00e9ration se chargeait de l\u2019h\u00f4tel, en l\u2019agrandissant et en le renouvelant. De nos jours, la compagnie, qui maintient ses liens de parent\u00e9, dispose de six h\u00f4tels qui conservent le style de service et le confort de ses installations, toujours en accord avec ses origines de la Marbella de l\u2019ann\u00e9e 1957 pr\u00e8s Del\u00a0<strong>Fuerte de San Luis<\/strong>.<\/p>\n<p>Lors de la c\u00e9l\u00e9bration de notre cinquanti\u00e8me anniversaire en 2007, le Groupe Fuerte comptait avec deux h\u00f4tels \u00e0\u00a0<strong>Conil<\/strong>, un \u00e0\u00a0<strong>Grazalema<\/strong>, l\u2019autre \u00e0\u00a0<strong>El Rompido<\/strong>, en plus d\u2019un second h\u00f4tel \u00e0\u00a0<strong>Marbella<\/strong>.<\/p>\n<p>Le premier h\u00f4tel de Conil, l\u2019H\u00f4tel\u00a0<strong>Fuerte Conil<\/strong>, fut inaugur\u00e9 le 12 f\u00e9vrier 1999. \u00c0 ses c\u00f4t\u00e9s, naissait le deuxi\u00e8me de la localit\u00e9, l\u2019H\u00f4tel\u00a0<strong>Fuerte Costaluz<\/strong>, qui fut inaugur\u00e9 le 17 mai 2004.\u00a0Des ann\u00e9es plus tard les deux sont constitu\u00e9s en un seul complexe,\u00a0<strong><a href=\"https:\/\/www.fuertehoteles.com\/fr\/hotel\/resort-fuerte-conil-costaluz\/lhotel\/\" target=\"_blank\" rel=\"noopener\">Hotel Fuerte Conil-Resort<\/a><\/strong>.<\/p>\n<p>Le deuxi\u00e8me h\u00f4tel de Marbella, l\u2019H\u00f4tel\u00a0<strong>Fuerte Miramar<\/strong>, maintenant appel\u00e9\u00a0<strong><a href=\"http:\/\/www.amarehotels.com\/fr\/\" target=\"_blank\" rel=\"noopener\">Amare Marbella<\/a><\/strong>, ouvrait ses portes en 2001.<\/p>\n<p>Le cadet de la famille, l\u2019H\u00f4tel\u00a0<strong><a href=\"https:\/\/www.fuertehoteles.com\/fr\/hotel\/fuerte-grazalema\/lhotel\/\" target=\"_blank\" rel=\"noopener\">Fuerte Grazalema<\/a><\/strong>, qui fut inaugur\u00e9 en f\u00e9vrier 2002, s\u2019\u00e9l\u00e8ve orgueilleux en plein c\u0153ur du\u00a0<strong>Parc Naturel de la Sierra de Grazalema<\/strong>.<\/p>\n<p>Puis, l\u2019H\u00f4tel\u00a0<strong><a href=\"https:\/\/www.fuertehoteles.com\/fr\/hotel\/fuerte-rompido-cartaya\/lhotel\/\" target=\"_blank\" rel=\"noopener\">Fuerte Rompido<\/a><\/strong>, en plein site naturel du fleuve Piedra et Flecha del Rompido. Il fut fond\u00e9 en 2005 et se trouve pratiquement sur le terrain de golf, en d\u00e9veloppant ainsi un nouveau concept d\u2019h\u00f4tellerie et en se ralliant \u00e0 la liste des h\u00f4tels \u00e0 d\u00e9veloppement durable de la cha\u00eene.<\/p>\n<p>Trois ans plus tard, en 2008, la construction des appartements Fuerte Calaceite (aujourd\u2019hui\u00a0<a href=\"https:\/\/www.oleeholidayrentals.com\/fr\/\" target=\"_blank\" rel=\"noopener\"><strong>Ol\u00e9e Nerja Holiday Rentals<\/strong><\/a>) a \u00e9t\u00e9 achev\u00e9e. Ce complexe d\u2019appartements est situ\u00e9 dans un environnement privil\u00e9gi\u00e9 entre Nerja et Torrox, r\u00e9put\u00e9 pour avoir le meilleur climat d\u2019Europe.<\/p>\n<p><strong><a href=\"http:\/\/www.secretsresorts.com\/st-james-montego-bay\" target=\"_blank\" rel=\"noopener\">H\u00f4tel Secrets Montego Bay<\/a><\/strong>\u00a0repr\u00e9sente l\u2019engagement international du groupe. Le groupe El Fuerte est co-promoteur avec d\u2019autres investisseurs et responsable de la direction du projet (Project Management) d\u2019un H\u00f4tel de luxe avec 700 chambres \u00e0\u00a0<strong>Montego Bay (Jama\u00efque)<\/strong>.<\/p>\n<p>En septembre 2017, le\u00a0<a href=\"http:\/\/www.breathlessresorts.com\/\"><strong>Breathless Montego Bay Spa &amp; Resort<\/strong><\/a>\u00a0a ouvert. Il s\u2019agit d\u2019un h\u00f4tel 5 \u00e9toiles qui propose le syst\u00e8me tout compris et qui dispose de 150 chambres, de 5 restaurants et de 3 bars.\u00a0L\u2019h\u00f4tel est situ\u00e9 \u00e0 Montego Bay (Jama\u00efque) et, avec les deux h\u00f4tels Secrets pr\u00e9c\u00e9dents, il forme un complexe touristique de 3 h\u00f4tels.<\/p>\n<p>La\u00a0<strong><a href=\"http:\/\/www.fundacionfuerte.org\/\" target=\"_blank\" rel=\"noopener\">Fondation Fuerte<\/a><\/strong>\u00a0(qui prend le nom de notre premier H\u00f4tel, El Fuerte), provient logiquement des valeurs que cette entreprise a su d\u00e9velopper tout au long de presque 50 ann\u00e9es (1957-2007).<\/p>\n<p><strong><a href=\"http:\/\/www.we-projectcompany.com\/\" target=\"_blank\" rel=\"noopener\">We<\/a><\/strong>.\u00a0Apr\u00e8s 15 ans d\u2019exp\u00e9rience dans la r\u00e9alisation de projets de restauration et de nouveaux<strong>\u00a0projets d\u2019architecture d\u2019int\u00e9rieur<\/strong>\u00a0entrepris par cette cha\u00eene, depuis 2003, on y r\u00e9alise \u00e9galement des projets pour des clients externes.[\/vc_column_text][\/vc_column][\/vc_row]\n","protected":false},"excerpt":{"rendered":"<p>[vc_row][vc_column][vc_column_text]Notre r\u00e9putation repose sur une tradition de service \u00e0 la client\u00e8le bas\u00e9e sur une longue histoire qui d\u00e9bute avec l\u2019H\u00f4tel Fuerte, qui fut inaugur\u00e9 \u00e0 Marbella le 4 Juillet 1957. Cet h\u00f4tel fut construit pr\u00e8s des restes \u00ab\u00a0El Fuerte de San Luis\u00a0\u00bb qui donna d\u2019ailleurs son nom \u00e0 notre premier \u00e9tablissement et \u00e0 notre compagnie.<\/p>\n","protected":false},"author":6,"featured_media":4026,"parent":4262,"menu_order":0,"comment_status":"closed","ping_status":"closed","template":"templates\/corporate-subpages.php","meta":{"footnotes":""},"class_list":["post-4450","page","type-page","status-publish","hentry"],"yoast_head":"<!-- This site is optimized with the Yoast SEO plugin v19.4 - https:\/\/yoast.com\/wordpress\/plugins\/seo\/ -->\n<title>Histoire du Fuerte Group Hotels de 1957 \u00e0 aujourd&#039;hui<\/title>\n<meta name=\"description\" content=\"Notre r\u00e9putation repose sur une tradition de service \u00e0 la client\u00e8le bas\u00e9e sur une longue histoire qui d\u00e9bute avec l&#039;H\u00f4tel Fuerte le 4 Juillet 1957.\" \/>\n<meta name=\"robots\" content=\"noindex, follow, max-snippet:-1, max-image-preview:large, max-video-preview:-1\" \/>\n<meta property=\"og:locale\" content=\"fr_FR\" \/>\n<meta property=\"og:type\" content=\"article\" \/>\n<meta property=\"og:title\" content=\"Histoire du Fuerte Group Hotels de 1957 \u00e0 aujourd&#039;hui\" \/>\n<meta property=\"og:description\" content=\"Notre r\u00e9putation repose sur une tradition de service \u00e0 la client\u00e8le bas\u00e9e sur une longue histoire qui d\u00e9bute avec l&#039;H\u00f4tel Fuerte le 4 Juillet 1957.\" \/>\n<meta property=\"og:url\" content=\"https:\/\/dev.fuertehoteles.com\/fr\/corporate\/histoire\/\" \/>\n<meta property=\"og:site_name\" content=\"Fuerte Hoteles\" \/>\n<meta property=\"article:publisher\" content=\"https:\/\/www.facebook.com\/HotelesFuerte\" \/>\n<meta property=\"article:modified_time\" content=\"2021-12-20T11:03:15+00:00\" \/>\n<meta property=\"og:image\" content=\"https:\/\/dev.fuertehoteles.com\/wp-content\/uploads\/2021\/12\/cabecera-historia.jpg\" \/>\n\t<meta property=\"og:image:width\" content=\"1920\" \/>\n\t<meta property=\"og:image:height\" content=\"540\" \/>\n\t<meta property=\"og:image:type\" content=\"image\/jpeg\" \/>\n<meta name=\"twitter:card\" content=\"summary_large_image\" \/>\n<meta name=\"twitter:site\" content=\"@fuertehoteles\" \/>\n<meta name=\"twitter:label1\" content=\"Dur\u00e9e de lecture estim\u00e9e\" \/>\n\t<meta name=\"twitter:data1\" content=\"4 minutes\" \/>\n<script type=\"application\/ld+json\" class=\"yoast-schema-graph\">{\"@context\":\"https:\/\/schema.org\",\"@graph\":[{\"@type\":\"WebSite\",\"@id\":\"https:\/\/dev.fuertehoteles.com\/#website\",\"url\":\"https:\/\/dev.fuertehoteles.com\/\",\"name\":\"Fuerte Hoteles\",\"description\":\"\",\"potentialAction\":[{\"@type\":\"SearchAction\",\"target\":{\"@type\":\"EntryPoint\",\"urlTemplate\":\"https:\/\/dev.fuertehoteles.com\/?s={search_term_string}\"},\"query-input\":\"required name=search_term_string\"}],\"inLanguage\":\"fr-FR\"},{\"@type\":\"WebPage\",\"@id\":\"https:\/\/dev.fuertehoteles.com\/fr\/corporate\/histoire\/\",\"url\":\"https:\/\/dev.fuertehoteles.com\/fr\/corporate\/histoire\/\",\"name\":\"Histoire du Fuerte Group Hotels de 1957 \u00e0 aujourd'hui\",\"isPartOf\":{\"@id\":\"https:\/\/dev.fuertehoteles.com\/#website\"},\"datePublished\":\"2021-12-09T08:01:00+00:00\",\"dateModified\":\"2021-12-20T11:03:15+00:00\",\"description\":\"Notre r\u00e9putation repose sur une tradition de service \u00e0 la client\u00e8le bas\u00e9e sur une longue histoire qui d\u00e9bute avec l'H\u00f4tel Fuerte le 4 Juillet 1957.\",\"breadcrumb\":{\"@id\":\"https:\/\/dev.fuertehoteles.com\/fr\/corporate\/histoire\/#breadcrumb\"},\"inLanguage\":\"fr-FR\",\"potentialAction\":[{\"@type\":\"ReadAction\",\"target\":[\"https:\/\/dev.fuertehoteles.com\/fr\/corporate\/histoire\/\"]}]},{\"@type\":\"BreadcrumbList\",\"@id\":\"https:\/\/dev.fuertehoteles.com\/fr\/corporate\/histoire\/#breadcrumb\",\"itemListElement\":[{\"@type\":\"ListItem\",\"position\":1,\"name\":\"Portada\",\"item\":\"https:\/\/dev.fuertehoteles.com\/fr\/\"},{\"@type\":\"ListItem\",\"position\":2,\"name\":\"Corporate\",\"item\":\"https:\/\/dev.fuertehoteles.com\/fr\/corporate\/\"},{\"@type\":\"ListItem\",\"position\":3,\"name\":\"Histoire\"}]}]}<\/script>\n<!-- \/ Yoast SEO plugin. -->","yoast_head_json":{"title":"Histoire du Fuerte Group Hotels de 1957 \u00e0 aujourd'hui","description":"Notre r\u00e9putation repose sur une tradition de service \u00e0 la client\u00e8le bas\u00e9e sur une longue histoire qui d\u00e9bute avec l'H\u00f4tel Fuerte le 4 Juillet 1957.","robots":{"index":"noindex","follow":"follow","max-snippet":"max-snippet:-1","max-image-preview":"max-image-preview:large","max-video-preview":"max-video-preview:-1"},"og_locale":"fr_FR","og_type":"article","og_title":"Histoire du Fuerte Group Hotels de 1957 \u00e0 aujourd'hui","og_description":"Notre r\u00e9putation repose sur une tradition de service \u00e0 la client\u00e8le bas\u00e9e sur une longue histoire qui d\u00e9bute avec l'H\u00f4tel Fuerte le 4 Juillet 1957.","og_url":"https:\/\/dev.fuertehoteles.com\/fr\/corporate\/histoire\/","og_site_name":"Fuerte Hoteles","article_publisher":"https:\/\/www.facebook.com\/HotelesFuerte","article_modified_time":"2021-12-20T11:03:15+00:00","og_image":[{"width":1920,"height":540,"url":"https:\/\/dev.fuertehoteles.com\/wp-content\/uploads\/2021\/12\/cabecera-historia.jpg","type":"image\/jpeg"}],"twitter_card":"summary_large_image","twitter_site":"@fuertehoteles","twitter_misc":{"Dur\u00e9e de lecture estim\u00e9e":"4 minutes"},"schema":{"@context":"https:\/\/schema.org","@graph":[{"@type":"WebSite","@id":"https:\/\/dev.fuertehoteles.com\/#website","url":"https:\/\/dev.fuertehoteles.com\/","name":"Fuerte Hoteles","description":"","potentialAction":[{"@type":"SearchAction","target":{"@type":"EntryPoint","urlTemplate":"https:\/\/dev.fuertehoteles.com\/?s={search_term_string}"},"query-input":"required name=search_term_string"}],"inLanguage":"fr-FR"},{"@type":"WebPage","@id":"https:\/\/dev.fuertehoteles.com\/fr\/corporate\/histoire\/","url":"https:\/\/dev.fuertehoteles.com\/fr\/corporate\/histoire\/","name":"Histoire du Fuerte Group Hotels de 1957 \u00e0 aujourd'hui","isPartOf":{"@id":"https:\/\/dev.fuertehoteles.com\/#website"},"datePublished":"2021-12-09T08:01:00+00:00","dateModified":"2021-12-20T11:03:15+00:00","description":"Notre r\u00e9putation repose sur une tradition de service \u00e0 la client\u00e8le bas\u00e9e sur une longue histoire qui d\u00e9bute avec l'H\u00f4tel Fuerte le 4 Juillet 1957.","breadcrumb":{"@id":"https:\/\/dev.fuertehoteles.com\/fr\/corporate\/histoire\/#breadcrumb"},"inLanguage":"fr-FR","potentialAction":[{"@type":"ReadAction","target":["https:\/\/dev.fuertehoteles.com\/fr\/corporate\/histoire\/"]}]},{"@type":"BreadcrumbList","@id":"https:\/\/dev.fuertehoteles.com\/fr\/corporate\/histoire\/#breadcrumb","itemListElement":[{"@type":"ListItem","position":1,"name":"Portada","item":"https:\/\/dev.fuertehoteles.com\/fr\/"},{"@type":"ListItem","position":2,"name":"Corporate","item":"https:\/\/dev.fuertehoteles.com\/fr\/corporate\/"},{"@type":"ListItem","position":3,"name":"Histoire"}]}]}},"_links":{"self":[{"href":"https:\/\/dev.fuertehoteles.com\/fr\/wp-json\/wp\/v2\/pages\/4450","targetHints":{"allow":["GET"]}}],"collection":[{"href":"https:\/\/dev.fuertehoteles.com\/fr\/wp-json\/wp\/v2\/pages"}],"about":[{"href":"https:\/\/dev.fuertehoteles.com\/fr\/wp-json\/wp\/v2\/types\/page"}],"author":[{"embeddable":true,"href":"https:\/\/dev.fuertehoteles.com\/fr\/wp-json\/wp\/v2\/users\/6"}],"replies":[{"embeddable":true,"href":"https:\/\/dev.fuertehoteles.com\/fr\/wp-json\/wp\/v2\/comments?post=4450"}],"version-history":[{"count":3,"href":"https:\/\/dev.fuertehoteles.com\/fr\/wp-json\/wp\/v2\/pages\/4450\/revisions"}],"predecessor-version":[{"id":4461,"href":"https:\/\/dev.fuertehoteles.com\/fr\/wp-json\/wp\/v2\/pages\/4450\/revisions\/4461"}],"up":[{"embeddable":true,"href":"https:\/\/dev.fuertehoteles.com\/fr\/wp-json\/wp\/v2\/pages\/4262"}],"wp:featuredmedia":[{"embeddable":true,"href":"https:\/\/dev.fuertehoteles.com\/fr\/wp-json\/wp\/v2\/media\/4026"}],"wp:attachment":[{"href":"https:\/\/dev.fuertehoteles.com\/fr\/wp-json\/wp\/v2\/media?parent=4450"}],"curies":[{"name":"wp","href":"https:\/\/api.w.org\/{rel}","templated":true}]}}