{"id":4441,"date":"2021-12-09T09:35:36","date_gmt":"2021-12-09T08:35:36","guid":{"rendered":"https:\/\/dev.fuertehoteles.com\/corporate\/fuerte-experiencias\/"},"modified":"2021-12-20T11:45:22","modified_gmt":"2021-12-20T10:45:22","slug":"fuerte-experiencias","status":"publish","type":"page","link":"https:\/\/dev.fuertehoteles.com\/fr\/corporate\/fuerte-experiencias\/","title":{"rendered":"Fuerte Experiencias"},"content":{"rendered":"[vc_row][vc_column][vc_column_text]\n<h2>Plus qu\u2019un voyage, une exp\u00e9rience<\/h2>\n[\/vc_column_text][vc_column_text css_animation=\u00a0\u00bbnone\u00a0\u00bb el_class=\u00a0\u00bbfh-corporate-content-divider\u00a0\u00bb]\n<hr \/>\n[\/vc_column_text][vc_column_text]Voyager ne se r\u00e9sume pas seulement \u00e0 la visite d\u2019une destination. Chez\u00a0<strong>Fuerte Hoteles<\/strong>, nous voulons que vous viviez une exp\u00e9rience authentique en Andalousie. Partagez ses traditions, d\u00e9couvrez les secrets de sa gastronomie, profitez de ses habitants et admirez la richesse de son patrimoine artistique et de ses tr\u00e9sors naturels.<\/p>\n<p>Voil\u00e0 ce qui est \u00e0 l\u2019origine du programme\u00a0<strong>Exp\u00e9riences Fuerte.\u00a0<\/strong>Un ensemble d\u2019activit\u00e9s pour les adultes et les enfants avec lesquelles nous offrons l\u2019opportunit\u00e9 de d\u00e9couvrir diff\u00e9rents traits de la culture et de l\u2019environnement de nos \u00e9tablissements, ainsi que les caract\u00e9ristiques de nos mesures \u00e9cologiquement durables.<\/p>\n<p>Parmi les activit\u00e9s pour d\u00e9couvrir le cadre, vous retrouverez\u00a0<strong>l\u2019Itin\u00e9raire \u00e9co-responsable\u00a0<\/strong>ou<strong>\u00a0l\u2019Itin\u00e9raire botanique, la visite\u00a0<\/strong>de nos\u00a0<strong>potagers bio<\/strong>\u00a0et de la\u00a0<strong>Ferme de Grazalema<\/strong>, pour que vous d\u00e9couvriez les initiatives environnementales implant\u00e9es dans nos h\u00f4tels o\u00f9 les plus petits profitent avec la flore et le faune locales.<\/p>\n<p>Et afin d\u2019observer des animaux dans leur habitat, rien ne vaut nos activit\u00e9s au contact de la nature via des\u00a0<strong>itin\u00e9raires \u00e0 v\u00e9lo<\/strong>, des randonn\u00e9es,\u00a0<strong>des balades en segway<\/strong>\u00a0ou\u00a0<strong>en cano\u00eb-kayak\u00a0<\/strong>dans des parcs naturels uniques.<\/p>\n<p>S\u2019il est important de d\u00e9couvrir le cadre naturel, c\u2019est aussi le cas pour l\u2019environnement culturel, nous vous proposons donc\u00a0<strong>des visites guid\u00e9es afin que\u00a0<\/strong>vous fassiez la connaissance du centre historique des plus embl\u00e9matiques villages andalous.<\/p>\n<p>La gastronomie est un autre de nos \u00ab\u2009plats de r\u00e9sistance\u2009\u00bb. Voil\u00e0 pourquoi nous organisons\u00a0<strong>des d\u00e9gustations d\u2019huile et de vin,\u00a0<\/strong>des ateliers de pr\u00e9paration de\u00a0<strong>sangria et autres cocktails\u00a0<\/strong>et nous montrons \u00e0 nos h\u00f4tes comment pr\u00e9parer chez eux leur propre\u00a0<strong>gaspacho<\/strong>.<\/p>\n<p>Laissez-vous envo\u00fbter par le g\u00e9nie du\u00a0<strong>flamenco<\/strong>\u00a0et de nos f\u00eates pleines de couleurs et de joie \u00e0 travers nos h\u00f4tels face \u00e0 la mer et qui sont plong\u00e9s dans des paysages uniques.<\/p>\n<p>D\u00e9couvrez le charme du Sud gr\u00e2ce \u00e0 Fuerte Hoteles\u00a0:<\/p>\n<p><a title=\"Fuerte Marbella\" href=\"https:\/\/www.fuertehoteles.com\/fr\/hotel\/fuerte-marbella\/activites-loisirs\/\" target=\"_blank\" rel=\"noopener\">Fuerte Marbella<\/a><br \/>\n<a title=\"Fuerte Grazalema\" href=\"https:\/\/www.fuertehoteles.com\/fr\/hotel\/fuerte-grazalema\/activites-et-loisirs\/\" target=\"_blank\" rel=\"noopener\">Fuerte Grazalema<\/a><br \/>\n<a title=\"Fuerte Conil-Costa Luz\" href=\"https:\/\/www.fuertehoteles.com\/fr\/hotel\/resort-fuerte-conil-costaluz\/activites-loisirs\/\" target=\"_blank\" rel=\"noopener\">Fuerte Conil-Resort<\/a><br \/>\n<a title=\"Fuerte El Rompido\" href=\"https:\/\/www.fuertehoteles.com\/fr\/hotel\/fuerte-rompido-cartaya\/activites-loisirs\/\" target=\"_blank\" rel=\"noopener\">Fuerte El Rompido<\/a>[\/vc_column_text][\/vc_column][\/vc_row]\n","protected":false},"excerpt":{"rendered":"<p>[vc_row][vc_column][vc_column_text] Plus qu\u2019un voyage, une exp\u00e9rience [\/vc_column_text][vc_column_text css_animation=\u00a0\u00bbnone\u00a0\u00bb el_class=\u00a0\u00bbfh-corporate-content-divider\u00a0\u00bb] [\/vc_column_text][vc_column_text]Voyager ne se r\u00e9sume pas seulement \u00e0 la visite d\u2019une destination. Chez\u00a0Fuerte Hoteles, nous voulons que vous viviez une exp\u00e9rience authentique en Andalousie. Partagez ses traditions, d\u00e9couvrez les secrets de sa gastronomie, profitez de ses habitants et admirez la richesse de son patrimoine artistique et de<\/p>\n","protected":false},"author":6,"featured_media":4050,"parent":4262,"menu_order":0,"comment_status":"closed","ping_status":"closed","template":"templates\/corporate-subpages.php","meta":{"footnotes":""},"class_list":["post-4441","page","type-page","status-publish","hentry"],"yoast_head":"<!-- This site is optimized with the Yoast SEO plugin v19.4 - https:\/\/yoast.com\/wordpress\/plugins\/seo\/ -->\n<title>Activit\u00e9s culinaires, culturelles, atelier enfants Fuerte Hoteles<\/title>\n<meta name=\"description\" content=\"Toutes les activit\u00e9s actives \u00e0 l&#039;int\u00e9rieur et \u00e0 l&#039;ext\u00e9rieur de hoteles FUERTE. D\u00e9couvrez la culture de l&#039;environnement de l&#039;h\u00f4tel. Fuerte Experiencias\" \/>\n<meta name=\"robots\" content=\"noindex, follow, max-snippet:-1, max-image-preview:large, max-video-preview:-1\" \/>\n<meta property=\"og:locale\" content=\"fr_FR\" \/>\n<meta property=\"og:type\" content=\"article\" \/>\n<meta property=\"og:title\" content=\"Activit\u00e9s culinaires, culturelles, atelier enfants Fuerte Hoteles\" \/>\n<meta property=\"og:description\" content=\"Toutes les activit\u00e9s actives \u00e0 l&#039;int\u00e9rieur et \u00e0 l&#039;ext\u00e9rieur de hoteles FUERTE. D\u00e9couvrez la culture de l&#039;environnement de l&#039;h\u00f4tel. Fuerte Experiencias\" \/>\n<meta property=\"og:url\" content=\"https:\/\/dev.fuertehoteles.com\/fr\/corporate\/fuerte-experiencias\/\" \/>\n<meta property=\"og:site_name\" content=\"Fuerte Hoteles\" \/>\n<meta property=\"article:publisher\" content=\"https:\/\/www.facebook.com\/HotelesFuerte\" \/>\n<meta property=\"article:modified_time\" content=\"2021-12-20T10:45:22+00:00\" \/>\n<meta property=\"og:image\" content=\"https:\/\/dev.fuertehoteles.com\/wp-content\/uploads\/2021\/12\/corporate-header-2.jpg\" \/>\n\t<meta property=\"og:image:width\" content=\"1920\" \/>\n\t<meta property=\"og:image:height\" content=\"540\" \/>\n\t<meta property=\"og:image:type\" content=\"image\/jpeg\" \/>\n<meta name=\"twitter:card\" content=\"summary_large_image\" \/>\n<meta name=\"twitter:site\" content=\"@fuertehoteles\" \/>\n<meta name=\"twitter:label1\" content=\"Dur\u00e9e de lecture estim\u00e9e\" \/>\n\t<meta name=\"twitter:data1\" content=\"2 minutes\" \/>\n<script type=\"application\/ld+json\" class=\"yoast-schema-graph\">{\"@context\":\"https:\/\/schema.org\",\"@graph\":[{\"@type\":\"WebSite\",\"@id\":\"https:\/\/dev.fuertehoteles.com\/#website\",\"url\":\"https:\/\/dev.fuertehoteles.com\/\",\"name\":\"Fuerte Hoteles\",\"description\":\"\",\"potentialAction\":[{\"@type\":\"SearchAction\",\"target\":{\"@type\":\"EntryPoint\",\"urlTemplate\":\"https:\/\/dev.fuertehoteles.com\/?s={search_term_string}\"},\"query-input\":\"required name=search_term_string\"}],\"inLanguage\":\"fr-FR\"},{\"@type\":\"WebPage\",\"@id\":\"https:\/\/dev.fuertehoteles.com\/fr\/corporate\/fuerte-experiencias\/\",\"url\":\"https:\/\/dev.fuertehoteles.com\/fr\/corporate\/fuerte-experiencias\/\",\"name\":\"Activit\u00e9s culinaires, culturelles, atelier enfants Fuerte Hoteles\",\"isPartOf\":{\"@id\":\"https:\/\/dev.fuertehoteles.com\/#website\"},\"datePublished\":\"2021-12-09T08:35:36+00:00\",\"dateModified\":\"2021-12-20T10:45:22+00:00\",\"description\":\"Toutes les activit\u00e9s actives \u00e0 l'int\u00e9rieur et \u00e0 l'ext\u00e9rieur de hoteles FUERTE. D\u00e9couvrez la culture de l'environnement de l'h\u00f4tel. Fuerte Experiencias\",\"breadcrumb\":{\"@id\":\"https:\/\/dev.fuertehoteles.com\/fr\/corporate\/fuerte-experiencias\/#breadcrumb\"},\"inLanguage\":\"fr-FR\",\"potentialAction\":[{\"@type\":\"ReadAction\",\"target\":[\"https:\/\/dev.fuertehoteles.com\/fr\/corporate\/fuerte-experiencias\/\"]}]},{\"@type\":\"BreadcrumbList\",\"@id\":\"https:\/\/dev.fuertehoteles.com\/fr\/corporate\/fuerte-experiencias\/#breadcrumb\",\"itemListElement\":[{\"@type\":\"ListItem\",\"position\":1,\"name\":\"Portada\",\"item\":\"https:\/\/dev.fuertehoteles.com\/fr\/\"},{\"@type\":\"ListItem\",\"position\":2,\"name\":\"Corporate\",\"item\":\"https:\/\/dev.fuertehoteles.com\/fr\/corporate\/\"},{\"@type\":\"ListItem\",\"position\":3,\"name\":\"Fuerte Experiencias\"}]}]}<\/script>\n<!-- \/ Yoast SEO plugin. -->","yoast_head_json":{"title":"Activit\u00e9s culinaires, culturelles, atelier enfants Fuerte Hoteles","description":"Toutes les activit\u00e9s actives \u00e0 l'int\u00e9rieur et \u00e0 l'ext\u00e9rieur de hoteles FUERTE. D\u00e9couvrez la culture de l'environnement de l'h\u00f4tel. Fuerte Experiencias","robots":{"index":"noindex","follow":"follow","max-snippet":"max-snippet:-1","max-image-preview":"max-image-preview:large","max-video-preview":"max-video-preview:-1"},"og_locale":"fr_FR","og_type":"article","og_title":"Activit\u00e9s culinaires, culturelles, atelier enfants Fuerte Hoteles","og_description":"Toutes les activit\u00e9s actives \u00e0 l'int\u00e9rieur et \u00e0 l'ext\u00e9rieur de hoteles FUERTE. D\u00e9couvrez la culture de l'environnement de l'h\u00f4tel. Fuerte Experiencias","og_url":"https:\/\/dev.fuertehoteles.com\/fr\/corporate\/fuerte-experiencias\/","og_site_name":"Fuerte Hoteles","article_publisher":"https:\/\/www.facebook.com\/HotelesFuerte","article_modified_time":"2021-12-20T10:45:22+00:00","og_image":[{"width":1920,"height":540,"url":"https:\/\/dev.fuertehoteles.com\/wp-content\/uploads\/2021\/12\/corporate-header-2.jpg","type":"image\/jpeg"}],"twitter_card":"summary_large_image","twitter_site":"@fuertehoteles","twitter_misc":{"Dur\u00e9e de lecture estim\u00e9e":"2 minutes"},"schema":{"@context":"https:\/\/schema.org","@graph":[{"@type":"WebSite","@id":"https:\/\/dev.fuertehoteles.com\/#website","url":"https:\/\/dev.fuertehoteles.com\/","name":"Fuerte Hoteles","description":"","potentialAction":[{"@type":"SearchAction","target":{"@type":"EntryPoint","urlTemplate":"https:\/\/dev.fuertehoteles.com\/?s={search_term_string}"},"query-input":"required name=search_term_string"}],"inLanguage":"fr-FR"},{"@type":"WebPage","@id":"https:\/\/dev.fuertehoteles.com\/fr\/corporate\/fuerte-experiencias\/","url":"https:\/\/dev.fuertehoteles.com\/fr\/corporate\/fuerte-experiencias\/","name":"Activit\u00e9s culinaires, culturelles, atelier enfants Fuerte Hoteles","isPartOf":{"@id":"https:\/\/dev.fuertehoteles.com\/#website"},"datePublished":"2021-12-09T08:35:36+00:00","dateModified":"2021-12-20T10:45:22+00:00","description":"Toutes les activit\u00e9s actives \u00e0 l'int\u00e9rieur et \u00e0 l'ext\u00e9rieur de hoteles FUERTE. D\u00e9couvrez la culture de l'environnement de l'h\u00f4tel. Fuerte Experiencias","breadcrumb":{"@id":"https:\/\/dev.fuertehoteles.com\/fr\/corporate\/fuerte-experiencias\/#breadcrumb"},"inLanguage":"fr-FR","potentialAction":[{"@type":"ReadAction","target":["https:\/\/dev.fuertehoteles.com\/fr\/corporate\/fuerte-experiencias\/"]}]},{"@type":"BreadcrumbList","@id":"https:\/\/dev.fuertehoteles.com\/fr\/corporate\/fuerte-experiencias\/#breadcrumb","itemListElement":[{"@type":"ListItem","position":1,"name":"Portada","item":"https:\/\/dev.fuertehoteles.com\/fr\/"},{"@type":"ListItem","position":2,"name":"Corporate","item":"https:\/\/dev.fuertehoteles.com\/fr\/corporate\/"},{"@type":"ListItem","position":3,"name":"Fuerte Experiencias"}]}]}},"_links":{"self":[{"href":"https:\/\/dev.fuertehoteles.com\/fr\/wp-json\/wp\/v2\/pages\/4441","targetHints":{"allow":["GET"]}}],"collection":[{"href":"https:\/\/dev.fuertehoteles.com\/fr\/wp-json\/wp\/v2\/pages"}],"about":[{"href":"https:\/\/dev.fuertehoteles.com\/fr\/wp-json\/wp\/v2\/types\/page"}],"author":[{"embeddable":true,"href":"https:\/\/dev.fuertehoteles.com\/fr\/wp-json\/wp\/v2\/users\/6"}],"replies":[{"embeddable":true,"href":"https:\/\/dev.fuertehoteles.com\/fr\/wp-json\/wp\/v2\/comments?post=4441"}],"version-history":[{"count":2,"href":"https:\/\/dev.fuertehoteles.com\/fr\/wp-json\/wp\/v2\/pages\/4441\/revisions"}],"predecessor-version":[{"id":4446,"href":"https:\/\/dev.fuertehoteles.com\/fr\/wp-json\/wp\/v2\/pages\/4441\/revisions\/4446"}],"up":[{"embeddable":true,"href":"https:\/\/dev.fuertehoteles.com\/fr\/wp-json\/wp\/v2\/pages\/4262"}],"wp:featuredmedia":[{"embeddable":true,"href":"https:\/\/dev.fuertehoteles.com\/fr\/wp-json\/wp\/v2\/media\/4050"}],"wp:attachment":[{"href":"https:\/\/dev.fuertehoteles.com\/fr\/wp-json\/wp\/v2\/media?parent=4441"}],"curies":[{"name":"wp","href":"https:\/\/api.w.org\/{rel}","templated":true}]}}