{"id":4430,"date":"2021-12-09T08:45:58","date_gmt":"2021-12-09T07:45:58","guid":{"rendered":"https:\/\/dev.fuertehoteles.com\/corporate\/divisiones\/"},"modified":"2021-12-20T11:32:16","modified_gmt":"2021-12-20T10:32:16","slug":"project","status":"publish","type":"page","link":"https:\/\/dev.fuertehoteles.com\/fr\/corporate\/project\/","title":{"rendered":"Project"},"content":{"rendered":"[vc_row css=\u00a0\u00bb.vc_custom_1632910808010{margin-bottom: 30px !important;}\u00a0\u00bb][vc_column][vc_column_text]\n<h2>Projet<\/h2>\n[\/vc_column_text][vc_column_text css_animation=\u00a0\u00bbnone\u00a0\u00bb el_class=\u00a0\u00bbfh-corporate-content-divider\u00a0\u00bb]\n<hr \/>\n[\/vc_column_text][vc_column_text]Le\u00a0<strong>Fuerte Group Hotels<\/strong>\u00a0est une entreprise riche plus de\u00a0six d\u00e9cennies d\u2019exp\u00e9rience, constitu\u00e9e avec des capitaux cent pour cent andalous et qui a pour point de mire la protection des personnes et de l\u2019environnement.<\/p>\n<p>Ses diff\u00e9rents secteurs corporatifs incluent\u00a0<strong>l\u2019activit\u00e9 h\u00f4teli\u00e8re<\/strong>\u00a0d\u00e9velopp\u00e9e fondamentalement sur le territoire d\u2019Andalousie (Espagne), la location d\u2019<strong>appartements<\/strong>, la\u00a0<strong>division agricole\u00a0<\/strong>avec une exploitation \u00e0 Estepa (S\u00e9ville) et un\u00a0<strong>cabinet d\u2019architecture d\u2019int\u00e9rieur<\/strong>. De plus, le groupe d\u2019entreprises poss\u00e8de la Fondation Fuerte, gr\u00e2ce \u00e0 laquelle il aide des personnes avec des besoins particuliers.[\/vc_column_text][\/vc_column][\/vc_row][vc_row][vc_column][vc_column_text]\n<h2>Il d\u00e9couvre les projets de\u00a0<strong>Fuerte Group Hotels<\/strong><\/h2>\n[\/vc_column_text][vc_column_text css_animation=\u00a0\u00bbnone\u00a0\u00bb el_class=\u00a0\u00bbfh-corporate-content-divider\u00a0\u00bb]\n<hr \/>\n[\/vc_column_text][\/vc_column][\/vc_row][vc_row css=\u00a0\u00bb.vc_custom_1632841214239{margin-bottom: 20px !important;}\u00a0\u00bb][vc_column][vc_column_text]\n<h3>Fuerte Hoteles<\/h3>\n[\/vc_column_text][vc_column_text]<strong>Fuerte Hoteles<\/strong>\u00a0est une cha\u00eene constitu\u00e9e par une \u00e9quipe humain de plus de 1000 personnes. Avec ses h\u00f4tels, elle est pr\u00e9sente en Andalousie (Espagne) avec h\u00f4tels \u00e0 Marbella\u00a0(Malaga),\u00a0Conil de la Frontera (Cadix),\u00a0Grazalema\u00a0(Cadix) et\u00a0El Rompido\u00a0(Cartaya-Huelva).<\/p>\n<p><strong>Fuerte Hoteles<\/strong>, sensible \u00e0 la probl\u00e9matique de l\u2019environnement, parie sur la gestion environnementale dans ce secteur que, gr\u00e2ce \u00e0 la norme ISO 14001, elle traduit en actes et r\u00e9pond \u00e0 la pr\u00e9occupation de la soci\u00e9t\u00e9 actuelle en prenant en compte l\u2019environnement dans la gestion h\u00f4teli\u00e8re.<\/p>\n<p>La cha\u00eene Fuerte Hoteles se caract\u00e9rise par\u00a0<strong>l\u2019emplacement privil\u00e9gi\u00e9<\/strong>\u00a0de ses h\u00f4tels d\u2019Andalousie.<\/p>\n<p><a href=\"https:\/\/www.fuertehoteles.com\/fr\/\" target=\"_blank\" rel=\"noopener\">VISITER SITE<\/a>[\/vc_column_text][\/vc_column][\/vc_row][vc_row css=\u00a0\u00bb.vc_custom_1632841214239{margin-bottom: 20px !important;}\u00a0\u00bb][vc_column][vc_column_text]\n<h3>Am\u00e0re Hotels<\/h3>\n[\/vc_column_text][vc_column_text]En 2016, Fuerte Group Hotels a lanc\u00e9\u00a0une nouvelle marque d\u2019h\u00f4tels,\u00a0<strong>Am\u00e0re Hotels<\/strong>\u00a0ciblant un public d\u2019adultes, son premier \u00e9tablissement \u00e9tant\u00a0<strong>Am\u00e0re Beach Hotel Marbella<\/strong>, pr\u00e9sent \u00e0 quelques m\u00e8tres du centre ancien de la ville et en premi\u00e8re ligne de plage. En\u00a02019, il ouvrira son second h\u00f4tel,\u00a0<strong>l\u2019Am\u00e0re Beach Hotel Ibiza<\/strong>,\u00a0situ\u00e9 Cala de Bou, en face du c\u00e9l\u00e8bre centre de loisirs et de f\u00eate nocturne de l\u2019\u00eele, Sant Antoni de Portmany.<\/p>\n<p><a href=\"https:\/\/www.amarehotels.com\/fr\/\" target=\"_blank\" rel=\"noopener\">VISITAR WEB<\/a>[\/vc_column_text][\/vc_column][\/vc_row][vc_row css=\u00a0\u00bb.vc_custom_1632841214239{margin-bottom: 20px !important;}\u00a0\u00bb][vc_column][vc_column_text]\n<h3>Ol\u00e9e Holiday Rentals<\/h3>\n[\/vc_column_text][vc_column_text]<strong>Ol\u00e9e Holiday Rentals<\/strong>\u00a0est la nouvelle marque que Fuerte Group Hotels a cr\u00e9\u00e9e pour commercialiser ses appartements touristiques. Son premier complexe s\u2019appelle\u00a0<strong>Ol\u00e9e Nerja Holiday Rentals<\/strong>,\u00a0pr\u00e9c\u00e9demment d\u00e9nomm\u00e9\u00a0Appartements Fuerte Calaceite, il est situ\u00e9 sur la Costa del Sol\u00a0occidentale,\u00a0entre Torrox et Nerja. Il comporte 83 appartements enti\u00e8rement \u00e9quip\u00e9s pour pouvoir profiter du meilleur climat d\u2019Europe.<\/p>\n<p><a href=\"https:\/\/www.oleeholidayrentals.com\/fr\/\" target=\"_blank\" rel=\"noopener\">VISITAR WEB<\/a>[\/vc_column_text][\/vc_column][\/vc_row][vc_row css=\u00a0\u00bb.vc_custom_1632841214239{margin-bottom: 20px !important;}\u00a0\u00bb][vc_column][vc_column_text]\n<h3>We<\/h3>\n[\/vc_column_text][vc_column_text]Une \u00e9quipe de professionnels avec une vaste exp\u00e9rience dans la logistique et le commerce international garantit d\u2019excellents gestion et montage de l\u2019\u00e9quipement de projets h\u00f4teliers et r\u00e9sidentiels.<\/p>\n<p><a href=\"http:\/\/www.we-projectcompany.com\/\" target=\"_blank\" rel=\"noopener\">VISITER SITE<\/a>[\/vc_column_text][\/vc_column][\/vc_row][vc_row][vc_column][vc_column_text]\n<h3>Fundaci\u00f3n Fuerte<\/h3>\n[\/vc_column_text][vc_column_text]La Fondation Fuerte est n\u00e9e \u00e0 l\u2019initiative d\u2019Isabel M. Garc\u00eda Bard\u00f3n (Pr\u00e9sidente du\u00a0<strong>Fuerte Group Hotels<\/strong>) appuy\u00e9e par ses enfants et par les personnes travaillant dans le groupe, et qui na\u00eet dans le but d\u2019accompagner et de g\u00e9rer le souhait de l\u2019entreprise de collaborer \u00e0 la r\u00e9solution des probl\u00e8mes de son environnement social.<\/p>\n<p>La Fondation Fuerte veut favoriser un d\u00e9veloppement durable pour les personnes en risque d\u2019exclusion ou souffrant de carences physiques et\/ou culturelles en Espagne et dans les pays o\u00f9 son comit\u00e9 de direction le jugera opportun, de pr\u00e9f\u00e9rence dans les lieux o\u00f9 est implant\u00e9 le\u00a0<strong>Fuerte Group Hotels<\/strong>.<\/p>\n<p><a href=\"http:\/\/www.fundacionfuerte.org\/\" target=\"_blank\" rel=\"noopener\">VISITER SITE<\/a>[\/vc_column_text][\/vc_column][\/vc_row]\n","protected":false},"excerpt":{"rendered":"<p>[vc_row css=\u00a0\u00bb.vc_custom_1632910808010{margin-bottom: 30px !important;}\u00a0\u00bb][vc_column][vc_column_text] Projet [\/vc_column_text][vc_column_text css_animation=\u00a0\u00bbnone\u00a0\u00bb el_class=\u00a0\u00bbfh-corporate-content-divider\u00a0\u00bb] [\/vc_column_text][vc_column_text]Le\u00a0Fuerte Group Hotels\u00a0est une entreprise riche plus de\u00a0six d\u00e9cennies d\u2019exp\u00e9rience, constitu\u00e9e avec des capitaux cent pour cent andalous et qui a pour point de mire la protection des personnes et de l\u2019environnement. Ses diff\u00e9rents secteurs corporatifs incluent\u00a0l\u2019activit\u00e9 h\u00f4teli\u00e8re\u00a0d\u00e9velopp\u00e9e fondamentalement sur le territoire d\u2019Andalousie (Espagne), la location d\u2019appartements,<\/p>\n","protected":false},"author":6,"featured_media":4008,"parent":4262,"menu_order":0,"comment_status":"closed","ping_status":"closed","template":"templates\/corporate-subpages.php","meta":{"footnotes":""},"class_list":["post-4430","page","type-page","status-publish","hentry"],"yoast_head":"<!-- This site is optimized with the Yoast SEO plugin v19.4 - https:\/\/yoast.com\/wordpress\/plugins\/seo\/ -->\n<title>Projets Fuerte Group Hotels, Andalousie, Espagne<\/title>\n<meta name=\"description\" content=\"D\u00e9couvrez le Groupe d&#039;entreprise andalou FUERTE et les projets qu&#039;il soutient et d\u00e9veloppe. Toute l&#039;information \u00e0 propos du Fuerte Group\" \/>\n<meta name=\"robots\" content=\"noindex, follow, max-snippet:-1, max-image-preview:large, max-video-preview:-1\" \/>\n<meta property=\"og:locale\" content=\"fr_FR\" \/>\n<meta property=\"og:type\" content=\"article\" \/>\n<meta property=\"og:title\" content=\"Projets Fuerte Group Hotels, Andalousie, Espagne\" \/>\n<meta property=\"og:description\" content=\"D\u00e9couvrez le Groupe d&#039;entreprise andalou FUERTE et les projets qu&#039;il soutient et d\u00e9veloppe. Toute l&#039;information \u00e0 propos du Fuerte Group\" \/>\n<meta property=\"og:url\" content=\"https:\/\/dev.fuertehoteles.com\/fr\/corporate\/project\/\" \/>\n<meta property=\"og:site_name\" content=\"Fuerte Hoteles\" \/>\n<meta property=\"article:publisher\" content=\"https:\/\/www.facebook.com\/HotelesFuerte\" \/>\n<meta property=\"article:modified_time\" content=\"2021-12-20T10:32:16+00:00\" \/>\n<meta property=\"og:image\" content=\"https:\/\/dev.fuertehoteles.com\/wp-content\/uploads\/2021\/12\/cabecera-divisiones.jpg\" \/>\n\t<meta property=\"og:image:width\" content=\"1920\" \/>\n\t<meta property=\"og:image:height\" content=\"540\" \/>\n\t<meta property=\"og:image:type\" content=\"image\/jpeg\" \/>\n<meta name=\"twitter:card\" content=\"summary_large_image\" \/>\n<meta name=\"twitter:site\" content=\"@fuertehoteles\" \/>\n<meta name=\"twitter:label1\" content=\"Dur\u00e9e de lecture estim\u00e9e\" \/>\n\t<meta name=\"twitter:data1\" content=\"4 minutes\" \/>\n<script type=\"application\/ld+json\" class=\"yoast-schema-graph\">{\"@context\":\"https:\/\/schema.org\",\"@graph\":[{\"@type\":\"WebSite\",\"@id\":\"https:\/\/dev.fuertehoteles.com\/#website\",\"url\":\"https:\/\/dev.fuertehoteles.com\/\",\"name\":\"Fuerte Hoteles\",\"description\":\"\",\"potentialAction\":[{\"@type\":\"SearchAction\",\"target\":{\"@type\":\"EntryPoint\",\"urlTemplate\":\"https:\/\/dev.fuertehoteles.com\/?s={search_term_string}\"},\"query-input\":\"required name=search_term_string\"}],\"inLanguage\":\"fr-FR\"},{\"@type\":\"WebPage\",\"@id\":\"https:\/\/dev.fuertehoteles.com\/fr\/corporate\/project\/\",\"url\":\"https:\/\/dev.fuertehoteles.com\/fr\/corporate\/project\/\",\"name\":\"Projets Fuerte Group Hotels, Andalousie, Espagne\",\"isPartOf\":{\"@id\":\"https:\/\/dev.fuertehoteles.com\/#website\"},\"datePublished\":\"2021-12-09T07:45:58+00:00\",\"dateModified\":\"2021-12-20T10:32:16+00:00\",\"description\":\"D\u00e9couvrez le Groupe d'entreprise andalou FUERTE et les projets qu'il soutient et d\u00e9veloppe. Toute l'information \u00e0 propos du Fuerte Group\",\"breadcrumb\":{\"@id\":\"https:\/\/dev.fuertehoteles.com\/fr\/corporate\/project\/#breadcrumb\"},\"inLanguage\":\"fr-FR\",\"potentialAction\":[{\"@type\":\"ReadAction\",\"target\":[\"https:\/\/dev.fuertehoteles.com\/fr\/corporate\/project\/\"]}]},{\"@type\":\"BreadcrumbList\",\"@id\":\"https:\/\/dev.fuertehoteles.com\/fr\/corporate\/project\/#breadcrumb\",\"itemListElement\":[{\"@type\":\"ListItem\",\"position\":1,\"name\":\"Portada\",\"item\":\"https:\/\/dev.fuertehoteles.com\/fr\/\"},{\"@type\":\"ListItem\",\"position\":2,\"name\":\"Corporate\",\"item\":\"https:\/\/dev.fuertehoteles.com\/fr\/corporate\/\"},{\"@type\":\"ListItem\",\"position\":3,\"name\":\"Project\"}]}]}<\/script>\n<!-- \/ Yoast SEO plugin. -->","yoast_head_json":{"title":"Projets Fuerte Group Hotels, Andalousie, Espagne","description":"D\u00e9couvrez le Groupe d'entreprise andalou FUERTE et les projets qu'il soutient et d\u00e9veloppe. Toute l'information \u00e0 propos du Fuerte Group","robots":{"index":"noindex","follow":"follow","max-snippet":"max-snippet:-1","max-image-preview":"max-image-preview:large","max-video-preview":"max-video-preview:-1"},"og_locale":"fr_FR","og_type":"article","og_title":"Projets Fuerte Group Hotels, Andalousie, Espagne","og_description":"D\u00e9couvrez le Groupe d'entreprise andalou FUERTE et les projets qu'il soutient et d\u00e9veloppe. Toute l'information \u00e0 propos du Fuerte Group","og_url":"https:\/\/dev.fuertehoteles.com\/fr\/corporate\/project\/","og_site_name":"Fuerte Hoteles","article_publisher":"https:\/\/www.facebook.com\/HotelesFuerte","article_modified_time":"2021-12-20T10:32:16+00:00","og_image":[{"width":1920,"height":540,"url":"https:\/\/dev.fuertehoteles.com\/wp-content\/uploads\/2021\/12\/cabecera-divisiones.jpg","type":"image\/jpeg"}],"twitter_card":"summary_large_image","twitter_site":"@fuertehoteles","twitter_misc":{"Dur\u00e9e de lecture estim\u00e9e":"4 minutes"},"schema":{"@context":"https:\/\/schema.org","@graph":[{"@type":"WebSite","@id":"https:\/\/dev.fuertehoteles.com\/#website","url":"https:\/\/dev.fuertehoteles.com\/","name":"Fuerte Hoteles","description":"","potentialAction":[{"@type":"SearchAction","target":{"@type":"EntryPoint","urlTemplate":"https:\/\/dev.fuertehoteles.com\/?s={search_term_string}"},"query-input":"required name=search_term_string"}],"inLanguage":"fr-FR"},{"@type":"WebPage","@id":"https:\/\/dev.fuertehoteles.com\/fr\/corporate\/project\/","url":"https:\/\/dev.fuertehoteles.com\/fr\/corporate\/project\/","name":"Projets Fuerte Group Hotels, Andalousie, Espagne","isPartOf":{"@id":"https:\/\/dev.fuertehoteles.com\/#website"},"datePublished":"2021-12-09T07:45:58+00:00","dateModified":"2021-12-20T10:32:16+00:00","description":"D\u00e9couvrez le Groupe d'entreprise andalou FUERTE et les projets qu'il soutient et d\u00e9veloppe. Toute l'information \u00e0 propos du Fuerte Group","breadcrumb":{"@id":"https:\/\/dev.fuertehoteles.com\/fr\/corporate\/project\/#breadcrumb"},"inLanguage":"fr-FR","potentialAction":[{"@type":"ReadAction","target":["https:\/\/dev.fuertehoteles.com\/fr\/corporate\/project\/"]}]},{"@type":"BreadcrumbList","@id":"https:\/\/dev.fuertehoteles.com\/fr\/corporate\/project\/#breadcrumb","itemListElement":[{"@type":"ListItem","position":1,"name":"Portada","item":"https:\/\/dev.fuertehoteles.com\/fr\/"},{"@type":"ListItem","position":2,"name":"Corporate","item":"https:\/\/dev.fuertehoteles.com\/fr\/corporate\/"},{"@type":"ListItem","position":3,"name":"Project"}]}]}},"_links":{"self":[{"href":"https:\/\/dev.fuertehoteles.com\/fr\/wp-json\/wp\/v2\/pages\/4430","targetHints":{"allow":["GET"]}}],"collection":[{"href":"https:\/\/dev.fuertehoteles.com\/fr\/wp-json\/wp\/v2\/pages"}],"about":[{"href":"https:\/\/dev.fuertehoteles.com\/fr\/wp-json\/wp\/v2\/types\/page"}],"author":[{"embeddable":true,"href":"https:\/\/dev.fuertehoteles.com\/fr\/wp-json\/wp\/v2\/users\/6"}],"replies":[{"embeddable":true,"href":"https:\/\/dev.fuertehoteles.com\/fr\/wp-json\/wp\/v2\/comments?post=4430"}],"version-history":[{"count":2,"href":"https:\/\/dev.fuertehoteles.com\/fr\/wp-json\/wp\/v2\/pages\/4430\/revisions"}],"predecessor-version":[{"id":4435,"href":"https:\/\/dev.fuertehoteles.com\/fr\/wp-json\/wp\/v2\/pages\/4430\/revisions\/4435"}],"up":[{"embeddable":true,"href":"https:\/\/dev.fuertehoteles.com\/fr\/wp-json\/wp\/v2\/pages\/4262"}],"wp:featuredmedia":[{"embeddable":true,"href":"https:\/\/dev.fuertehoteles.com\/fr\/wp-json\/wp\/v2\/media\/4008"}],"wp:attachment":[{"href":"https:\/\/dev.fuertehoteles.com\/fr\/wp-json\/wp\/v2\/media?parent=4430"}],"curies":[{"name":"wp","href":"https:\/\/api.w.org\/{rel}","templated":true}]}}