{"id":4418,"date":"2021-12-09T08:53:31","date_gmt":"2021-12-09T07:53:31","guid":{"rendered":"https:\/\/dev.fuertehoteles.com\/corporate\/certificados\/"},"modified":"2021-12-20T11:05:27","modified_gmt":"2021-12-20T10:05:27","slug":"reconnaissances","status":"publish","type":"page","link":"https:\/\/dev.fuertehoteles.com\/fr\/corporate\/reconnaissances\/","title":{"rendered":"Reconnaissances"},"content":{"rendered":"[vc_row css=\u00a0\u00bb.vc_custom_1632915635340{margin-bottom: 30px !important;}\u00a0\u00bb][vc_column][vc_column_text]\n<p style=\"text-align: center;\">L\u2019excellence de nos services repose sur un syst\u00e8me qualit\u00e9 centr\u00e9 sur la satisfaction du client.<\/p>\n<p style=\"text-align: center;\">Le\u00a0<strong>Fuerte Group Hotels<\/strong>\u00a0concentre ses efforts pour r\u00e9pondre aux besoins de chaque personne, sa strat\u00e9gie est donc fond\u00e9e sur l\u2019am\u00e9lioration continue de ses produits et services, dans le but de d\u00e9passer les attentes de ses clients et d\u2019augmenter leur degr\u00e9 de satisfaction.<\/p>\n[\/vc_column_text][\/vc_column][\/vc_row][vc_row css=\u00a0\u00bb.vc_custom_1632910808010{margin-bottom: 30px !important;}\u00a0\u00bb][vc_column][vc_column_text]\n<h3>Qualit\u00e9<\/h3>\n[\/vc_column_text][vc_column_text css_animation=\u00a0\u00bbnone\u00a0\u00bb el_class=\u00a0\u00bbfh-corporate-content-divider\u00a0\u00bb]\n<hr \/>\n[\/vc_column_text][vc_column_text]<strong>Fuerte Hoteles<\/strong>\u00a0dispose d\u2019un ensemble d\u2019outils \u00e9valuant l\u2019exp\u00e9rience du client et sa perception de la qualit\u00e9 de nos services. Les informations que nous fournissent ces outils nous permettent de mieux conna\u00eetre nos clients et de leur proposer un produit adapt\u00e9 \u00e0 leurs besoins.[\/vc_column_text][\/vc_column][\/vc_row][vc_row css=\u00a0\u00bb.vc_custom_1632910808010{margin-bottom: 30px !important;}\u00a0\u00bb][vc_column][vc_column_text]\n<h3>Environnement<\/h3>\n[\/vc_column_text][vc_column_text css_animation=\u00a0\u00bbnone\u00a0\u00bb el_class=\u00a0\u00bbfh-corporate-content-divider\u00a0\u00bb]\n<hr \/>\n[\/vc_column_text][vc_column_text]Notre engagement vise \u00e0 ce que les syst\u00e8mes \u00e9conomique, naturel et social convergent vers un seul syst\u00e8me, pour que ce dernier prodigue, de fa\u00e7on durable, du bien-\u00eatre \u00e0 tous les \u00eatres humains en produisant le moindre impact possible, toujours en partant des principes du\u00a0<a title=\"Tourisme Responsable\" href=\"https:\/\/www.fuertehoteles.com\/fr\/grupo-el-fuerte\/hoteles-sostenibles\/\" target=\"_blank\" rel=\"noopener\">Tourisme responsable<\/a>.<\/p>\n<p>L\u2019engagement en faveur de l\u2019environnement a toujours accompagn\u00e9 la politique de gestion de toutes les entreprises composant le\u00a0<strong>Fuerte Group Hotels<\/strong>\u00a0depuis que\u00a0<strong>M. Jos\u00e9 Luque Manzano<\/strong>\u00a0a ouvert le premier h\u00f4tel, il y a plus de 60 ans.<\/p>\n<p><strong>Fuerte Hoteles<\/strong>\u00a0re\u00e7oit chaque ann\u00e9e de la part de l\u2019organisme homologu\u00e9 AENOR le Certificat de Gestion environnementale UNE-EN ISO 14001, qui garantit que la philosophie avec laquelle nous travaillons dans tous les locaux du groupe encourage la protection de la nature et lutte pour r\u00e9duire les impacts sur l\u2019environnement.<\/p>\n<p>Disposer de syst\u00e8mes de gestion de ce type suppose de multiples avantages, surtout sur le plan concurrentiel, car la satisfaction des clients comme les \u00e9conomies de ressources naturelles et la limitation des impacts sur l\u2019environnement sont des r\u00e9f\u00e9rences constantes dans notre travail quotidien.[\/vc_column_text][\/vc_column][\/vc_row][vc_row][vc_column][vc_column_text]\n<h3>Strat\u00e9gie de durabilit\u00e9 et RCS<\/h3>\n[\/vc_column_text][vc_column_text css_animation=\u00a0\u00bbnone\u00a0\u00bb el_class=\u00a0\u00bbfh-corporate-content-divider\u00a0\u00bb]\n<hr \/>\n[\/vc_column_text][vc_column_text]<strong>CE QUI EST MESURABLE EST G\u00c9RABLE<\/strong>. Voil\u00e0 comment nous d\u00e9finissons notre vision de la Responsabilit\u00e9 Sociale Corporative (RSC) dans l\u2019organisation et c\u2019est ainsi que nous avons r\u00e9ussi \u00e0 surmonter les d\u00e9fis durables que nous nous sommes fix\u00e9s tout au long de notre histoire. Pour plus de renseignements, consultez notre\u00a0<a title=\"M\u00e9moire de Responsabilit\u00e9 Corporative\" href=\"https:\/\/www.fuertehoteles.com\/fr\/grupo-el-fuerte\/hoteles-sostenibles\/\" target=\"_blank\" rel=\"noopener\">M\u00e9moire de Responsabilit\u00e9 Corporative<\/a>.[\/vc_column_text][\/vc_column][\/vc_row]\n","protected":false},"excerpt":{"rendered":"<p>[vc_row css=\u00a0\u00bb.vc_custom_1632915635340{margin-bottom: 30px !important;}\u00a0\u00bb][vc_column][vc_column_text] L\u2019excellence de nos services repose sur un syst\u00e8me qualit\u00e9 centr\u00e9 sur la satisfaction du client. Le\u00a0Fuerte Group Hotels\u00a0concentre ses efforts pour r\u00e9pondre aux besoins de chaque personne, sa strat\u00e9gie est donc fond\u00e9e sur l\u2019am\u00e9lioration continue de ses produits et services, dans le but de d\u00e9passer les attentes de ses clients et<\/p>\n","protected":false},"author":6,"featured_media":4014,"parent":4262,"menu_order":0,"comment_status":"closed","ping_status":"closed","template":"templates\/corporate-subpages.php","meta":{"footnotes":""},"class_list":["post-4418","page","type-page","status-publish","hentry"],"yoast_head":"<!-- This site is optimized with the Yoast SEO plugin v19.4 - https:\/\/yoast.com\/wordpress\/plugins\/seo\/ -->\n<title>Reconnaissances. Fuerte Group Hotels Andalousie<\/title>\n<meta name=\"description\" content=\"Fuerte Hoteles r\u00e9pond \u00e0 toutes les exigences de qualit\u00e9. Toutes les reconnaissances du Fuerte Group Hotels, Andalousie.\" \/>\n<meta name=\"robots\" content=\"noindex, follow, max-snippet:-1, max-image-preview:large, max-video-preview:-1\" \/>\n<meta property=\"og:locale\" content=\"fr_FR\" \/>\n<meta property=\"og:type\" content=\"article\" \/>\n<meta property=\"og:title\" content=\"Reconnaissances. Fuerte Group Hotels Andalousie\" \/>\n<meta property=\"og:description\" content=\"Fuerte Hoteles r\u00e9pond \u00e0 toutes les exigences de qualit\u00e9. Toutes les reconnaissances du Fuerte Group Hotels, Andalousie.\" \/>\n<meta property=\"og:url\" content=\"https:\/\/dev.fuertehoteles.com\/fr\/corporate\/reconnaissances\/\" \/>\n<meta property=\"og:site_name\" content=\"Fuerte Hoteles\" \/>\n<meta property=\"article:publisher\" content=\"https:\/\/www.facebook.com\/HotelesFuerte\" \/>\n<meta property=\"article:modified_time\" content=\"2021-12-20T10:05:27+00:00\" \/>\n<meta property=\"og:image\" content=\"https:\/\/dev.fuertehoteles.com\/wp-content\/uploads\/2021\/12\/cabecera-certificados-1.jpg\" \/>\n\t<meta property=\"og:image:width\" content=\"1920\" \/>\n\t<meta property=\"og:image:height\" content=\"540\" \/>\n\t<meta property=\"og:image:type\" content=\"image\/jpeg\" \/>\n<meta name=\"twitter:card\" content=\"summary_large_image\" \/>\n<meta name=\"twitter:site\" content=\"@fuertehoteles\" \/>\n<meta name=\"twitter:label1\" content=\"Dur\u00e9e de lecture estim\u00e9e\" \/>\n\t<meta name=\"twitter:data1\" content=\"2 minutes\" \/>\n<script type=\"application\/ld+json\" class=\"yoast-schema-graph\">{\"@context\":\"https:\/\/schema.org\",\"@graph\":[{\"@type\":\"WebSite\",\"@id\":\"https:\/\/dev.fuertehoteles.com\/#website\",\"url\":\"https:\/\/dev.fuertehoteles.com\/\",\"name\":\"Fuerte Hoteles\",\"description\":\"\",\"potentialAction\":[{\"@type\":\"SearchAction\",\"target\":{\"@type\":\"EntryPoint\",\"urlTemplate\":\"https:\/\/dev.fuertehoteles.com\/?s={search_term_string}\"},\"query-input\":\"required name=search_term_string\"}],\"inLanguage\":\"fr-FR\"},{\"@type\":\"WebPage\",\"@id\":\"https:\/\/dev.fuertehoteles.com\/fr\/corporate\/reconnaissances\/\",\"url\":\"https:\/\/dev.fuertehoteles.com\/fr\/corporate\/reconnaissances\/\",\"name\":\"Reconnaissances. Fuerte Group Hotels Andalousie\",\"isPartOf\":{\"@id\":\"https:\/\/dev.fuertehoteles.com\/#website\"},\"datePublished\":\"2021-12-09T07:53:31+00:00\",\"dateModified\":\"2021-12-20T10:05:27+00:00\",\"description\":\"Fuerte Hoteles r\u00e9pond \u00e0 toutes les exigences de qualit\u00e9. Toutes les reconnaissances du Fuerte Group Hotels, Andalousie.\",\"breadcrumb\":{\"@id\":\"https:\/\/dev.fuertehoteles.com\/fr\/corporate\/reconnaissances\/#breadcrumb\"},\"inLanguage\":\"fr-FR\",\"potentialAction\":[{\"@type\":\"ReadAction\",\"target\":[\"https:\/\/dev.fuertehoteles.com\/fr\/corporate\/reconnaissances\/\"]}]},{\"@type\":\"BreadcrumbList\",\"@id\":\"https:\/\/dev.fuertehoteles.com\/fr\/corporate\/reconnaissances\/#breadcrumb\",\"itemListElement\":[{\"@type\":\"ListItem\",\"position\":1,\"name\":\"Portada\",\"item\":\"https:\/\/dev.fuertehoteles.com\/fr\/\"},{\"@type\":\"ListItem\",\"position\":2,\"name\":\"Corporate\",\"item\":\"https:\/\/dev.fuertehoteles.com\/fr\/corporate\/\"},{\"@type\":\"ListItem\",\"position\":3,\"name\":\"Reconnaissances\"}]}]}<\/script>\n<!-- \/ Yoast SEO plugin. -->","yoast_head_json":{"title":"Reconnaissances. Fuerte Group Hotels Andalousie","description":"Fuerte Hoteles r\u00e9pond \u00e0 toutes les exigences de qualit\u00e9. Toutes les reconnaissances du Fuerte Group Hotels, Andalousie.","robots":{"index":"noindex","follow":"follow","max-snippet":"max-snippet:-1","max-image-preview":"max-image-preview:large","max-video-preview":"max-video-preview:-1"},"og_locale":"fr_FR","og_type":"article","og_title":"Reconnaissances. Fuerte Group Hotels Andalousie","og_description":"Fuerte Hoteles r\u00e9pond \u00e0 toutes les exigences de qualit\u00e9. Toutes les reconnaissances du Fuerte Group Hotels, Andalousie.","og_url":"https:\/\/dev.fuertehoteles.com\/fr\/corporate\/reconnaissances\/","og_site_name":"Fuerte Hoteles","article_publisher":"https:\/\/www.facebook.com\/HotelesFuerte","article_modified_time":"2021-12-20T10:05:27+00:00","og_image":[{"width":1920,"height":540,"url":"https:\/\/dev.fuertehoteles.com\/wp-content\/uploads\/2021\/12\/cabecera-certificados-1.jpg","type":"image\/jpeg"}],"twitter_card":"summary_large_image","twitter_site":"@fuertehoteles","twitter_misc":{"Dur\u00e9e de lecture estim\u00e9e":"2 minutes"},"schema":{"@context":"https:\/\/schema.org","@graph":[{"@type":"WebSite","@id":"https:\/\/dev.fuertehoteles.com\/#website","url":"https:\/\/dev.fuertehoteles.com\/","name":"Fuerte Hoteles","description":"","potentialAction":[{"@type":"SearchAction","target":{"@type":"EntryPoint","urlTemplate":"https:\/\/dev.fuertehoteles.com\/?s={search_term_string}"},"query-input":"required name=search_term_string"}],"inLanguage":"fr-FR"},{"@type":"WebPage","@id":"https:\/\/dev.fuertehoteles.com\/fr\/corporate\/reconnaissances\/","url":"https:\/\/dev.fuertehoteles.com\/fr\/corporate\/reconnaissances\/","name":"Reconnaissances. Fuerte Group Hotels Andalousie","isPartOf":{"@id":"https:\/\/dev.fuertehoteles.com\/#website"},"datePublished":"2021-12-09T07:53:31+00:00","dateModified":"2021-12-20T10:05:27+00:00","description":"Fuerte Hoteles r\u00e9pond \u00e0 toutes les exigences de qualit\u00e9. Toutes les reconnaissances du Fuerte Group Hotels, Andalousie.","breadcrumb":{"@id":"https:\/\/dev.fuertehoteles.com\/fr\/corporate\/reconnaissances\/#breadcrumb"},"inLanguage":"fr-FR","potentialAction":[{"@type":"ReadAction","target":["https:\/\/dev.fuertehoteles.com\/fr\/corporate\/reconnaissances\/"]}]},{"@type":"BreadcrumbList","@id":"https:\/\/dev.fuertehoteles.com\/fr\/corporate\/reconnaissances\/#breadcrumb","itemListElement":[{"@type":"ListItem","position":1,"name":"Portada","item":"https:\/\/dev.fuertehoteles.com\/fr\/"},{"@type":"ListItem","position":2,"name":"Corporate","item":"https:\/\/dev.fuertehoteles.com\/fr\/corporate\/"},{"@type":"ListItem","position":3,"name":"Reconnaissances"}]}]}},"_links":{"self":[{"href":"https:\/\/dev.fuertehoteles.com\/fr\/wp-json\/wp\/v2\/pages\/4418","targetHints":{"allow":["GET"]}}],"collection":[{"href":"https:\/\/dev.fuertehoteles.com\/fr\/wp-json\/wp\/v2\/pages"}],"about":[{"href":"https:\/\/dev.fuertehoteles.com\/fr\/wp-json\/wp\/v2\/types\/page"}],"author":[{"embeddable":true,"href":"https:\/\/dev.fuertehoteles.com\/fr\/wp-json\/wp\/v2\/users\/6"}],"replies":[{"embeddable":true,"href":"https:\/\/dev.fuertehoteles.com\/fr\/wp-json\/wp\/v2\/comments?post=4418"}],"version-history":[{"count":2,"href":"https:\/\/dev.fuertehoteles.com\/fr\/wp-json\/wp\/v2\/pages\/4418\/revisions"}],"predecessor-version":[{"id":4423,"href":"https:\/\/dev.fuertehoteles.com\/fr\/wp-json\/wp\/v2\/pages\/4418\/revisions\/4423"}],"up":[{"embeddable":true,"href":"https:\/\/dev.fuertehoteles.com\/fr\/wp-json\/wp\/v2\/pages\/4262"}],"wp:featuredmedia":[{"embeddable":true,"href":"https:\/\/dev.fuertehoteles.com\/fr\/wp-json\/wp\/v2\/media\/4014"}],"wp:attachment":[{"href":"https:\/\/dev.fuertehoteles.com\/fr\/wp-json\/wp\/v2\/media?parent=4418"}],"curies":[{"name":"wp","href":"https:\/\/api.w.org\/{rel}","templated":true}]}}