{"id":4262,"date":"2021-12-09T08:26:39","date_gmt":"2021-12-09T07:26:39","guid":{"rendered":"https:\/\/dev.fuertehoteles.com\/corporate\/"},"modified":"2022-12-14T09:55:58","modified_gmt":"2022-12-14T08:55:58","slug":"corporate","status":"publish","type":"page","link":"https:\/\/dev.fuertehoteles.com\/fr\/corporate\/","title":{"rendered":"Corporate"},"content":{"rendered":"[vc_row el_class=\u00a0\u00bbfh-corporate-content-text-image\u00a0\u00bb][vc_column width=\u00a0\u00bb2\/3&Prime; el_class=\u00a0\u00bbfh-corporate-content-text-image-text\u00a0\u00bb][vc_column_text css_animation=\u00a0\u00bbnone\u00a0\u00bb el_class=\u00a0\u00bbfh-corporate-content-title\u00a0\u00bb]\n<h3>Lettre du pr\u00e9sident<\/h3>\n[\/vc_column_text][vc_column_text css_animation=\u00a0\u00bbnone\u00a0\u00bb el_class=\u00a0\u00bbfh-corporate-content-divider\u00a0\u00bb]\n<hr \/>\n[\/vc_column_text][vc_column_text]<strong>Fuerte Group Hotels<\/strong> fut cr\u00e9\u00e9 en 1957, lorsque son fondateur, Jos\u00e9 Luque Manzano, inaugura l\u2019H\u00f4tel Fuerte \u00e0 Marbella. Le projet de ce visionnaire originaire d\u2019Estepa (S\u00e9ville), un homme sans fa\u00e7on, de nature entreprenante, qui s\u2019est bas\u00e9 sur des piliers qui structurent encore aujourd\u2019hui notre groupe d\u2019Entreprises et qui sont d\u00e9taill\u00e9s dans notre Code de Conduite.<\/p>\n<p>Apr\u00e8s plus de 60 ans d\u2019exp\u00e9rience dans le secteur et gr\u00e2ce aux personnes qui nous ont fait confiance jour apr\u00e8s jour et ont cru en notre culture d\u2019entreprise et son mode original de gestion, nous avons pu affronter les diff\u00e9rents d\u00e9fis : croissance,diversification aussi bien g\u00e9ographique que sectorielle, innovation continue et la cr\u00e9ation de la <strong>Fondation Fuerte.<\/strong><\/p>\n<p>Tous nos projets se basent sur notre devise :<strong> \u00ab Nous prenons soin des personnes tout en respectant l\u2019environnement \u00bb<\/strong> car nous donnons de la valeur \u00e0 notre histoire, nous croyons en l\u2019avenir et c\u2019est l\u00e0 que nous esp\u00e9rons pouvoir compter de nouveau sur la confiance de tout ceux qui jusqu\u2019\u00e0 pr\u00e9sent nous ont accompagn\u00e9s.<\/p>\n<p>Cordialement,<\/p>\n<p><strong>Isabel M\u00aa Garc\u00eda Bard\u00f3n.<\/strong><br \/>\nPr\u00e9sidente d&rsquo;honneur du Fuerte Group Hotels.[\/vc_column_text][\/vc_column][vc_column width=\u00a0\u00bb1\/3&Prime; el_class=\u00a0\u00bbfh-corporate-content-text-image-image\u00a0\u00bb][vc_single_image image=\u00a0\u00bb3996&Prime; img_size=\u00a0\u00bbfull\u00a0\u00bb][\/vc_column][\/vc_row]\n","protected":false},"excerpt":{"rendered":"<p>[vc_row el_class=\u00a0\u00bbfh-corporate-content-text-image\u00a0\u00bb][vc_column width=\u00a0\u00bb2\/3&Prime; el_class=\u00a0\u00bbfh-corporate-content-text-image-text\u00a0\u00bb][vc_column_text css_animation=\u00a0\u00bbnone\u00a0\u00bb el_class=\u00a0\u00bbfh-corporate-content-title\u00a0\u00bb] Lettre du pr\u00e9sident [\/vc_column_text][vc_column_text css_animation=\u00a0\u00bbnone\u00a0\u00bb el_class=\u00a0\u00bbfh-corporate-content-divider\u00a0\u00bb] [\/vc_column_text][vc_column_text]Fuerte Group Hotels fut cr\u00e9\u00e9 en 1957, lorsque son fondateur, Jos\u00e9 Luque Manzano, inaugura l\u2019H\u00f4tel Fuerte \u00e0 Marbella. Le projet de ce visionnaire originaire d\u2019Estepa (S\u00e9ville), un homme sans fa\u00e7on, de nature entreprenante, qui s\u2019est bas\u00e9 sur des piliers qui structurent encore aujourd\u2019hui<\/p>\n","protected":false},"author":6,"featured_media":3992,"parent":0,"menu_order":0,"comment_status":"closed","ping_status":"closed","template":"templates\/corporate.php","meta":{"footnotes":""},"class_list":["post-4262","page","type-page","status-publish","hentry"],"yoast_head":"<!-- This site is optimized with the Yoast SEO plugin v19.4 - https:\/\/yoast.com\/wordpress\/plugins\/seo\/ -->\n<title>Informations d&#039;entreprise Fuerte Group Hotels, Andalousie<\/title>\n<meta name=\"description\" content=\"Fuerte Group Hotels informations d&#039;entreprise, divisions, histoire, r\u00e9compenses, certifications et plus de 60 ans de tourisme responsable.\" \/>\n<meta name=\"robots\" content=\"noindex, follow, max-snippet:-1, max-image-preview:large, max-video-preview:-1\" \/>\n<meta property=\"og:locale\" content=\"fr_FR\" \/>\n<meta property=\"og:type\" content=\"article\" \/>\n<meta property=\"og:title\" content=\"Informations d&#039;entreprise Fuerte Group Hotels, Andalousie\" \/>\n<meta property=\"og:description\" content=\"Fuerte Group Hotels informations d&#039;entreprise, divisions, histoire, r\u00e9compenses, certifications et plus de 60 ans de tourisme responsable.\" \/>\n<meta property=\"og:url\" content=\"https:\/\/dev.fuertehoteles.com\/fr\/corporate\/\" \/>\n<meta property=\"og:site_name\" content=\"Fuerte Hoteles\" \/>\n<meta property=\"article:publisher\" content=\"https:\/\/www.facebook.com\/HotelesFuerte\" \/>\n<meta property=\"article:modified_time\" content=\"2022-12-14T08:55:58+00:00\" \/>\n<meta property=\"og:image\" content=\"https:\/\/dev.fuertehoteles.com\/wp-content\/uploads\/2021\/12\/corporate-header-3.jpg\" \/>\n\t<meta property=\"og:image:width\" content=\"1920\" \/>\n\t<meta property=\"og:image:height\" content=\"540\" \/>\n\t<meta property=\"og:image:type\" content=\"image\/jpeg\" \/>\n<meta name=\"twitter:card\" content=\"summary_large_image\" \/>\n<meta name=\"twitter:site\" content=\"@fuertehoteles\" \/>\n<meta name=\"twitter:label1\" content=\"Dur\u00e9e de lecture estim\u00e9e\" \/>\n\t<meta name=\"twitter:data1\" content=\"1 minute\" \/>\n<script type=\"application\/ld+json\" class=\"yoast-schema-graph\">{\"@context\":\"https:\/\/schema.org\",\"@graph\":[{\"@type\":\"WebSite\",\"@id\":\"https:\/\/dev.fuertehoteles.com\/#website\",\"url\":\"https:\/\/dev.fuertehoteles.com\/\",\"name\":\"Fuerte Hoteles\",\"description\":\"\",\"potentialAction\":[{\"@type\":\"SearchAction\",\"target\":{\"@type\":\"EntryPoint\",\"urlTemplate\":\"https:\/\/dev.fuertehoteles.com\/?s={search_term_string}\"},\"query-input\":\"required name=search_term_string\"}],\"inLanguage\":\"fr-FR\"},{\"@type\":\"WebPage\",\"@id\":\"https:\/\/dev.fuertehoteles.com\/fr\/corporate\/\",\"url\":\"https:\/\/dev.fuertehoteles.com\/fr\/corporate\/\",\"name\":\"Informations d'entreprise Fuerte Group Hotels, Andalousie\",\"isPartOf\":{\"@id\":\"https:\/\/dev.fuertehoteles.com\/#website\"},\"datePublished\":\"2021-12-09T07:26:39+00:00\",\"dateModified\":\"2022-12-14T08:55:58+00:00\",\"description\":\"Fuerte Group Hotels informations d'entreprise, divisions, histoire, r\u00e9compenses, certifications et plus de 60 ans de tourisme responsable.\",\"breadcrumb\":{\"@id\":\"https:\/\/dev.fuertehoteles.com\/fr\/corporate\/#breadcrumb\"},\"inLanguage\":\"fr-FR\",\"potentialAction\":[{\"@type\":\"ReadAction\",\"target\":[\"https:\/\/dev.fuertehoteles.com\/fr\/corporate\/\"]}]},{\"@type\":\"BreadcrumbList\",\"@id\":\"https:\/\/dev.fuertehoteles.com\/fr\/corporate\/#breadcrumb\",\"itemListElement\":[{\"@type\":\"ListItem\",\"position\":1,\"name\":\"Portada\",\"item\":\"https:\/\/dev.fuertehoteles.com\/fr\/\"},{\"@type\":\"ListItem\",\"position\":2,\"name\":\"Corporate\"}]}]}<\/script>\n<!-- \/ Yoast SEO plugin. -->","yoast_head_json":{"title":"Informations d'entreprise Fuerte Group Hotels, Andalousie","description":"Fuerte Group Hotels informations d'entreprise, divisions, histoire, r\u00e9compenses, certifications et plus de 60 ans de tourisme responsable.","robots":{"index":"noindex","follow":"follow","max-snippet":"max-snippet:-1","max-image-preview":"max-image-preview:large","max-video-preview":"max-video-preview:-1"},"og_locale":"fr_FR","og_type":"article","og_title":"Informations d'entreprise Fuerte Group Hotels, Andalousie","og_description":"Fuerte Group Hotels informations d'entreprise, divisions, histoire, r\u00e9compenses, certifications et plus de 60 ans de tourisme responsable.","og_url":"https:\/\/dev.fuertehoteles.com\/fr\/corporate\/","og_site_name":"Fuerte Hoteles","article_publisher":"https:\/\/www.facebook.com\/HotelesFuerte","article_modified_time":"2022-12-14T08:55:58+00:00","og_image":[{"width":1920,"height":540,"url":"https:\/\/dev.fuertehoteles.com\/wp-content\/uploads\/2021\/12\/corporate-header-3.jpg","type":"image\/jpeg"}],"twitter_card":"summary_large_image","twitter_site":"@fuertehoteles","twitter_misc":{"Dur\u00e9e de lecture estim\u00e9e":"1 minute"},"schema":{"@context":"https:\/\/schema.org","@graph":[{"@type":"WebSite","@id":"https:\/\/dev.fuertehoteles.com\/#website","url":"https:\/\/dev.fuertehoteles.com\/","name":"Fuerte Hoteles","description":"","potentialAction":[{"@type":"SearchAction","target":{"@type":"EntryPoint","urlTemplate":"https:\/\/dev.fuertehoteles.com\/?s={search_term_string}"},"query-input":"required name=search_term_string"}],"inLanguage":"fr-FR"},{"@type":"WebPage","@id":"https:\/\/dev.fuertehoteles.com\/fr\/corporate\/","url":"https:\/\/dev.fuertehoteles.com\/fr\/corporate\/","name":"Informations d'entreprise Fuerte Group Hotels, Andalousie","isPartOf":{"@id":"https:\/\/dev.fuertehoteles.com\/#website"},"datePublished":"2021-12-09T07:26:39+00:00","dateModified":"2022-12-14T08:55:58+00:00","description":"Fuerte Group Hotels informations d'entreprise, divisions, histoire, r\u00e9compenses, certifications et plus de 60 ans de tourisme responsable.","breadcrumb":{"@id":"https:\/\/dev.fuertehoteles.com\/fr\/corporate\/#breadcrumb"},"inLanguage":"fr-FR","potentialAction":[{"@type":"ReadAction","target":["https:\/\/dev.fuertehoteles.com\/fr\/corporate\/"]}]},{"@type":"BreadcrumbList","@id":"https:\/\/dev.fuertehoteles.com\/fr\/corporate\/#breadcrumb","itemListElement":[{"@type":"ListItem","position":1,"name":"Portada","item":"https:\/\/dev.fuertehoteles.com\/fr\/"},{"@type":"ListItem","position":2,"name":"Corporate"}]}]}},"_links":{"self":[{"href":"https:\/\/dev.fuertehoteles.com\/fr\/wp-json\/wp\/v2\/pages\/4262","targetHints":{"allow":["GET"]}}],"collection":[{"href":"https:\/\/dev.fuertehoteles.com\/fr\/wp-json\/wp\/v2\/pages"}],"about":[{"href":"https:\/\/dev.fuertehoteles.com\/fr\/wp-json\/wp\/v2\/types\/page"}],"author":[{"embeddable":true,"href":"https:\/\/dev.fuertehoteles.com\/fr\/wp-json\/wp\/v2\/users\/6"}],"replies":[{"embeddable":true,"href":"https:\/\/dev.fuertehoteles.com\/fr\/wp-json\/wp\/v2\/comments?post=4262"}],"version-history":[{"count":4,"href":"https:\/\/dev.fuertehoteles.com\/fr\/wp-json\/wp\/v2\/pages\/4262\/revisions"}],"predecessor-version":[{"id":148326,"href":"https:\/\/dev.fuertehoteles.com\/fr\/wp-json\/wp\/v2\/pages\/4262\/revisions\/148326"}],"wp:featuredmedia":[{"embeddable":true,"href":"https:\/\/dev.fuertehoteles.com\/fr\/wp-json\/wp\/v2\/media\/3992"}],"wp:attachment":[{"href":"https:\/\/dev.fuertehoteles.com\/fr\/wp-json\/wp\/v2\/media?parent=4262"}],"curies":[{"name":"wp","href":"https:\/\/api.w.org\/{rel}","templated":true}]}}