{"id":7633,"date":"2022-10-07T15:33:46","date_gmt":"2022-10-07T13:33:46","guid":{"rendered":"https:\/\/dev.fuertehoteles.com\/sostenibilidad\/"},"modified":"2023-01-25T10:13:07","modified_gmt":"2023-01-25T09:13:07","slug":"landing-co2","status":"publish","type":"page","link":"https:\/\/dev.fuertehoteles.com\/de\/landing-co2\/","title":{"rendered":"Nachhaltigkeit (OLD)"},"content":{"rendered":"[vc_section el_class=&#8220;fh_clean-seas_title-video-intro&#8220;][vc_row el_class=&#8220;fh_clean-seas_title-video-intro_title&#8220;][vc_column][vc_column_text el_class=&#8220;fh_clean-seas_title-hashtag&#8220;]\n<p style=\"text-align: center;\">#UNSEREVERPFLICHTUNGISTSTARK<\/p>\n[\/vc_column_text][vc_column_text el_class=&#8220;fh_clean-seas_title-1&#8243;]\n<h2 style=\"text-align: center;\">MIT CO<sub>2<\/sub>-ERSPARNIS<\/h2>\n[\/vc_column_text][\/vc_column][\/vc_row][vc_row el_class=&#8220;fh_clean-seas_title-video-intro_video&#8220;][vc_column][vc_raw_html]JTNDZGl2JTIwY2xhc3MlM0QlMjJmaF92aWRlby1jb250YWluZXIlMjIlM0UlMEElM0N2aWRlbyUyMGF1dG9wbGF5JTNEJTIyJTIyJTIwbXV0ZWQlM0QlMjIlMjIlMjBsb29wJTNEJTIyJTIyJTIwcGxheXNpbmxpbmUlM0QlMjIlMjIlMjBpZCUzRCUyMmJmLXZpZGVvLXByZXZpZXclMjIlM0UlMEElMjAlMjAlM0Nzb3VyY2UlMjBzcmMlM0QlMjJodHRwcyUzQSUyRiUyRnByb21vLmZ1ZXJ0ZWhvdGVsZXMuY29tJTJGd3AtY29udGVudCUyRnVwbG9hZHMlMkYyMDIyJTJGMDMlMkZyZWNvcnRlLWVsLXN1ci1xdWUtaGF5LWVuLXRpLm1wNCUyMiUyMHR5cGUlM0QlMjJ2aWRlbyUyRm1wNCUyMiUzRSUwQSUzQyUyRnZpZGVvJTNFJTBBJTNDZGl2JTIwY2xhc3MlM0QlMjJ2aWRlb3BsYXktaWNvbiUyMiUzRSU1QnNjJTIwbmFtZSUzRCUyMnN1bW1lcl8yMDIwX3BsYXklMjIlNUQlM0MlMkZkaXYlM0UlMEElM0NhJTIwaWQlM0QlMjJzdW1tZXItMjAyMi12aWRlby1sYXVuY2hlciUyMiUyMGhyZWYlM0QlMjIlMjMlMjIlM0UlM0MlMkZhJTNFJTBBJTNDJTJGZGl2JTNFJTBB[\/vc_raw_html][\/vc_column][\/vc_row][vc_row el_class=&#8220;fh_clean-seas_title-video-intro_intro&#8220;][vc_column][vc_column_text]\n<p style=\"text-align: center;\">Bei Grupo el Fuerte sind wir dazu bereit, in unserem Engagement f\u00fcr den\u00a0<strong>Schutz unserer Umwelt<\/strong>\u00a0noch einen Schritt zu wagen, wobei wir Sie bieten, dass Sie sich uns anschlie\u00dfen.<\/p>\n<p style=\"text-align: center;\">Wir m\u00f6chten, dass Sie sich uns in dieser festen Verpflichtung zu Energieeffizienz, Ressourceneinsparungen und der Reduzierung und Wiederverwertung von Abf\u00e4llen anschlie\u00dfen, die der Schl\u00fcssel zur\u00a0<strong>Reduzierung des CO2\u00a0<\/strong>und der daraus resultierenden Umweltauswirkungen ist.<\/p>\n[\/vc_column_text][\/vc_column][\/vc_row][\/vc_section][vc_section el_class=&#8220;fh_clean-seas_image-text&#8220;][vc_row equal_height=&#8220;yes&#8220; el_class=&#8220;fh_clean-seas_image-text_row-even&#8220;][vc_column width=&#8220;1\/2&#8243; css=&#8220;.vc_custom_1665149532113{background-image: url(https:\/\/dev.fuertehoteles.com\/wp-content\/uploads\/2022\/10\/placas-solares-grazalema.jpg?id=7626) !important;background-position: center !important;background-repeat: no-repeat !important;background-size: cover !important;}&#8220; el_class=&#8220;fh_clean-seas_image-text_image&#8220;][\/vc_column][vc_column width=&#8220;1\/2&#8243; el_class=&#8220;fh_clean-seas_image-text_text&#8220; css=&#8220;.vc_custom_1665149548881{background-image: url(https:\/\/dev.fuertehoteles.com\/wp-content\/uploads\/2022\/10\/bg-text.png?id=7606) !important;background-position: center !important;background-repeat: no-repeat !important;background-size: cover !important;}&#8220;][vc_column_text el_class=&#8220;fh_clean-seas_image-text_text_list&#8220;]\n<ul>\n<li>Wir stellen alle Lampen auf LED-Lampen um.<\/li>\n<li>Alle Zimmer verf\u00fcgen \u00fcber ein automatisches Abschaltsystem der Klimaanlage, wenn die Fenster ge\u00f6ffnet werden.<\/li>\n<li>Dank Solarenergie nutzen wir erneuerbare Energie zur Erw\u00e4rmung des Wassers in den Zimmern und sparen gro\u00dfe Mengen an fossilen Brennstoffen.<\/li>\n<\/ul>\n[\/vc_column_text][\/vc_column][\/vc_row][vc_row equal_height=&#8220;yes&#8220; el_class=&#8220;fh_clean-seas_image-text_row-odd&#8220;][vc_column width=&#8220;1\/2&#8243; el_class=&#8220;fh_clean-seas_image-text_text&#8220; css=&#8220;.vc_custom_1665149591868{background-image: url(https:\/\/dev.fuertehoteles.com\/wp-content\/uploads\/2022\/10\/bg-texts.png?id=7610) !important;background-position: center !important;background-repeat: no-repeat !important;background-size: cover !important;}&#8220;][vc_column_text el_class=&#8220;fh_clean-seas_image-text_text_list&#8220;]\n<ul>\n<li>Wir verf\u00fcgen \u00fcber Ma\u00dfnahmen zur Kreislaufwirtschaft aufgenommen, die darauf abzielen, die Menge des erzeugten Abfalls zu reduzieren und dies auch zu recyceln.<\/li>\n<li>Wir bevorzugen immer lokale Produkte.<\/li>\n<li>Wir f\u00fchren neben vielen anderen Ma\u00dfnahmen eine umfassende Beobachtung des Energieverbrauchs und der CO2-Bilanz durch.<\/li>\n<\/ul>\n[\/vc_column_text][\/vc_column][vc_column width=&#8220;1\/2&#8243; el_class=&#8220;fh_clean-seas_image-text_image&#8220; css=&#8220;.vc_custom_1665149563568{background-image: url(https:\/\/dev.fuertehoteles.com\/wp-content\/uploads\/2022\/10\/placas-huerto-ecologico-grazalema.jpg?id=7622) !important;background-position: center !important;background-repeat: no-repeat !important;background-size: cover !important;}&#8220;][\/vc_column][\/vc_row][\/vc_section][vc_section el_class=&#8220;fh_clean-seas_closing-text&#8220;][vc_row url=&#8220;url:https%3A%2F%2Fwww.fuertehoteles.com%2Fcorporate%2Fturismo-responsable%2F||target:%20_blank|&#8220;][vc_column][vc_column_text]\n<h3 style=\"text-align: center;\">Entdecken Sie alle Initiativen, indem Sie bei uns<\/h3>\n[\/vc_column_text][vc_column_text el_class=&#8220;fh_clean-seas_closing-text_text-inline&#8220;]\n<p style=\"text-align: center;\">uns bleiben und unseren<\/p>\n[\/vc_column_text][vc_btn title=&#8220;Bericht zur sozialen Verantwortung des Unternehmens lesen&#8220; i_align=&#8220;right&#8220; i_icon_fontawesome=&#8220;&#8220; add_icon=&#8220;true&#8220;][\/vc_column][\/vc_row][\/vc_section][vc_section el_class=&#8220;fh_clean-seas_benefit&#8220;][vc_row equal_height=&#8220;yes&#8220; content_placement=&#8220;middle&#8220;][vc_column width=&#8220;3\/4&#8243; el_class=&#8220;fh_clean-seas_benefit_text&#8220; offset=&#8220;vc_col-lg-8 vc_col-xs-9&#8243;][vc_column_text]\n<h3>Holen Sie sich au\u00dferdem nur im Oktober Ihre wiederverwendbare Flasche und sch\u00fctzen Sie dabei auch die Ozeane mit Fuerte Hoteles<\/h3>\n[\/vc_column_text][vc_column_text]\n<ul>\n<li>Wiederverwendbar und recycelbar<\/li>\n<li>Mit einem Material hergestellt, dass ebenfalls die Umwelt respektiert<\/li>\n<li>Frei von Bisphenol A<\/li>\n<li>Ganz einfach zu reinigen<\/li>\n<li>Mit einem einzigartigen und praktischen Design<\/li>\n<\/ul>\n[\/vc_column_text][vc_column_text el_class=&#8220;fh_clean-seas_text-small fh_clean-seas_text-white&#8220;]*Nur auf Fuerte El Rompido verf\u00fcgbar.[\/vc_column_text][\/vc_column][vc_column width=&#8220;1\/4&#8243; alignment=&#8220;right&#8220; el_class=&#8220;fh_clean-seas_benefit_image&#8220; offset=&#8220;vc_col-lg-4 vc_col-xs-3&#8243;][vc_single_image image=&#8220;7614&#8243; img_size=&#8220;full&#8220;][\/vc_column][\/vc_row][\/vc_section][vc_row el_class=&#8220;fh_clean-seas_space-end-page&#8220;][vc_column][vc_empty_space height=&#8220;260px&#8220;][\/vc_column][\/vc_row]\n","protected":false},"excerpt":{"rendered":"<p>[vc_section el_class=&#8220;fh_clean-seas_title-video-intro&#8220;][vc_row el_class=&#8220;fh_clean-seas_title-video-intro_title&#8220;][vc_column][vc_column_text el_class=&#8220;fh_clean-seas_title-hashtag&#8220;] #UNSEREVERPFLICHTUNGISTSTARK [\/vc_column_text][vc_column_text el_class=&#8220;fh_clean-seas_title-1&#8243;] MIT CO2-ERSPARNIS [\/vc_column_text][\/vc_column][\/vc_row][vc_row el_class=&#8220;fh_clean-seas_title-video-intro_video&#8220;][vc_column][vc_raw_html]JTNDZGl2JTIwY2xhc3MlM0QlMjJmaF92aWRlby1jb250YWluZXIlMjIlM0UlMEElM0N2aWRlbyUyMGF1dG9wbGF5JTNEJTIyJTIyJTIwbXV0ZWQlM0QlMjIlMjIlMjBsb29wJTNEJTIyJTIyJTIwcGxheXNpbmxpbmUlM0QlMjIlMjIlMjBpZCUzRCUyMmJmLXZpZGVvLXByZXZpZXclMjIlM0UlMEElMjAlMjAlM0Nzb3VyY2UlMjBzcmMlM0QlMjJodHRwcyUzQSUyRiUyRnByb21vLmZ1ZXJ0ZWhvdGVsZXMuY29tJTJGd3AtY29udGVudCUyRnVwbG9hZHMlMkYyMDIyJTJGMDMlMkZyZWNvcnRlLWVsLXN1ci1xdWUtaGF5LWVuLXRpLm1wNCUyMiUyMHR5cGUlM0QlMjJ2aWRlbyUyRm1wNCUyMiUzRSUwQSUzQyUyRnZpZGVvJTNFJTBBJTNDZGl2JTIwY2xhc3MlM0QlMjJ2aWRlb3BsYXktaWNvbiUyMiUzRSU1QnNjJTIwbmFtZSUzRCUyMnN1bW1lcl8yMDIwX3BsYXklMjIlNUQlM0MlMkZkaXYlM0UlMEElM0NhJTIwaWQlM0QlMjJzdW1tZXItMjAyMi12aWRlby1sYXVuY2hlciUyMiUyMGhyZWYlM0QlMjIlMjMlMjIlM0UlM0MlMkZhJTNFJTBBJTNDJTJGZGl2JTNFJTBB[\/vc_raw_html][\/vc_column][\/vc_row][vc_row el_class=&#8220;fh_clean-seas_title-video-intro_intro&#8220;][vc_column][vc_column_text] Bei Grupo el Fuerte sind wir dazu bereit, in unserem Engagement f\u00fcr den\u00a0Schutz unserer Umwelt\u00a0noch einen Schritt zu wagen, wobei wir Sie bieten, dass Sie sich uns anschlie\u00dfen. Wir m\u00f6chten, dass Sie sich uns in dieser festen Verpflichtung zu Energieeffizienz, Ressourceneinsparungen und der<\/p>\n","protected":false},"author":6,"featured_media":0,"parent":0,"menu_order":0,"comment_status":"closed","ping_status":"closed","template":"templates\/landings.php","meta":{"footnotes":""},"class_list":["post-7633","page","type-page","status-publish","hentry"],"yoast_head":"<!-- This site is optimized with the Yoast SEO plugin v19.4 - https:\/\/yoast.com\/wordpress\/plugins\/seo\/ -->\n<title>Nachhaltigkeitsma\u00dfnahmen - Fuerte Group Hotels<\/title>\n<meta name=\"description\" content=\"Bei Grupo el Fuerte sind wir dazu bereit, in unserem Engagement f\u00fcr den Schutz unserer Umwelt noch einen Schritt zu wagen.\" \/>\n<meta name=\"robots\" content=\"noindex, follow, max-snippet:-1, max-image-preview:large, max-video-preview:-1\" \/>\n<meta property=\"og:locale\" content=\"de_DE\" \/>\n<meta property=\"og:type\" content=\"article\" \/>\n<meta property=\"og:title\" content=\"Nachhaltigkeitsma\u00dfnahmen - Fuerte Group Hotels\" \/>\n<meta property=\"og:description\" content=\"Bei Grupo el Fuerte sind wir dazu bereit, in unserem Engagement f\u00fcr den Schutz unserer Umwelt noch einen Schritt zu wagen.\" \/>\n<meta property=\"og:url\" content=\"https:\/\/dev.fuertehoteles.com\/de\/landing-co2\/\" \/>\n<meta property=\"og:site_name\" content=\"Fuerte Hoteles\" \/>\n<meta property=\"article:publisher\" content=\"https:\/\/www.facebook.com\/HotelesFuerte\" \/>\n<meta property=\"article:modified_time\" content=\"2023-01-25T09:13:07+00:00\" \/>\n<meta name=\"twitter:card\" content=\"summary_large_image\" \/>\n<meta name=\"twitter:site\" content=\"@fuertehoteles\" \/>\n<meta name=\"twitter:label1\" content=\"Gesch\u00e4tzte Lesezeit\" \/>\n\t<meta name=\"twitter:data1\" content=\"4\u00a0Minuten\" \/>\n<script type=\"application\/ld+json\" class=\"yoast-schema-graph\">{\"@context\":\"https:\/\/schema.org\",\"@graph\":[{\"@type\":\"WebSite\",\"@id\":\"https:\/\/dev.fuertehoteles.com\/#website\",\"url\":\"https:\/\/dev.fuertehoteles.com\/\",\"name\":\"Fuerte Hoteles\",\"description\":\"\",\"potentialAction\":[{\"@type\":\"SearchAction\",\"target\":{\"@type\":\"EntryPoint\",\"urlTemplate\":\"https:\/\/dev.fuertehoteles.com\/?s={search_term_string}\"},\"query-input\":\"required name=search_term_string\"}],\"inLanguage\":\"de\"},{\"@type\":\"WebPage\",\"@id\":\"https:\/\/dev.fuertehoteles.com\/de\/landing-co2\/\",\"url\":\"https:\/\/dev.fuertehoteles.com\/de\/landing-co2\/\",\"name\":\"Nachhaltigkeitsma\u00dfnahmen - Fuerte Group Hotels\",\"isPartOf\":{\"@id\":\"https:\/\/dev.fuertehoteles.com\/#website\"},\"datePublished\":\"2022-10-07T13:33:46+00:00\",\"dateModified\":\"2023-01-25T09:13:07+00:00\",\"description\":\"Bei Grupo el Fuerte sind wir dazu bereit, in unserem Engagement f\u00fcr den Schutz unserer Umwelt noch einen Schritt zu wagen.\",\"breadcrumb\":{\"@id\":\"https:\/\/dev.fuertehoteles.com\/de\/landing-co2\/#breadcrumb\"},\"inLanguage\":\"de\",\"potentialAction\":[{\"@type\":\"ReadAction\",\"target\":[\"https:\/\/dev.fuertehoteles.com\/de\/landing-co2\/\"]}]},{\"@type\":\"BreadcrumbList\",\"@id\":\"https:\/\/dev.fuertehoteles.com\/de\/landing-co2\/#breadcrumb\",\"itemListElement\":[{\"@type\":\"ListItem\",\"position\":1,\"name\":\"Portada\",\"item\":\"https:\/\/dev.fuertehoteles.com\/de\/\"},{\"@type\":\"ListItem\",\"position\":2,\"name\":\"Nachhaltigkeit (OLD)\"}]}]}<\/script>\n<!-- \/ Yoast SEO plugin. -->","yoast_head_json":{"title":"Nachhaltigkeitsma\u00dfnahmen - Fuerte Group Hotels","description":"Bei Grupo el Fuerte sind wir dazu bereit, in unserem Engagement f\u00fcr den Schutz unserer Umwelt noch einen Schritt zu wagen.","robots":{"index":"noindex","follow":"follow","max-snippet":"max-snippet:-1","max-image-preview":"max-image-preview:large","max-video-preview":"max-video-preview:-1"},"og_locale":"de_DE","og_type":"article","og_title":"Nachhaltigkeitsma\u00dfnahmen - Fuerte Group Hotels","og_description":"Bei Grupo el Fuerte sind wir dazu bereit, in unserem Engagement f\u00fcr den Schutz unserer Umwelt noch einen Schritt zu wagen.","og_url":"https:\/\/dev.fuertehoteles.com\/de\/landing-co2\/","og_site_name":"Fuerte Hoteles","article_publisher":"https:\/\/www.facebook.com\/HotelesFuerte","article_modified_time":"2023-01-25T09:13:07+00:00","twitter_card":"summary_large_image","twitter_site":"@fuertehoteles","twitter_misc":{"Gesch\u00e4tzte Lesezeit":"4\u00a0Minuten"},"schema":{"@context":"https:\/\/schema.org","@graph":[{"@type":"WebSite","@id":"https:\/\/dev.fuertehoteles.com\/#website","url":"https:\/\/dev.fuertehoteles.com\/","name":"Fuerte Hoteles","description":"","potentialAction":[{"@type":"SearchAction","target":{"@type":"EntryPoint","urlTemplate":"https:\/\/dev.fuertehoteles.com\/?s={search_term_string}"},"query-input":"required name=search_term_string"}],"inLanguage":"de"},{"@type":"WebPage","@id":"https:\/\/dev.fuertehoteles.com\/de\/landing-co2\/","url":"https:\/\/dev.fuertehoteles.com\/de\/landing-co2\/","name":"Nachhaltigkeitsma\u00dfnahmen - Fuerte Group Hotels","isPartOf":{"@id":"https:\/\/dev.fuertehoteles.com\/#website"},"datePublished":"2022-10-07T13:33:46+00:00","dateModified":"2023-01-25T09:13:07+00:00","description":"Bei Grupo el Fuerte sind wir dazu bereit, in unserem Engagement f\u00fcr den Schutz unserer Umwelt noch einen Schritt zu wagen.","breadcrumb":{"@id":"https:\/\/dev.fuertehoteles.com\/de\/landing-co2\/#breadcrumb"},"inLanguage":"de","potentialAction":[{"@type":"ReadAction","target":["https:\/\/dev.fuertehoteles.com\/de\/landing-co2\/"]}]},{"@type":"BreadcrumbList","@id":"https:\/\/dev.fuertehoteles.com\/de\/landing-co2\/#breadcrumb","itemListElement":[{"@type":"ListItem","position":1,"name":"Portada","item":"https:\/\/dev.fuertehoteles.com\/de\/"},{"@type":"ListItem","position":2,"name":"Nachhaltigkeit (OLD)"}]}]}},"_links":{"self":[{"href":"https:\/\/dev.fuertehoteles.com\/de\/wp-json\/wp\/v2\/pages\/7633","targetHints":{"allow":["GET"]}}],"collection":[{"href":"https:\/\/dev.fuertehoteles.com\/de\/wp-json\/wp\/v2\/pages"}],"about":[{"href":"https:\/\/dev.fuertehoteles.com\/de\/wp-json\/wp\/v2\/types\/page"}],"author":[{"embeddable":true,"href":"https:\/\/dev.fuertehoteles.com\/de\/wp-json\/wp\/v2\/users\/6"}],"replies":[{"embeddable":true,"href":"https:\/\/dev.fuertehoteles.com\/de\/wp-json\/wp\/v2\/comments?post=7633"}],"version-history":[{"count":5,"href":"https:\/\/dev.fuertehoteles.com\/de\/wp-json\/wp\/v2\/pages\/7633\/revisions"}],"predecessor-version":[{"id":148777,"href":"https:\/\/dev.fuertehoteles.com\/de\/wp-json\/wp\/v2\/pages\/7633\/revisions\/148777"}],"wp:attachment":[{"href":"https:\/\/dev.fuertehoteles.com\/de\/wp-json\/wp\/v2\/media?parent=7633"}],"curies":[{"name":"wp","href":"https:\/\/api.w.org\/{rel}","templated":true}]}}