{"id":5106,"date":"2021-12-02T13:22:48","date_gmt":"2021-12-02T12:22:48","guid":{"rendered":"https:\/\/dev.fuertehoteles.com\/resort-fuerte-rompido\/exclusive\/"},"modified":"2022-01-03T12:08:40","modified_gmt":"2022-01-03T11:08:40","slug":"exclusive","status":"publish","type":"page","link":"https:\/\/dev.fuertehoteles.com\/de\/hotel-fuerte-el-rompido\/exclusive\/","title":{"rendered":"Exclusive"},"content":{"rendered":"[vc_section full_width=&#8220;stretch_row&#8220; css_animation=&#8220;none&#8220; css=&#8220;.vc_custom_1612343650561{background-position: center !important;background-repeat: no-repeat !important;background-size: cover !important;}&#8220;][vc_row full_width=&#8220;stretch_row_content_no_spaces&#8220; equal_height=&#8220;yes&#8220; content_placement=&#8220;middle&#8220; css_animation=&#8220;none&#8220; el_class=&#8220;fh-exclusive-row&#8220;][vc_column width=&#8220;1\/2&#8243; css=&#8220;.vc_custom_1641207866201{background-image: url(https:\/\/dev.fuertehoteles.com\/wp-content\/uploads\/2021\/12\/fer-exclusive-main.jpg?id=2992) !important;background-position: center !important;background-repeat: no-repeat !important;background-size: cover !important;}&#8220; el_class=&#8220;fh-exclusive-image&#8220;][vc_empty_space height=&#8220;0&#8243; el_class=&#8220;fh-exclusive-emblem&#8220;][vc_single_image image=&#8220;2992&#8243; img_size=&#8220;full&#8220; alignment=&#8220;center&#8220; el_class=&#8220;only-mobile&#8220;][vc_column_text el_class=&#8220;fh-button-gallery-icon to-right&#8220;]<a id=\"fer-exclusive\" class=\"open_gallery\" href=\"#\"><span class=\"fh-button-gallery-icon-text\">Ver galer\u00eda<\/span><\/a>[\/vc_column_text][vc_column_text]<span class=\"rl-gallery-container rl-loading\" id=\"rl-gallery-container-1\" data-gallery_id=\"2998\"> <span class=\"rl-gallery rl-hidden-gallery rl-hidden-text \" id=\"rl-gallery-1\" data-gallery_no=\"1\"><a href=\"https:\/\/dev.fuertehoteles.com\/wp-content\/uploads\/2021\/12\/fer-exclusive-01.jpg\" class=\"fer-exclusive rl-gallery-link\" title=\"\" data-rl_title=\"\" data-rl_caption=\"\" data-rel=\"lightbox-gallery-1\">Gallery<img decoding=\"async\" src=\"https:\/\/dev.fuertehoteles.com\/wp-content\/uploads\/2021\/12\/fer-exclusive-01-300x169.jpg\" alt=\"\" style=\"display: none;\" \/><\/a> <a href=\"https:\/\/dev.fuertehoteles.com\/wp-content\/uploads\/2021\/12\/exclusive-03-1.jpg\" title=\"\" data-rl_title=\"\" class=\"rl-gallery-link\" data-rl_caption=\"\" data-rel=\"lightbox-gallery-1\" style=\"display: none;\"><img loading=\"lazy\" decoding=\"async\" src=\"https:\/\/dev.fuertehoteles.com\/wp-content\/uploads\/2021\/12\/exclusive-03-1-300x169.jpg\" width=\"300\" height=\"169\" \/><span class=\"rl-gallery-caption\"><span class=\"rl-gallery-item-title\">exclusive-03<\/span><\/span><\/a><a href=\"https:\/\/dev.fuertehoteles.com\/wp-content\/uploads\/2021\/12\/exclusive-02-1.jpg\" title=\"\" data-rl_title=\"\" class=\"rl-gallery-link\" data-rl_caption=\"\" data-rel=\"lightbox-gallery-1\" style=\"display: none;\"><img loading=\"lazy\" decoding=\"async\" src=\"https:\/\/dev.fuertehoteles.com\/wp-content\/uploads\/2021\/12\/exclusive-02-1-300x169.jpg\" width=\"300\" height=\"169\" \/><span class=\"rl-gallery-caption\"><span class=\"rl-gallery-item-title\">exclusive-02<\/span><\/span><\/a> <\/span> <\/span>[\/vc_column_text][\/vc_column][vc_column width=&#8220;1\/2&#8243; el_class=&#8220;fh-exclusive-content&#8220;][vc_column_text css_animation=&#8220;fadeInUp&#8220; el_class=&#8220;fh-exclusive-content-supertitle&#8220;]\n<p style=\"text-align: right;\">EXCLUSIVE<\/p>\n[\/vc_column_text][vc_column_text css_animation=&#8220;fadeInUp&#8220; el_class=&#8220;fh-exclusive-content-title&#8220;]\n<h3 style=\"text-align: right;\">Eine unvergleichliche Erfahrung<\/h3>\n[\/vc_column_text][vc_column_text css_animation=&#8220;fadeInUp&#8220; el_class=&#8220;fh-exclusive-content-divider&#8220;]\n<hr class=\"separator_2c\" \/>\n[\/vc_column_text][vc_column_text css_animation=&#8220;fadeInUp&#8220; el_class=&#8220;fh-exclusive-content-text&#8220;]\n<p style=\"text-align: right;\">Das\u00a0<strong><a href=\"https:\/\/www.fuertehoteles.com\/de\/hotels\/fuerte-rompido-cartaya\/das-hotel\/\" target=\"_blank\" rel=\"noopener\">Fuerte El Rompido<\/a><\/strong>\u00a0ist aufgrund seiner spektakul\u00e4ren Lage auf einem kleinen H\u00fcgel, der die umliegende Naturlandschaft des Piedras Fluss beherrscht, eines der sch\u00f6nsten Hotels der Hotelkette.<\/p>\n<p class=\"p1\" style=\"text-align: right;\">.<\/p>\n[\/vc_column_text][vc_empty_space height=&#8220;25px&#8220;][vc_column_text el_class=&#8220;fh-button&#8220; el_id=&#8220;exclusive-in-room&#8220;]\n<p style=\"text-align: right;\"><a href=\"#\">SIEHE EINZELHEITEN<\/a><\/p>\n[\/vc_column_text]<div id=\"modal-trg-txt-wrap-8428\" class=\"ult-modal-input-wrapper ult-adjust-bottom-margin    \" data-keypress-control=\"keypress-control-enable\" data-overlay-control=\"overlay-control-enable\"><span data-class-id=\"content-69f620a7ab2067-28698262\"><\/span>\r\n\t\t\t\t<script type=\"text\/javascript\">\r\n\t\t\t\t(function($){\r\n\t\t\t\t\t$(document).ready(function(){\r\n\t\t\t\t\t\tvar selector = \"#exclusive-in-room\";\r\n\t\t\t\t\t\t$(selector).addClass(\"custom-ult-modal overlay-show\");\r\n\t\t\t\t\t\t$(selector).attr(\"data-class-id\", \"content-69f620a7ab2067-28698262\");\r\n\t\t\t\t\t\t$(selector).attr(\"data-overlay-class\", \"overlay-slideup\");\r\n\t\t\t\t\t\t$(selector).attr(\"data-keypress-control\", \"keypress-control-enable\");\r\n\t\t\t\t\t\t$(selector).attr(\"data-overlay-control\", \"overlay-control-enable\");\r\n\t\t\t\t\t});\r\n\t\t\t\t})(jQuery);\r\n\t\t\t\t<\/script><\/div>\n<div class=\"ult-overlay content-69f620a7ab2067-28698262 fh-exclusive-modal-content\" data-class=\"content-69f620a7ab2067-28698262\" id=\"button-click-overlay\" style=\"background:rgba(51,51,51,0.8); display:none;\">\n\t<div class=\"ult_modal ult-fade ult-medium\">\n\t\t<div id=\"ult-modal-wrap-7678\" class=\"ult_modal-content ult-hide\" style=\"border-style:solid;border-width:2px;border-radius:0px;border-color:#333333;\">\n\t\t\t<div class=\"ult_modal-header\" style=\"background:#7fbc03;color:#ffffff;border-color:#333333;\">\n\t\t\t\t<h3  data-ultimate-target='#ult-modal-wrap-7678 .ult_modal-title'  data-responsive-json-new='{\"font-size\":\"\",\"line-height\":\"\"}'  class=\"ult_modal-title ult-responsive\">Zimmer<\/h3>\n\t\t\t<\/div>\n\t\t\t<div  data-ultimate-target='#ult-modal-wrap-7678 .ult_modal-body'  data-responsive-json-new='{\"font-size\":\"\",\"line-height\":\"\"}'  class=\"ult_modal-body ult-responsive ult-html\" style=\"\">\n\t\t\t\n<ul>\n<li>\u00a0H\u00f6chst komfortables Bett (Pillow Top)<\/li>\n<li>\u00a0WLAN-Hochgeschwindigkeitsinternet<\/li>\n<li>\u00a0Sp\u00e4tes Auschecken kostenlos (je nach Verf\u00fcgbarkeit)<\/li>\n<li>\u00a0LED-TV 42\u2033 mit verschiedenen Anschlussm\u00f6glichkeiten<\/li>\n<li>\u00a0Willkommensgeschenk<\/li>\n<li>\u00a0Kaffeemaschine (Nespresso)<\/li>\n<li>\u00a0Bademantel, Badeschuhe, Badehandt\u00fccher f\u00fcr den Pool und Annehmlichkeiten<\/li>\n<li>\u00a0Kostenloser Safe<\/li>\n<li>Turn-Down Service<\/li>\n<li>Kostenlose Minibar (erste Nachschub)<\/li>\n<\/ul>\n\n\t\t\t<\/div>\n\t<\/div>\n\t<\/div>\n\t<div class=\"ult-overlay-close top-right\" style=\"width:22px;height:22px; \"><div class=\"ult-overlay-close-inside\">Close<\/div><\/div>\n<\/div>[\/vc_column][\/vc_row][vc_row full_width=&#8220;stretch_row&#8220; css=&#8220;.vc_custom_1641207740220{background: #f5f7f0 url(https:\/\/www.fuertehoteles.com\/wp-content\/uploads\/2020\/01\/bg-ffhh.jpg?id=124830) !important;background-position: center !important;background-repeat: no-repeat !important;background-size: cover !important;}&#8220; el_class=&#8220;fh-exclusive-services-row&#8220;][vc_column][vc_custom_heading text=&#8220;Exklusive-Service&#8220; font_container=&#8220;tag:h3|text_align:center&#8220; use_theme_fonts=&#8220;yes&#8220;][vc_empty_space height=&#8220;20px&#8220;][vc_column_text css_animation=&#8220;none&#8220; el_class=&#8220;fh-exclusive-divider&#8220;]\n<hr \/>\n[\/vc_column_text][vc_empty_space height=&#8220;40px&#8220;][vc_row_inner equal_height=&#8220;yes&#8220; content_placement=&#8220;middle&#8220;][vc_column_inner offset=&#8220;vc_col-lg-6 vc_col-md-6&#8243;][vc_column_text]\n<ul>\n<li>\u00a0Kostenloser Hydrotherapie-Parcours im SPA-Zentrum, je nach Verf\u00fcgbarkeit und nach Vereinbarung (eine Schaltung pro Person und Aufenthalt)<\/li>\n<li>\u00a0Kostenlose balinesischen Bett. Auf Anfrage und mit vorheriger Anmeldung<\/li>\n<li>\u00a0VIP Check-in bis 18:00 Uhr<\/li>\n<li>\u00a02 Konferenzr\u00e4ume (je nach Verf\u00fcgbarkeit)<\/li>\n<\/ul>\n[\/vc_column_text][vc_column_text el_class=&#8220;fh-exclusive-services-notice&#8220;]* Um unseren Exclusive-Service zu nutzen, m\u00fcssen Sie die folgenden Zimmerkategorien buchen: Exclusive Doppelzimmer zur Familiennutzung, Exclusive Junior Suite mit direktem Meerblick und Exclusive Presidential Suite.[\/vc_column_text][\/vc_column_inner][vc_column_inner offset=&#8220;vc_col-lg-6 vc_col-md-6&#8243;][vc_empty_space]<div class=\"mpc-carousel__wrapper mpc-waypoint\"><div id=\"mpc_carousel_image-4069f620a7ab2cf\" class=\"mpc-carousel-image mpc-init mpc-layout--classic mpc-effect--none fh-exclusive-services-slider\"  data-mpcslick='{\"infinite\":true,\"autoplay\":true,\"slidesToShow\":1,\"slidesToScroll\":1,\"centerMode\":false,\"initialSlide\":0,\"autoplaySpeed\":2000,\"fade\":true,\"speed\":500}' data-slick-cols=\"1\"><div target=\"\"class=\"mpc-carousel__item-wrapper\" data-height=\"768\"><div onclick=\"\" class=\"mpc-item mpc-transition\"><div class=\"mpc-border\"><\/div><img loading=\"lazy\" decoding=\"async\" width=\"1440\" height=\"1080\" src=\"https:\/\/dev.fuertehoteles.com\/wp-content\/uploads\/2021\/12\/fer-exclusive-02.jpg\" class=\"mpc-transition attachment-full\" alt=\"\" srcset=\"https:\/\/dev.fuertehoteles.com\/wp-content\/uploads\/2021\/12\/fer-exclusive-02.jpg 1440w, https:\/\/dev.fuertehoteles.com\/wp-content\/uploads\/2021\/12\/fer-exclusive-02-300x225.jpg 300w, https:\/\/dev.fuertehoteles.com\/wp-content\/uploads\/2021\/12\/fer-exclusive-02-1024x768.jpg 1024w, https:\/\/dev.fuertehoteles.com\/wp-content\/uploads\/2021\/12\/fer-exclusive-02-768x576.jpg 768w\" sizes=\"auto, (max-width: 1440px) 100vw, 1440px\" \/><\/div><\/div><div target=\"\"class=\"mpc-carousel__item-wrapper\" data-height=\"768\"><div onclick=\"\" class=\"mpc-item mpc-transition\"><div class=\"mpc-border\"><\/div><img loading=\"lazy\" decoding=\"async\" width=\"1440\" height=\"1080\" src=\"https:\/\/dev.fuertehoteles.com\/wp-content\/uploads\/2021\/12\/fer-exclusive-03.jpg\" class=\"mpc-transition attachment-full\" alt=\"\" srcset=\"https:\/\/dev.fuertehoteles.com\/wp-content\/uploads\/2021\/12\/fer-exclusive-03.jpg 1440w, https:\/\/dev.fuertehoteles.com\/wp-content\/uploads\/2021\/12\/fer-exclusive-03-300x225.jpg 300w, https:\/\/dev.fuertehoteles.com\/wp-content\/uploads\/2021\/12\/fer-exclusive-03-1024x768.jpg 1024w, https:\/\/dev.fuertehoteles.com\/wp-content\/uploads\/2021\/12\/fer-exclusive-03-768x576.jpg 768w\" sizes=\"auto, (max-width: 1440px) 100vw, 1440px\" \/><\/div><\/div><div target=\"\"class=\"mpc-carousel__item-wrapper\" data-height=\"768\"><div onclick=\"\" class=\"mpc-item mpc-transition\"><div class=\"mpc-border\"><\/div><img loading=\"lazy\" decoding=\"async\" width=\"1440\" height=\"1080\" src=\"https:\/\/dev.fuertehoteles.com\/wp-content\/uploads\/2021\/12\/fer-exclusive-04.jpg\" class=\"mpc-transition attachment-full\" alt=\"\" srcset=\"https:\/\/dev.fuertehoteles.com\/wp-content\/uploads\/2021\/12\/fer-exclusive-04.jpg 1440w, https:\/\/dev.fuertehoteles.com\/wp-content\/uploads\/2021\/12\/fer-exclusive-04-300x225.jpg 300w, https:\/\/dev.fuertehoteles.com\/wp-content\/uploads\/2021\/12\/fer-exclusive-04-1024x768.jpg 1024w, https:\/\/dev.fuertehoteles.com\/wp-content\/uploads\/2021\/12\/fer-exclusive-04-768x576.jpg 768w\" sizes=\"auto, (max-width: 1440px) 100vw, 1440px\" \/><\/div><\/div><\/div><div class=\"mpc-navigation mpc-init mpc-align--right mpc-navigation--style_1  mpc-nav-preset--default\" data-mpcslider=\"mpc_carousel_image-4069f620a7ab2cf\"><div class=\"mpc-nav__arrow mpcslick-prev\"><div class=\"mpc-nav__icon mpc-transition\"><i class=\" eti eti_arrow_carrot-left\"><div class=\"mpc-nav__background mpc-transition mpc-effect-type--slide mpc-effect-side--top\"><\/div><\/i><\/div><\/div><div class=\"mpc-nav__arrow mpcslick-next\"><div class=\"mpc-nav__icon mpc-transition\"><i class=\" eti eti_arrow_carrot-right\"><div class=\"mpc-nav__background mpc-transition mpc-effect-type--slide mpc-effect-side--top\"><\/div><\/i><\/div><\/div><\/div><\/div>[\/vc_column_inner][\/vc_row_inner][vc_empty_space height=&#8220;200px&#8220;][\/vc_column][\/vc_row][\/vc_section]\n","protected":false},"excerpt":{"rendered":"<p>[vc_section full_width=&#8220;stretch_row&#8220; css_animation=&#8220;none&#8220; css=&#8220;.vc_custom_1612343650561{background-position: center !important;background-repeat: no-repeat !important;background-size: cover !important;}&#8220;][vc_row full_width=&#8220;stretch_row_content_no_spaces&#8220; equal_height=&#8220;yes&#8220; content_placement=&#8220;middle&#8220; css_animation=&#8220;none&#8220; el_class=&#8220;fh-exclusive-row&#8220;][vc_column width=&#8220;1\/2&#8243; css=&#8220;.vc_custom_1641207866201{background-image: url(https:\/\/dev.fuertehoteles.com\/wp-content\/uploads\/2021\/12\/fer-exclusive-main.jpg?id=2992) !important;background-position: center !important;background-repeat: no-repeat !important;background-size: cover !important;}&#8220; el_class=&#8220;fh-exclusive-image&#8220;][vc_empty_space height=&#8220;0&#8243; el_class=&#8220;fh-exclusive-emblem&#8220;][vc_single_image image=&#8220;2992&#8243; img_size=&#8220;full&#8220; alignment=&#8220;center&#8220; el_class=&#8220;only-mobile&#8220;][vc_column_text el_class=&#8220;fh-button-gallery-icon to-right&#8220;]Ver galer\u00eda[\/vc_column_text][vc_column_text][\/vc_column_text][\/vc_column][vc_column width=&#8220;1\/2&#8243; el_class=&#8220;fh-exclusive-content&#8220;][vc_column_text css_animation=&#8220;fadeInUp&#8220; el_class=&#8220;fh-exclusive-content-supertitle&#8220;] EXCLUSIVE [\/vc_column_text][vc_column_text css_animation=&#8220;fadeInUp&#8220; el_class=&#8220;fh-exclusive-content-title&#8220;] Eine unvergleichliche Erfahrung [\/vc_column_text][vc_column_text css_animation=&#8220;fadeInUp&#8220; el_class=&#8220;fh-exclusive-content-divider&#8220;] [\/vc_column_text][vc_column_text css_animation=&#8220;fadeInUp&#8220; el_class=&#8220;fh-exclusive-content-text&#8220;] Das\u00a0Fuerte El Rompido\u00a0ist<\/p>\n","protected":false},"author":6,"featured_media":2996,"parent":4330,"menu_order":0,"comment_status":"closed","ping_status":"closed","template":"templates\/hotel-exclusive.php","meta":{"footnotes":""},"class_list":["post-5106","page","type-page","status-publish","hentry"],"yoast_head":"<!-- This site is optimized with the Yoast SEO plugin v19.4 - https:\/\/yoast.com\/wordpress\/plugins\/seo\/ -->\n<title>Exklusive-Service, Fuerte Conil-El Rompido Huelva<\/title>\n<meta name=\"description\" content=\"Eleganz und Luxus mit einem au\u00dfergew\u00f6hnlichen Service und mehr als 60 Jahre Erfahrung. Exklusive-Service Hotel Fuerte El Rompido Huelva\" \/>\n<meta name=\"robots\" content=\"noindex, follow, max-snippet:-1, max-image-preview:large, max-video-preview:-1\" \/>\n<meta property=\"og:locale\" content=\"de_DE\" \/>\n<meta property=\"og:type\" content=\"article\" \/>\n<meta property=\"og:title\" content=\"Exklusive-Service, Fuerte Conil-El Rompido Huelva\" \/>\n<meta property=\"og:description\" content=\"Eleganz und Luxus mit einem au\u00dfergew\u00f6hnlichen Service und mehr als 60 Jahre Erfahrung. Exklusive-Service Hotel Fuerte El Rompido Huelva\" \/>\n<meta property=\"og:url\" content=\"https:\/\/dev.fuertehoteles.com\/de\/hotel-fuerte-el-rompido\/exclusive\/\" \/>\n<meta property=\"og:site_name\" content=\"Fuerte Hoteles\" \/>\n<meta property=\"article:publisher\" content=\"https:\/\/www.facebook.com\/HotelesFuerte\" \/>\n<meta property=\"article:modified_time\" content=\"2022-01-03T11:08:40+00:00\" \/>\n<meta property=\"og:image\" content=\"https:\/\/dev.fuertehoteles.com\/wp-content\/uploads\/2021\/12\/exclusive-header-FER.jpg\" \/>\n\t<meta property=\"og:image:width\" content=\"1920\" \/>\n\t<meta property=\"og:image:height\" content=\"540\" \/>\n\t<meta property=\"og:image:type\" content=\"image\/jpeg\" \/>\n<meta name=\"twitter:card\" content=\"summary_large_image\" \/>\n<meta name=\"twitter:site\" content=\"@fuertehoteles\" \/>\n<meta name=\"twitter:label1\" content=\"Gesch\u00e4tzte Lesezeit\" \/>\n\t<meta name=\"twitter:data1\" content=\"2\u00a0Minuten\" \/>\n<script type=\"application\/ld+json\" class=\"yoast-schema-graph\">{\"@context\":\"https:\/\/schema.org\",\"@graph\":[{\"@type\":\"WebSite\",\"@id\":\"https:\/\/dev.fuertehoteles.com\/#website\",\"url\":\"https:\/\/dev.fuertehoteles.com\/\",\"name\":\"Fuerte Hoteles\",\"description\":\"\",\"potentialAction\":[{\"@type\":\"SearchAction\",\"target\":{\"@type\":\"EntryPoint\",\"urlTemplate\":\"https:\/\/dev.fuertehoteles.com\/?s={search_term_string}\"},\"query-input\":\"required name=search_term_string\"}],\"inLanguage\":\"de\"},{\"@type\":\"WebPage\",\"@id\":\"https:\/\/dev.fuertehoteles.com\/de\/hotel-fuerte-el-rompido\/exclusive\/\",\"url\":\"https:\/\/dev.fuertehoteles.com\/de\/hotel-fuerte-el-rompido\/exclusive\/\",\"name\":\"Exklusive-Service, Fuerte Conil-El Rompido Huelva\",\"isPartOf\":{\"@id\":\"https:\/\/dev.fuertehoteles.com\/#website\"},\"datePublished\":\"2021-12-02T12:22:48+00:00\",\"dateModified\":\"2022-01-03T11:08:40+00:00\",\"description\":\"Eleganz und Luxus mit einem au\u00dfergew\u00f6hnlichen Service und mehr als 60 Jahre Erfahrung. Exklusive-Service Hotel Fuerte El Rompido Huelva\",\"breadcrumb\":{\"@id\":\"https:\/\/dev.fuertehoteles.com\/de\/hotel-fuerte-el-rompido\/exclusive\/#breadcrumb\"},\"inLanguage\":\"de\",\"potentialAction\":[{\"@type\":\"ReadAction\",\"target\":[\"https:\/\/dev.fuertehoteles.com\/de\/hotel-fuerte-el-rompido\/exclusive\/\"]}]},{\"@type\":\"BreadcrumbList\",\"@id\":\"https:\/\/dev.fuertehoteles.com\/de\/hotel-fuerte-el-rompido\/exclusive\/#breadcrumb\",\"itemListElement\":[{\"@type\":\"ListItem\",\"position\":1,\"name\":\"Portada\",\"item\":\"https:\/\/dev.fuertehoteles.com\/de\/\"},{\"@type\":\"ListItem\",\"position\":2,\"name\":\"Fuerte El Rompido\",\"item\":\"https:\/\/dev.fuertehoteles.com\/de\/hotel-fuerte-el-rompido\/\"},{\"@type\":\"ListItem\",\"position\":3,\"name\":\"Exclusive\"}]}]}<\/script>\n<!-- \/ Yoast SEO plugin. -->","yoast_head_json":{"title":"Exklusive-Service, Fuerte Conil-El Rompido Huelva","description":"Eleganz und Luxus mit einem au\u00dfergew\u00f6hnlichen Service und mehr als 60 Jahre Erfahrung. Exklusive-Service Hotel Fuerte El Rompido Huelva","robots":{"index":"noindex","follow":"follow","max-snippet":"max-snippet:-1","max-image-preview":"max-image-preview:large","max-video-preview":"max-video-preview:-1"},"og_locale":"de_DE","og_type":"article","og_title":"Exklusive-Service, Fuerte Conil-El Rompido Huelva","og_description":"Eleganz und Luxus mit einem au\u00dfergew\u00f6hnlichen Service und mehr als 60 Jahre Erfahrung. Exklusive-Service Hotel Fuerte El Rompido Huelva","og_url":"https:\/\/dev.fuertehoteles.com\/de\/hotel-fuerte-el-rompido\/exclusive\/","og_site_name":"Fuerte Hoteles","article_publisher":"https:\/\/www.facebook.com\/HotelesFuerte","article_modified_time":"2022-01-03T11:08:40+00:00","og_image":[{"width":1920,"height":540,"url":"https:\/\/dev.fuertehoteles.com\/wp-content\/uploads\/2021\/12\/exclusive-header-FER.jpg","type":"image\/jpeg"}],"twitter_card":"summary_large_image","twitter_site":"@fuertehoteles","twitter_misc":{"Gesch\u00e4tzte Lesezeit":"2\u00a0Minuten"},"schema":{"@context":"https:\/\/schema.org","@graph":[{"@type":"WebSite","@id":"https:\/\/dev.fuertehoteles.com\/#website","url":"https:\/\/dev.fuertehoteles.com\/","name":"Fuerte Hoteles","description":"","potentialAction":[{"@type":"SearchAction","target":{"@type":"EntryPoint","urlTemplate":"https:\/\/dev.fuertehoteles.com\/?s={search_term_string}"},"query-input":"required name=search_term_string"}],"inLanguage":"de"},{"@type":"WebPage","@id":"https:\/\/dev.fuertehoteles.com\/de\/hotel-fuerte-el-rompido\/exclusive\/","url":"https:\/\/dev.fuertehoteles.com\/de\/hotel-fuerte-el-rompido\/exclusive\/","name":"Exklusive-Service, Fuerte Conil-El Rompido Huelva","isPartOf":{"@id":"https:\/\/dev.fuertehoteles.com\/#website"},"datePublished":"2021-12-02T12:22:48+00:00","dateModified":"2022-01-03T11:08:40+00:00","description":"Eleganz und Luxus mit einem au\u00dfergew\u00f6hnlichen Service und mehr als 60 Jahre Erfahrung. Exklusive-Service Hotel Fuerte El Rompido Huelva","breadcrumb":{"@id":"https:\/\/dev.fuertehoteles.com\/de\/hotel-fuerte-el-rompido\/exclusive\/#breadcrumb"},"inLanguage":"de","potentialAction":[{"@type":"ReadAction","target":["https:\/\/dev.fuertehoteles.com\/de\/hotel-fuerte-el-rompido\/exclusive\/"]}]},{"@type":"BreadcrumbList","@id":"https:\/\/dev.fuertehoteles.com\/de\/hotel-fuerte-el-rompido\/exclusive\/#breadcrumb","itemListElement":[{"@type":"ListItem","position":1,"name":"Portada","item":"https:\/\/dev.fuertehoteles.com\/de\/"},{"@type":"ListItem","position":2,"name":"Fuerte El Rompido","item":"https:\/\/dev.fuertehoteles.com\/de\/hotel-fuerte-el-rompido\/"},{"@type":"ListItem","position":3,"name":"Exclusive"}]}]}},"_links":{"self":[{"href":"https:\/\/dev.fuertehoteles.com\/de\/wp-json\/wp\/v2\/pages\/5106","targetHints":{"allow":["GET"]}}],"collection":[{"href":"https:\/\/dev.fuertehoteles.com\/de\/wp-json\/wp\/v2\/pages"}],"about":[{"href":"https:\/\/dev.fuertehoteles.com\/de\/wp-json\/wp\/v2\/types\/page"}],"author":[{"embeddable":true,"href":"https:\/\/dev.fuertehoteles.com\/de\/wp-json\/wp\/v2\/users\/6"}],"replies":[{"embeddable":true,"href":"https:\/\/dev.fuertehoteles.com\/de\/wp-json\/wp\/v2\/comments?post=5106"}],"version-history":[{"count":3,"href":"https:\/\/dev.fuertehoteles.com\/de\/wp-json\/wp\/v2\/pages\/5106\/revisions"}],"predecessor-version":[{"id":5115,"href":"https:\/\/dev.fuertehoteles.com\/de\/wp-json\/wp\/v2\/pages\/5106\/revisions\/5115"}],"up":[{"embeddable":true,"href":"https:\/\/dev.fuertehoteles.com\/de\/wp-json\/wp\/v2\/pages\/4330"}],"wp:featuredmedia":[{"embeddable":true,"href":"https:\/\/dev.fuertehoteles.com\/de\/wp-json\/wp\/v2\/media\/2996"}],"wp:attachment":[{"href":"https:\/\/dev.fuertehoteles.com\/de\/wp-json\/wp\/v2\/media?parent=5106"}],"curies":[{"name":"wp","href":"https:\/\/api.w.org\/{rel}","templated":true}]}}