{"id":4493,"date":"2021-12-09T09:39:46","date_gmt":"2021-12-09T08:39:46","guid":{"rendered":"https:\/\/dev.fuertehoteles.com\/corporate\/recursos-humanos\/"},"modified":"2023-01-16T08:38:43","modified_gmt":"2023-01-16T07:38:43","slug":"arbeite-mit-uns","status":"publish","type":"page","link":"https:\/\/dev.fuertehoteles.com\/de\/corporate\/arbeite-mit-uns\/","title":{"rendered":"Arbeite mit uns"},"content":{"rendered":"[vc_row][vc_column][vc_column_text]Die\u00a0<strong>Fuerte Group Hotels\u00a0<\/strong>\u00a0ist ein Unternehmen mit Familiencharakter, f\u00fcr das das Wohl und die Zufriedenheit seiner Mitarbeiter im Vordergrund stehen. Wir bieten Programme zur kontinuierlichen Fortbildung, vielf\u00e4ltige M\u00f6glichkeiten zur beruflichen Weiterentwicklung und eine Reihe von sozialen Vorteilen f\u00fcr Sie und Ihre Familie.<\/p>\n<p>Wenn Sie zu unserer Gruppe geh\u00f6ren oder Lieferant werden wollen, w\u00fcrden wir uns freuen, Sie kennen zu lernen und mit Ihnen zu\u00a0<a title=\"Arbeitsangebote\" href=\"https:\/\/talent.fuerte-group.com\/\" target=\"_blank\" rel=\"noopener\">arbeiten<\/a>. Sie k\u00f6nnen uns kontaktieren unter:<\/p>\n<p>Recursos Humanos<br \/>\nFuerte Group Hotels<br \/>\nTel.: (+34) 650 088 090<br \/>\ne-mail: rrhh@fuerte-group.com[\/vc_column_text][\/vc_column][\/vc_row]\n","protected":false},"excerpt":{"rendered":"<p>[vc_row][vc_column][vc_column_text]Die\u00a0Fuerte Group Hotels\u00a0\u00a0ist ein Unternehmen mit Familiencharakter, f\u00fcr das das Wohl und die Zufriedenheit seiner Mitarbeiter im Vordergrund stehen. Wir bieten Programme zur kontinuierlichen Fortbildung, vielf\u00e4ltige M\u00f6glichkeiten zur beruflichen Weiterentwicklung und eine Reihe von sozialen Vorteilen f\u00fcr Sie und Ihre Familie. Wenn Sie zu unserer Gruppe geh\u00f6ren oder Lieferant werden wollen, w\u00fcrden wir uns freuen,<\/p>\n","protected":false},"author":6,"featured_media":4063,"parent":4263,"menu_order":0,"comment_status":"closed","ping_status":"closed","template":"templates\/corporate-subpages.php","meta":{"footnotes":""},"class_list":["post-4493","page","type-page","status-publish","hentry"],"yoast_head":"<!-- This site is optimized with the Yoast SEO plugin v19.4 - https:\/\/yoast.com\/wordpress\/plugins\/seo\/ -->\n<title>Arbeiten Sie bei Fuerte Group Hotels Andalusien<\/title>\n<meta name=\"description\" content=\"Schicken Sie uns Ihren Lebenslauf und beginnen Sie bei Fuerte Group Hotels zu arbeiten. Setzen Sie sich mit uns in Verbindung und finden Sie Ihr Stellenangebot\" \/>\n<meta name=\"robots\" content=\"noindex, follow, max-snippet:-1, max-image-preview:large, max-video-preview:-1\" \/>\n<meta property=\"og:locale\" content=\"de_DE\" \/>\n<meta property=\"og:type\" content=\"article\" \/>\n<meta property=\"og:title\" content=\"Arbeiten Sie bei Fuerte Group Hotels Andalusien\" \/>\n<meta property=\"og:description\" content=\"Schicken Sie uns Ihren Lebenslauf und beginnen Sie bei Fuerte Group Hotels zu arbeiten. Setzen Sie sich mit uns in Verbindung und finden Sie Ihr Stellenangebot\" \/>\n<meta property=\"og:url\" content=\"https:\/\/dev.fuertehoteles.com\/de\/corporate\/arbeite-mit-uns\/\" \/>\n<meta property=\"og:site_name\" content=\"Fuerte Hoteles\" \/>\n<meta property=\"article:publisher\" content=\"https:\/\/www.facebook.com\/HotelesFuerte\" \/>\n<meta property=\"article:modified_time\" content=\"2023-01-16T07:38:43+00:00\" \/>\n<meta property=\"og:image\" content=\"https:\/\/dev.fuertehoteles.com\/wp-content\/uploads\/2021\/12\/cabecera-recursos-humanos-2.jpg\" \/>\n\t<meta property=\"og:image:width\" content=\"1920\" \/>\n\t<meta property=\"og:image:height\" content=\"540\" \/>\n\t<meta property=\"og:image:type\" content=\"image\/jpeg\" \/>\n<meta name=\"twitter:card\" content=\"summary_large_image\" \/>\n<meta name=\"twitter:site\" content=\"@fuertehoteles\" \/>\n<meta name=\"twitter:label1\" content=\"Gesch\u00e4tzte Lesezeit\" \/>\n\t<meta name=\"twitter:data1\" content=\"1\u00a0Minute\" \/>\n<script type=\"application\/ld+json\" class=\"yoast-schema-graph\">{\"@context\":\"https:\/\/schema.org\",\"@graph\":[{\"@type\":\"WebSite\",\"@id\":\"https:\/\/dev.fuertehoteles.com\/#website\",\"url\":\"https:\/\/dev.fuertehoteles.com\/\",\"name\":\"Fuerte Hoteles\",\"description\":\"\",\"potentialAction\":[{\"@type\":\"SearchAction\",\"target\":{\"@type\":\"EntryPoint\",\"urlTemplate\":\"https:\/\/dev.fuertehoteles.com\/?s={search_term_string}\"},\"query-input\":\"required name=search_term_string\"}],\"inLanguage\":\"de\"},{\"@type\":\"WebPage\",\"@id\":\"https:\/\/dev.fuertehoteles.com\/de\/corporate\/arbeite-mit-uns\/\",\"url\":\"https:\/\/dev.fuertehoteles.com\/de\/corporate\/arbeite-mit-uns\/\",\"name\":\"Arbeiten Sie bei Fuerte Group Hotels Andalusien\",\"isPartOf\":{\"@id\":\"https:\/\/dev.fuertehoteles.com\/#website\"},\"datePublished\":\"2021-12-09T08:39:46+00:00\",\"dateModified\":\"2023-01-16T07:38:43+00:00\",\"description\":\"Schicken Sie uns Ihren Lebenslauf und beginnen Sie bei Fuerte Group Hotels zu arbeiten. Setzen Sie sich mit uns in Verbindung und finden Sie Ihr Stellenangebot\",\"breadcrumb\":{\"@id\":\"https:\/\/dev.fuertehoteles.com\/de\/corporate\/arbeite-mit-uns\/#breadcrumb\"},\"inLanguage\":\"de\",\"potentialAction\":[{\"@type\":\"ReadAction\",\"target\":[\"https:\/\/dev.fuertehoteles.com\/de\/corporate\/arbeite-mit-uns\/\"]}]},{\"@type\":\"BreadcrumbList\",\"@id\":\"https:\/\/dev.fuertehoteles.com\/de\/corporate\/arbeite-mit-uns\/#breadcrumb\",\"itemListElement\":[{\"@type\":\"ListItem\",\"position\":1,\"name\":\"Portada\",\"item\":\"https:\/\/dev.fuertehoteles.com\/de\/\"},{\"@type\":\"ListItem\",\"position\":2,\"name\":\"Corporate\",\"item\":\"https:\/\/dev.fuertehoteles.com\/de\/corporate\/\"},{\"@type\":\"ListItem\",\"position\":3,\"name\":\"Arbeite mit uns\"}]}]}<\/script>\n<!-- \/ Yoast SEO plugin. -->","yoast_head_json":{"title":"Arbeiten Sie bei Fuerte Group Hotels Andalusien","description":"Schicken Sie uns Ihren Lebenslauf und beginnen Sie bei Fuerte Group Hotels zu arbeiten. Setzen Sie sich mit uns in Verbindung und finden Sie Ihr Stellenangebot","robots":{"index":"noindex","follow":"follow","max-snippet":"max-snippet:-1","max-image-preview":"max-image-preview:large","max-video-preview":"max-video-preview:-1"},"og_locale":"de_DE","og_type":"article","og_title":"Arbeiten Sie bei Fuerte Group Hotels Andalusien","og_description":"Schicken Sie uns Ihren Lebenslauf und beginnen Sie bei Fuerte Group Hotels zu arbeiten. Setzen Sie sich mit uns in Verbindung und finden Sie Ihr Stellenangebot","og_url":"https:\/\/dev.fuertehoteles.com\/de\/corporate\/arbeite-mit-uns\/","og_site_name":"Fuerte Hoteles","article_publisher":"https:\/\/www.facebook.com\/HotelesFuerte","article_modified_time":"2023-01-16T07:38:43+00:00","og_image":[{"width":1920,"height":540,"url":"https:\/\/dev.fuertehoteles.com\/wp-content\/uploads\/2021\/12\/cabecera-recursos-humanos-2.jpg","type":"image\/jpeg"}],"twitter_card":"summary_large_image","twitter_site":"@fuertehoteles","twitter_misc":{"Gesch\u00e4tzte Lesezeit":"1\u00a0Minute"},"schema":{"@context":"https:\/\/schema.org","@graph":[{"@type":"WebSite","@id":"https:\/\/dev.fuertehoteles.com\/#website","url":"https:\/\/dev.fuertehoteles.com\/","name":"Fuerte Hoteles","description":"","potentialAction":[{"@type":"SearchAction","target":{"@type":"EntryPoint","urlTemplate":"https:\/\/dev.fuertehoteles.com\/?s={search_term_string}"},"query-input":"required name=search_term_string"}],"inLanguage":"de"},{"@type":"WebPage","@id":"https:\/\/dev.fuertehoteles.com\/de\/corporate\/arbeite-mit-uns\/","url":"https:\/\/dev.fuertehoteles.com\/de\/corporate\/arbeite-mit-uns\/","name":"Arbeiten Sie bei Fuerte Group Hotels Andalusien","isPartOf":{"@id":"https:\/\/dev.fuertehoteles.com\/#website"},"datePublished":"2021-12-09T08:39:46+00:00","dateModified":"2023-01-16T07:38:43+00:00","description":"Schicken Sie uns Ihren Lebenslauf und beginnen Sie bei Fuerte Group Hotels zu arbeiten. Setzen Sie sich mit uns in Verbindung und finden Sie Ihr Stellenangebot","breadcrumb":{"@id":"https:\/\/dev.fuertehoteles.com\/de\/corporate\/arbeite-mit-uns\/#breadcrumb"},"inLanguage":"de","potentialAction":[{"@type":"ReadAction","target":["https:\/\/dev.fuertehoteles.com\/de\/corporate\/arbeite-mit-uns\/"]}]},{"@type":"BreadcrumbList","@id":"https:\/\/dev.fuertehoteles.com\/de\/corporate\/arbeite-mit-uns\/#breadcrumb","itemListElement":[{"@type":"ListItem","position":1,"name":"Portada","item":"https:\/\/dev.fuertehoteles.com\/de\/"},{"@type":"ListItem","position":2,"name":"Corporate","item":"https:\/\/dev.fuertehoteles.com\/de\/corporate\/"},{"@type":"ListItem","position":3,"name":"Arbeite mit uns"}]}]}},"_links":{"self":[{"href":"https:\/\/dev.fuertehoteles.com\/de\/wp-json\/wp\/v2\/pages\/4493","targetHints":{"allow":["GET"]}}],"collection":[{"href":"https:\/\/dev.fuertehoteles.com\/de\/wp-json\/wp\/v2\/pages"}],"about":[{"href":"https:\/\/dev.fuertehoteles.com\/de\/wp-json\/wp\/v2\/types\/page"}],"author":[{"embeddable":true,"href":"https:\/\/dev.fuertehoteles.com\/de\/wp-json\/wp\/v2\/users\/6"}],"replies":[{"embeddable":true,"href":"https:\/\/dev.fuertehoteles.com\/de\/wp-json\/wp\/v2\/comments?post=4493"}],"version-history":[{"count":4,"href":"https:\/\/dev.fuertehoteles.com\/de\/wp-json\/wp\/v2\/pages\/4493\/revisions"}],"predecessor-version":[{"id":148770,"href":"https:\/\/dev.fuertehoteles.com\/de\/wp-json\/wp\/v2\/pages\/4493\/revisions\/148770"}],"up":[{"embeddable":true,"href":"https:\/\/dev.fuertehoteles.com\/de\/wp-json\/wp\/v2\/pages\/4263"}],"wp:featuredmedia":[{"embeddable":true,"href":"https:\/\/dev.fuertehoteles.com\/de\/wp-json\/wp\/v2\/media\/4063"}],"wp:attachment":[{"href":"https:\/\/dev.fuertehoteles.com\/de\/wp-json\/wp\/v2\/media?parent=4493"}],"curies":[{"name":"wp","href":"https:\/\/api.w.org\/{rel}","templated":true}]}}