{"id":4484,"date":"2021-12-09T09:37:44","date_gmt":"2021-12-09T08:37:44","guid":{"rendered":"https:\/\/dev.fuertehoteles.com\/corporate\/proveedores\/"},"modified":"2021-12-20T12:45:03","modified_gmt":"2021-12-20T11:45:03","slug":"lieferanten-der-gruppe","status":"publish","type":"page","link":"https:\/\/dev.fuertehoteles.com\/de\/corporate\/lieferanten-der-gruppe\/","title":{"rendered":"Lieferanten"},"content":{"rendered":"[vc_row css=&#8220;.vc_custom_1632998957774{margin-bottom: 30px !important;}&#8220;][vc_column][vc_column_text]\n<p style=\"text-align: center;\">Die sorgf\u00e4ltige Auswahl unserer Lieferanten ist ein wesentlicher Faktor in Bezug auf die Erf\u00fcllung des Kompromisses der\u00a0<strong>Fuerte Group Hotels<\/strong>, seinen G\u00e4sten erstklassige Produkte anzubieten, die sich ihren spezifischen Bed\u00fcrfnissen anpassen. Der Erfolg dieses Unternehmens h\u00e4ngt gr\u00f6\u00dftenteils davon ab, dass der Service zwischen unseren Abteilungen und unseren Lieferanten optimal abl\u00e4uft. Dazu haben wir eine intelligente und effiziente Einkaufsorganisation entwickelt, die von hoch motiviertem und f\u00e4higem Personal betreut wird.<\/p>\n[\/vc_column_text][\/vc_column][\/vc_row][vc_row css=&#8220;.vc_custom_1632998296127{margin-bottom: 30px !important;}&#8220;][vc_column][vc_column_text]\n<h2>Lieferanten \u2013 Politik<\/h2>\n[\/vc_column_text][vc_column_text css_animation=&#8220;none&#8220; el_class=&#8220;fh-corporate-content-divider&#8220;]\n<hr \/>\n[\/vc_column_text][vc_column_text]Die Einkaufsabteilung hat innerhalb der\u00a0<strong>Fuerte Group Hotels<\/strong>\u00a0einen einzigartigen Stellenwert und einen bemerkenswerten Einfluss auf unser Produkt-Portfolio. Je besser das Einkaufsmanagement, desto bessere Produkte k\u00f6nnen wir anbieten. Nach diesem Prinzip versuchen wir bei der Arbeit mit unseren Lieferanten starke Beziehungen aufzubauen. Eine Allianz, die es uns erm\u00f6glicht, die Anforderungen unserer G\u00e4ste zu erreichen und zu \u00fcbertreffen und uns den Herausforderungen des Marktes zu stellen.[\/vc_column_text][\/vc_column][\/vc_row][vc_row css=&#8220;.vc_custom_1632998585282{margin-bottom: 30px !important;}&#8220;][vc_column][vc_column_text]\n<h2>Lieferanten \u2013 Ziele<\/h2>\n[\/vc_column_text][vc_column_text css_animation=&#8220;none&#8220; el_class=&#8220;fh-corporate-content-divider&#8220;]\n<hr \/>\n[\/vc_column_text][vc_column_text]Unser Ziel ist es, die Anspr\u00fcche unserer G\u00e4ste zu erf\u00fcllen. Wir sind kontinuierlich darum bem\u00fcht, die besten Produkte zu suchen, um unseren Kunden die h\u00f6chste Qualit\u00e4t anbieten zu k\u00f6nnen.<\/p>\n<p>Innerhalb der\u00a0<strong>Fuerte Group Hotels<\/strong>\u00a0unterlaufen die Eink\u00e4ufe einem\u00a0<strong>gr\u00fcndlichen Verfahren<\/strong><strong>,<\/strong>\u00a0das f\u00fcr jedes Produkt auf der j\u00e4hrlichen Quotierung verschiedener Lieferanten (die die Vorschriften und g\u00fcltige Gesetzgebung erf\u00fcllen) und der Auswahl jener beruht, die das beste Preis-\/Leistungsverh\u00e4ltnis anbieten. Wenn die vorigen Anforderungen bei der Auswahl des Lieferanten erf\u00fcllt wurden, wird auch der Service, ob sie Kunden der\u00a0<strong>Fuerte Group Hotels<\/strong>\u00a0sind, die kommerzielle Zusammenarbeit mit der Gruppe und zu guter Letzt auch die Umweltschutzkriterien bewertet.<\/p>\n<p>Bei der Auswahl von Lieferanten steht immer das Interesse des Unternehmens im Vordergrund. Mit Ausnahme von kommerziellen Aufmerksamkeiten und Einladungen als Dankesch\u00f6n, die von der Direktion genehmigt werden,\u00a0<strong>sehen die Richtlinien der Fuerte Group Hotels vor, keine Geschenke zu machen oder anzunehmen<\/strong><strong>.<\/strong>\u00a0Das Gleiche gilt f\u00fcr Gegenleistungen mit der Absicht, Lieferanten zu \u00fcberreden oder zu belohnen, die einen direkten Einfluss auf die Entwicklung einer Handels- oder Verwaltungsbeziehung mit besagten Personen oder Entit\u00e4ten haben k\u00f6nnten.[\/vc_column_text][\/vc_column][\/vc_row][vc_row][vc_column][vc_column_text]\n<h2>Lieferanten \u2013 Registrieren Sie sich als m\u00f6glicher Lieferant der Fuerte Group Hotels<\/h2>\n[\/vc_column_text][vc_column_text css_animation=&#8220;none&#8220; el_class=&#8220;fh-corporate-content-divider&#8220;]\n<hr \/>\n[\/vc_column_text][vc_column_text]Sollten Sie daran interessiert sein, Lieferant der\u00a0<strong>Fuerte Group Hotels<\/strong>\u00a0zu werden, schicken Sie die Daten Ihres Unternehmens bitte an\u00a0<a href=\"mailto:compras@fuerte-group.com\">compras@fuerte-group.com<\/a>.[\/vc_column_text][\/vc_column][\/vc_row]\n","protected":false},"excerpt":{"rendered":"<p>[vc_row css=&#8220;.vc_custom_1632998957774{margin-bottom: 30px !important;}&#8220;][vc_column][vc_column_text] Die sorgf\u00e4ltige Auswahl unserer Lieferanten ist ein wesentlicher Faktor in Bezug auf die Erf\u00fcllung des Kompromisses der\u00a0Fuerte Group Hotels, seinen G\u00e4sten erstklassige Produkte anzubieten, die sich ihren spezifischen Bed\u00fcrfnissen anpassen. Der Erfolg dieses Unternehmens h\u00e4ngt gr\u00f6\u00dftenteils davon ab, dass der Service zwischen unseren Abteilungen und unseren Lieferanten optimal abl\u00e4uft. Dazu haben<\/p>\n","protected":false},"author":6,"featured_media":4057,"parent":4263,"menu_order":0,"comment_status":"closed","ping_status":"closed","template":"templates\/corporate-subpages.php","meta":{"footnotes":""},"class_list":["post-4484","page","type-page","status-publish","hentry"],"yoast_head":"<!-- This site is optimized with the Yoast SEO plugin v19.4 - https:\/\/yoast.com\/wordpress\/plugins\/seo\/ -->\n<title>Lieferanten, Fuerte Group Hotels Andalusien<\/title>\n<meta name=\"description\" content=\"Die sorgf\u00e4ltige Auswahl unserer Lieferanten ist ein wesentlicher Faktor in Bezug auf die Erf\u00fcllung des Kompromisses der Fuerte Group Hotels.\" \/>\n<meta name=\"robots\" content=\"noindex, follow, max-snippet:-1, max-image-preview:large, max-video-preview:-1\" \/>\n<meta property=\"og:locale\" content=\"de_DE\" \/>\n<meta property=\"og:type\" content=\"article\" \/>\n<meta property=\"og:title\" content=\"Lieferanten, Fuerte Group Hotels Andalusien\" \/>\n<meta property=\"og:description\" content=\"Die sorgf\u00e4ltige Auswahl unserer Lieferanten ist ein wesentlicher Faktor in Bezug auf die Erf\u00fcllung des Kompromisses der Fuerte Group Hotels.\" \/>\n<meta property=\"og:url\" content=\"https:\/\/dev.fuertehoteles.com\/de\/corporate\/lieferanten-der-gruppe\/\" \/>\n<meta property=\"og:site_name\" content=\"Fuerte Hoteles\" \/>\n<meta property=\"article:publisher\" content=\"https:\/\/www.facebook.com\/HotelesFuerte\" \/>\n<meta property=\"article:modified_time\" content=\"2021-12-20T11:45:03+00:00\" \/>\n<meta property=\"og:image\" content=\"https:\/\/dev.fuertehoteles.com\/wp-content\/uploads\/2021\/12\/cabecera-proveedores.jpg\" \/>\n\t<meta property=\"og:image:width\" content=\"1920\" \/>\n\t<meta property=\"og:image:height\" content=\"540\" \/>\n\t<meta property=\"og:image:type\" content=\"image\/jpeg\" \/>\n<meta name=\"twitter:card\" content=\"summary_large_image\" \/>\n<meta name=\"twitter:site\" content=\"@fuertehoteles\" \/>\n<meta name=\"twitter:label1\" content=\"Gesch\u00e4tzte Lesezeit\" \/>\n\t<meta name=\"twitter:data1\" content=\"3\u00a0Minuten\" \/>\n<script type=\"application\/ld+json\" class=\"yoast-schema-graph\">{\"@context\":\"https:\/\/schema.org\",\"@graph\":[{\"@type\":\"WebSite\",\"@id\":\"https:\/\/dev.fuertehoteles.com\/#website\",\"url\":\"https:\/\/dev.fuertehoteles.com\/\",\"name\":\"Fuerte Hoteles\",\"description\":\"\",\"potentialAction\":[{\"@type\":\"SearchAction\",\"target\":{\"@type\":\"EntryPoint\",\"urlTemplate\":\"https:\/\/dev.fuertehoteles.com\/?s={search_term_string}\"},\"query-input\":\"required name=search_term_string\"}],\"inLanguage\":\"de\"},{\"@type\":\"WebPage\",\"@id\":\"https:\/\/dev.fuertehoteles.com\/de\/corporate\/lieferanten-der-gruppe\/\",\"url\":\"https:\/\/dev.fuertehoteles.com\/de\/corporate\/lieferanten-der-gruppe\/\",\"name\":\"Lieferanten, Fuerte Group Hotels Andalusien\",\"isPartOf\":{\"@id\":\"https:\/\/dev.fuertehoteles.com\/#website\"},\"datePublished\":\"2021-12-09T08:37:44+00:00\",\"dateModified\":\"2021-12-20T11:45:03+00:00\",\"description\":\"Die sorgf\u00e4ltige Auswahl unserer Lieferanten ist ein wesentlicher Faktor in Bezug auf die Erf\u00fcllung des Kompromisses der Fuerte Group Hotels.\",\"breadcrumb\":{\"@id\":\"https:\/\/dev.fuertehoteles.com\/de\/corporate\/lieferanten-der-gruppe\/#breadcrumb\"},\"inLanguage\":\"de\",\"potentialAction\":[{\"@type\":\"ReadAction\",\"target\":[\"https:\/\/dev.fuertehoteles.com\/de\/corporate\/lieferanten-der-gruppe\/\"]}]},{\"@type\":\"BreadcrumbList\",\"@id\":\"https:\/\/dev.fuertehoteles.com\/de\/corporate\/lieferanten-der-gruppe\/#breadcrumb\",\"itemListElement\":[{\"@type\":\"ListItem\",\"position\":1,\"name\":\"Portada\",\"item\":\"https:\/\/dev.fuertehoteles.com\/de\/\"},{\"@type\":\"ListItem\",\"position\":2,\"name\":\"Corporate\",\"item\":\"https:\/\/dev.fuertehoteles.com\/de\/corporate\/\"},{\"@type\":\"ListItem\",\"position\":3,\"name\":\"Lieferanten\"}]}]}<\/script>\n<!-- \/ Yoast SEO plugin. -->","yoast_head_json":{"title":"Lieferanten, Fuerte Group Hotels Andalusien","description":"Die sorgf\u00e4ltige Auswahl unserer Lieferanten ist ein wesentlicher Faktor in Bezug auf die Erf\u00fcllung des Kompromisses der Fuerte Group Hotels.","robots":{"index":"noindex","follow":"follow","max-snippet":"max-snippet:-1","max-image-preview":"max-image-preview:large","max-video-preview":"max-video-preview:-1"},"og_locale":"de_DE","og_type":"article","og_title":"Lieferanten, Fuerte Group Hotels Andalusien","og_description":"Die sorgf\u00e4ltige Auswahl unserer Lieferanten ist ein wesentlicher Faktor in Bezug auf die Erf\u00fcllung des Kompromisses der Fuerte Group Hotels.","og_url":"https:\/\/dev.fuertehoteles.com\/de\/corporate\/lieferanten-der-gruppe\/","og_site_name":"Fuerte Hoteles","article_publisher":"https:\/\/www.facebook.com\/HotelesFuerte","article_modified_time":"2021-12-20T11:45:03+00:00","og_image":[{"width":1920,"height":540,"url":"https:\/\/dev.fuertehoteles.com\/wp-content\/uploads\/2021\/12\/cabecera-proveedores.jpg","type":"image\/jpeg"}],"twitter_card":"summary_large_image","twitter_site":"@fuertehoteles","twitter_misc":{"Gesch\u00e4tzte Lesezeit":"3\u00a0Minuten"},"schema":{"@context":"https:\/\/schema.org","@graph":[{"@type":"WebSite","@id":"https:\/\/dev.fuertehoteles.com\/#website","url":"https:\/\/dev.fuertehoteles.com\/","name":"Fuerte Hoteles","description":"","potentialAction":[{"@type":"SearchAction","target":{"@type":"EntryPoint","urlTemplate":"https:\/\/dev.fuertehoteles.com\/?s={search_term_string}"},"query-input":"required name=search_term_string"}],"inLanguage":"de"},{"@type":"WebPage","@id":"https:\/\/dev.fuertehoteles.com\/de\/corporate\/lieferanten-der-gruppe\/","url":"https:\/\/dev.fuertehoteles.com\/de\/corporate\/lieferanten-der-gruppe\/","name":"Lieferanten, Fuerte Group Hotels Andalusien","isPartOf":{"@id":"https:\/\/dev.fuertehoteles.com\/#website"},"datePublished":"2021-12-09T08:37:44+00:00","dateModified":"2021-12-20T11:45:03+00:00","description":"Die sorgf\u00e4ltige Auswahl unserer Lieferanten ist ein wesentlicher Faktor in Bezug auf die Erf\u00fcllung des Kompromisses der Fuerte Group Hotels.","breadcrumb":{"@id":"https:\/\/dev.fuertehoteles.com\/de\/corporate\/lieferanten-der-gruppe\/#breadcrumb"},"inLanguage":"de","potentialAction":[{"@type":"ReadAction","target":["https:\/\/dev.fuertehoteles.com\/de\/corporate\/lieferanten-der-gruppe\/"]}]},{"@type":"BreadcrumbList","@id":"https:\/\/dev.fuertehoteles.com\/de\/corporate\/lieferanten-der-gruppe\/#breadcrumb","itemListElement":[{"@type":"ListItem","position":1,"name":"Portada","item":"https:\/\/dev.fuertehoteles.com\/de\/"},{"@type":"ListItem","position":2,"name":"Corporate","item":"https:\/\/dev.fuertehoteles.com\/de\/corporate\/"},{"@type":"ListItem","position":3,"name":"Lieferanten"}]}]}},"_links":{"self":[{"href":"https:\/\/dev.fuertehoteles.com\/de\/wp-json\/wp\/v2\/pages\/4484","targetHints":{"allow":["GET"]}}],"collection":[{"href":"https:\/\/dev.fuertehoteles.com\/de\/wp-json\/wp\/v2\/pages"}],"about":[{"href":"https:\/\/dev.fuertehoteles.com\/de\/wp-json\/wp\/v2\/types\/page"}],"author":[{"embeddable":true,"href":"https:\/\/dev.fuertehoteles.com\/de\/wp-json\/wp\/v2\/users\/6"}],"replies":[{"embeddable":true,"href":"https:\/\/dev.fuertehoteles.com\/de\/wp-json\/wp\/v2\/comments?post=4484"}],"version-history":[{"count":2,"href":"https:\/\/dev.fuertehoteles.com\/de\/wp-json\/wp\/v2\/pages\/4484\/revisions"}],"predecessor-version":[{"id":4490,"href":"https:\/\/dev.fuertehoteles.com\/de\/wp-json\/wp\/v2\/pages\/4484\/revisions\/4490"}],"up":[{"embeddable":true,"href":"https:\/\/dev.fuertehoteles.com\/de\/wp-json\/wp\/v2\/pages\/4263"}],"wp:featuredmedia":[{"embeddable":true,"href":"https:\/\/dev.fuertehoteles.com\/de\/wp-json\/wp\/v2\/media\/4057"}],"wp:attachment":[{"href":"https:\/\/dev.fuertehoteles.com\/de\/wp-json\/wp\/v2\/media?parent=4484"}],"curies":[{"name":"wp","href":"https:\/\/api.w.org\/{rel}","templated":true}]}}