{"id":4473,"date":"2021-12-09T08:57:32","date_gmt":"2021-12-09T07:57:32","guid":{"rendered":"https:\/\/dev.fuertehoteles.com\/corporate\/premios\/"},"modified":"2021-12-20T12:33:05","modified_gmt":"2021-12-20T11:33:05","slug":"auszeichnungen","status":"publish","type":"page","link":"https:\/\/dev.fuertehoteles.com\/de\/corporate\/auszeichnungen\/","title":{"rendered":"Auszeichnungen"},"content":{"rendered":"[vc_row css=&#8220;.vc_custom_1632915635340{margin-bottom: 30px !important;}&#8220;][vc_column][vc_column_text]\n<p style=\"text-align: center;\">Die Fuerte Group Hotels ist stets um hervorragende Qualit\u00e4t und Vortrefflichkeit ihrer Einrichtungen und Dienstleistungen bem\u00fcht. Dies wird nicht nur von unseren Kunden, sondern auch von Unternehmen und Institutionen in der ganzen Welt mit Ansehen, Vertrauen und Bewunderung belohnt.<\/p>\n<p style=\"text-align: center;\">Die zahlreichen externen und internen Audits belegen diese Ergebnisse. Die erfreulichste Anerkennung erhielt unsere Gruppe von:<\/p>\n[\/vc_column_text][\/vc_column][\/vc_row][vc_row css=&#8220;.vc_custom_1632910808010{margin-bottom: 30px !important;}&#8220;][vc_column][vc_column_text]\n<h2>Umwelt und CSR Preise und Zertifizierungen<\/h2>\n[\/vc_column_text][vc_column_text css_animation=&#8220;none&#8220; el_class=&#8220;fh-corporate-content-divider&#8220;]\n<hr \/>\n[\/vc_column_text][vc_column_text]\n<h5>2015<\/h5>\n<ul>\n<li>Alle unsere Hotels: Tripadvisor Greenleader.<\/li>\n<\/ul>\n<h5>2011<\/h5>\n<ul>\n<li>Fuerte Hoteles: Laut dem Reiseveranstalter TUI unter den zehn besten, nachhaltigen Hotels der Welt.\u00a0<a href=\"http:\/\/www.diariosur.es\/v\/20110713\/turismo\/hoteles-cadena-fuerte-entre-20110713.html\" target=\"_blank\" rel=\"noopener\">Mehr Information.<\/a><\/li>\n<\/ul>\n<h5>2008<\/h5>\n<ul>\n<li>Fuerte Hoteles: AENOR Flagge f\u00fcr sein Umweltmanagement.<\/li>\n<\/ul>\n<h5>2005<\/h5>\n<ul>\n<li>\u2022 Do\u00f1ana Preis f\u00fcr nachhaltige Unternehmen (5. Ausgabe). Diese Auszeichnung wurde vom Foro Do\u00f1ana an nachhaltige Unternehmen vergeben.<\/li>\n<\/ul>\n[\/vc_column_text][\/vc_column][\/vc_row][vc_row css=&#8220;.vc_custom_1632910808010{margin-bottom: 30px !important;}&#8220;][vc_column][vc_column_text]\n<h2>Preis und Zertifizierungen der Qualit\u00e4t<\/h2>\n[\/vc_column_text][vc_column_text css_animation=&#8220;none&#8220; el_class=&#8220;fh-corporate-content-divider&#8220;]\n<hr \/>\n[\/vc_column_text][vc_column_text]\n<h5>2014<\/h5>\n<ul>\n<li>Fuerte Hoteles: Vortrefflichkeitsauszeichnung von Booking.com mit einer Durchschnittsbewertung seiner Hotelbetriebe von 8,5.<\/li>\n<li>Alle unsere Hotels erhalten das Vortrefflichkeitszertifikat von TripAdvisor.<\/li>\n<li>Alle unsere Hotels sind Bestandteil der HolidayCheck Quality Section, die die Hotels aufgrund der Kommentare seiner G\u00e4ste in Bezug auf ihre Qualit\u00e4t und Vortrefflichkeit anerkennt.<\/li>\n<\/ul>\n<h5>2013<\/h5>\n<ul>\n<li>Alle unsere Hotels erhalten die Auszeichnung HolidayCheck Quality Section.<\/li>\n<\/ul>\n<h5><strong>2<\/strong>0<strong>08<\/strong><\/h5>\n<ul>\n<li>Anerkennung, die Fuerte Hoteles aufgrund seiner Vortrefflichkeit vom Hoteldirektorenverband ausgesprochen wurde.<\/li>\n<\/ul>\n[\/vc_column_text][\/vc_column][\/vc_row][vc_row][vc_column][vc_column_text]\n<h2>Weitere Anerkennungen und relevante Geschehnisse unserer Laufbahn.<\/h2>\n[\/vc_column_text][vc_column_text css_animation=&#8220;none&#8220; el_class=&#8220;fh-corporate-content-divider&#8220;]\n<hr \/>\n[\/vc_column_text][vc_column_text]\n<h5>2017<\/h5>\n<ul>\n<li>Fuerte Group Hotels wird bei den XX Auszeichnungen des Handels und dem Schaufensterwettbewerb, der vom Einzelh\u00e4ndlerverband der Altstadt von Marbella (Acoprocamar) veranstaltet wird, f\u00fcr das Am\u00e0re-Projekt mit dem Innovationspreis ausgezeichnet.<\/li>\n<\/ul>\n<h5>2016<\/h5>\n<ul>\n<li>Die Fuerte Group Hotels erh\u00e4lt bei den AEHCOS Preisen eine Auszeichnung zu Ehren ihrer Beteiligung an der Gr\u00fcndung des Hotelunternehmerverbands der Costa del Sol.<\/li>\n<li>Die Fuerte Group Hotels erh\u00e4lt von der Zeitung ABC in Sevilla einen Preis f\u00fcr die unternehmerische Laufbahn. Es ist eine Auszeichnung, die die Wirtschaftssektion mit der Banco Sabadell als Sponsor verleiht und die Bedeutung des Unternehmens hervorhebt, da es sich um eine der wenigen Hotelketten mit rein andalusischem Kapital handelt.<\/li>\n<li>Die Sommerkampagne des Am\u00e0re Marbella Beach Hotels wird bei den Luxury Awards, dem Werbefestival f\u00fcr Luxus und Premiummarken, in den Kategorien \u201eBeste Kreativit\u00e4t in interaktiver Werbekampagne\u201c und \u201eBestes Online-Marketing\u201c ausgezeichnet, die durch die Werbeagentur Lim\u00f3n Publicidad durchgef\u00fchrt wurde.<\/li>\n<li>Die Weihnachtskampagne von Fuerte Group Hotels wird bei der\u00a0<strong>VI Ausgabe<\/strong>\u00a0des europ\u00e4ischen Werbe- und Humorfestivals Smile Festival in den Kategorien \u201eBeste Animation in einem Werbespot\u201c und \u201eBeste Kreativit\u00e4t im Zeichentrickfilm\u201c ausgezeichnet, die von der Werbeagentur Lim\u00f3n Publicidad durchgef\u00fchrt wurde.<\/li>\n<li>Fuerte Hoteles unterzeichnet seinen Beitritt zum Globalen Tourismus-Ethikpakt der WTO, sowie zum Spanischen Netzwerk des Globalen Paktes der Vereinten Nationen, die als Referenzrahmen f\u00fcr einen verantwortungsbewussten und nachhaltigen Tourismus gelten und auf einer Reihe ethischer Aspekte in Bezug auf Menschenrechte, Arbeitsbedingungen, Umwelt und Kampf gegen die Korruption basieren und an die Ziele einer nachhaltigen Entwicklung (SDG) angepasst sind. Fuerte Hoteles nahm im Anschluss an einem Projekt teil, das von beiden Organisationen organisiert wurde \u2013 das Spanische Netzwerk des Globalen Paktes und die Tourismusorganisation \u2013 Ein nachhaltiger Tourismus, ein Kompromiss f\u00fcr alle sowie weiteren spanischen Entit\u00e4ten, um die Rolle der Tourismusunternehmen hervorzuheben, die die SDGs verfolgen und Praktiken einer unternehmerischen Selbstverantwortung entwickeln Am 19. September wurde eine Webseite mit einer e-Publikation, Beweisvideos und eine Zusammenfassung der guten Praxisprinzipien gestartet.<\/li>\n<\/ul>\n<h5>2014<\/h5>\n<ul>\n<li>Fuerte Hoteles ist die einflussreichste Hotelkette Andalusiens auf Twitter, laut der Studie \u201eTop Hotel Brands in Spain\u201c.<\/li>\n<\/ul>\n<h5>2012<\/h5>\n<ul>\n<li>Andalusischer Management Preis (Kategorie der sozialen Verantwortung).<\/li>\n<\/ul>\n<h5>2011<\/h5>\n<ul>\n<li>Fuerte Hoteles: Auszeichnung \u201eSozial verantwortungsbewusstes Unternehmen\u201c, das der Kreistag von M\u00e1laga verleiht und zum Ziel hat, Unternehmen anzuerkennen, die ethische Verhaltenscodes und soziale Verantwortung einf\u00fchren.<\/li>\n<\/ul>\n<h5>2010<\/h5>\n<ul>\n<li>Isabel M\u00aa Garc\u00eda (Pr\u00e4sidentin) erh\u00e4lt eine Anerkennung aufgrund ihrer \u201eBeruflichen Tourismuslaufbahn an der Costa del Sol\u201c vom der Hotelunternehmerverband der Costa del Sol (AEHCOS).<\/li>\n<li>Isabel M\u00aa Garc\u00eda erh\u00e4lt aus den H\u00e4nden des Pr\u00e4sidenten der andalusischen Landesregierung, Jos\u00e9 Antonio Gri\u00f1\u00e1n, die Medaille von Andalusien als Anerkennung ihrer professionellen Laufbahn.<\/li>\n<li>Auszeichnung des \u201eHotelier-Verdienstorden\u201c, die vom Exekutivkomitee des spanischen Verbands der Hotels und touristischen Unterk\u00fcnfte (CEHAT) auf dem Kongress der spanischen Hotelunternehmer verliehen wurde, der in Santiago de Compostela stattfand.<\/li>\n<\/ul>\n<h5>2009<\/h5>\n<ul>\n<li>I Preis SUR.ES f\u00fcr die beste Webseite.<\/li>\n<li>Isabel M\u00aa Garc\u00eda erh\u00e4lt den Preis Clara Campoamor, eine Auszeichnung, die die sozialistische Partei Andalusiens vergibt, um an den internationalen Tag der Frau zu erinnern, der in diesem Jahr seine XV Ausgabe feierte.<\/li>\n<li>Isabel M\u00aa Garc\u00eda erh\u00e4lt die Auszeichnung des II Victoria Preises, die vom Verband der Unternehmerfrauen Malagas (Amupema) an die Frau verliehen wird, die durch ihre soziale, wirtschaftliche oder intellektuelle Arbeit auf internationalem Niveau hervorsticht.<\/li>\n<\/ul>\n<h5>2008<\/h5>\n<ul>\n<li>Der Verband der Unternehmerfrauen von Malaga verleiht unserer Pr\u00e4sidentin die Auszeichnung Victoria in ihrer zweiten Ausgabe.<\/li>\n<\/ul>\n<h5>2007<\/h5>\n<ul>\n<li>Isabel M\u00aa Garc\u00eda: Goldmedaille f\u00fcr Arbeit.<\/li>\n<li>\u00dcberreichung der Gedenktafel vom Rathaus Marbella aus Anlass des Tourismustages an Jos\u00e9 Luque, als Anerkennung f\u00fcr seine Laufbahn, die dem Tourismus gewidmet ist.<\/li>\n<\/ul>\n<h5>2006<\/h5>\n<ul>\n<li>I Preis internationaler Strategie des Tourismusunternehmen 2006. Eine Anerkennung, die von den Studenten des 3. Kurses des Diplomstudiengangs f\u00fcr Tourismus innerhalb des Fachs \u201eInternationale Strategie von Tourismusunternehmen\u201c verliehen wird. Dieser Akt wurde von der Abteilung der Unternehmens- und Marketingdirektion der Fakult\u00e4t f\u00fcr Wirtschaftswissenschaften der Universit\u00e4t Huelva organisiert.<\/li>\n<li>Andalusischer Tourismuspreis 2006, der von der andalusischen Regierung verliehen wird (in der Kategorie Vortrefflichkeit im Management, f\u00fchrende Rolle im andalusischen Unternehmenssektor, Wachen \u00fcber die Servicequalit\u00e4t und F\u00f6rdern des Schutzes des Umfelds und der Umwelt).<\/li>\n<\/ul>\n<h5>2005<\/h5>\n<ul>\n<li>Preis Familien-Unternehmen Provinz Malaga, der vom Lehrstuhl f\u00fcr Familienunternehmen des internationalen San Telmo Instituts verliehen wird.<\/li>\n<\/ul>\n<h5>2003<\/h5>\n<ul>\n<li>Fuerte Hoteles erh\u00e4lt den Preis Trajano f\u00fcr die beste junge, andalusische Initiative.<\/li>\n<\/ul>\n<h5>2002<\/h5>\n<ul>\n<li>Fuerte Hoteles wird vom Zentrum f\u00fcr Tourismusinitiativen von Marbella zum besten Unternehmen Marbellas ernannt.<\/li>\n<\/ul>\n<h5>1999<\/h5>\n<ul>\n<li>Fuerte Hoteles ist Finalist der Entrepreneur-Preise 1998, die von Cinco Dias und Ernest &amp; Young verliehen werden und wird von der Zeitschrift Actualidad Economica zum besten Unternehmen der Provinz Malaga ernannt.<\/li>\n<\/ul>\n<h5>1998<\/h5>\n<ul>\n<li>Fuerte Hoteles bekommt, aufgrund seiner Investition in das Projekt Conil de la Frontera, die Flagge Andalusiens verliehen (Auszeichnung der andalusischen Landesregierung).<\/li>\n<\/ul>\n[\/vc_column_text][\/vc_column][\/vc_row]\n","protected":false},"excerpt":{"rendered":"<p>[vc_row css=&#8220;.vc_custom_1632915635340{margin-bottom: 30px !important;}&#8220;][vc_column][vc_column_text] Die Fuerte Group Hotels ist stets um hervorragende Qualit\u00e4t und Vortrefflichkeit ihrer Einrichtungen und Dienstleistungen bem\u00fcht. Dies wird nicht nur von unseren Kunden, sondern auch von Unternehmen und Institutionen in der ganzen Welt mit Ansehen, Vertrauen und Bewunderung belohnt. Die zahlreichen externen und internen Audits belegen diese Ergebnisse. Die erfreulichste Anerkennung<\/p>\n","protected":false},"author":6,"featured_media":4021,"parent":4263,"menu_order":0,"comment_status":"closed","ping_status":"closed","template":"templates\/corporate-subpages.php","meta":{"footnotes":""},"class_list":["post-4473","page","type-page","status-publish","hentry"],"yoast_head":"<!-- This site is optimized with the Yoast SEO plugin v19.4 - https:\/\/yoast.com\/wordpress\/plugins\/seo\/ -->\n<title>Auszeichnungen der Fuerte Group Hotels Andalusien<\/title>\n<meta name=\"description\" content=\"Alle Werte und das Ansehen von Fuerte. Die Auszeichnungen der Fuerte Group Hotels in ihrer 60-j\u00e4hrigen Geschichte.\" \/>\n<meta name=\"robots\" content=\"noindex, follow, max-snippet:-1, max-image-preview:large, max-video-preview:-1\" \/>\n<meta property=\"og:locale\" content=\"de_DE\" \/>\n<meta property=\"og:type\" content=\"article\" \/>\n<meta property=\"og:title\" content=\"Auszeichnungen der Fuerte Group Hotels Andalusien\" \/>\n<meta property=\"og:description\" content=\"Alle Werte und das Ansehen von Fuerte. Die Auszeichnungen der Fuerte Group Hotels in ihrer 60-j\u00e4hrigen Geschichte.\" \/>\n<meta property=\"og:url\" content=\"https:\/\/dev.fuertehoteles.com\/de\/corporate\/auszeichnungen\/\" \/>\n<meta property=\"og:site_name\" content=\"Fuerte Hoteles\" \/>\n<meta property=\"article:publisher\" content=\"https:\/\/www.facebook.com\/HotelesFuerte\" \/>\n<meta property=\"article:modified_time\" content=\"2021-12-20T11:33:05+00:00\" \/>\n<meta property=\"og:image\" content=\"https:\/\/dev.fuertehoteles.com\/wp-content\/uploads\/2021\/12\/cabecera-premios-2.jpg\" \/>\n\t<meta property=\"og:image:width\" content=\"1920\" \/>\n\t<meta property=\"og:image:height\" content=\"540\" \/>\n\t<meta property=\"og:image:type\" content=\"image\/jpeg\" \/>\n<meta name=\"twitter:card\" content=\"summary_large_image\" \/>\n<meta name=\"twitter:site\" content=\"@fuertehoteles\" \/>\n<meta name=\"twitter:label1\" content=\"Gesch\u00e4tzte Lesezeit\" \/>\n\t<meta name=\"twitter:data1\" content=\"5\u00a0Minuten\" \/>\n<script type=\"application\/ld+json\" class=\"yoast-schema-graph\">{\"@context\":\"https:\/\/schema.org\",\"@graph\":[{\"@type\":\"WebSite\",\"@id\":\"https:\/\/dev.fuertehoteles.com\/#website\",\"url\":\"https:\/\/dev.fuertehoteles.com\/\",\"name\":\"Fuerte Hoteles\",\"description\":\"\",\"potentialAction\":[{\"@type\":\"SearchAction\",\"target\":{\"@type\":\"EntryPoint\",\"urlTemplate\":\"https:\/\/dev.fuertehoteles.com\/?s={search_term_string}\"},\"query-input\":\"required name=search_term_string\"}],\"inLanguage\":\"de\"},{\"@type\":\"WebPage\",\"@id\":\"https:\/\/dev.fuertehoteles.com\/de\/corporate\/auszeichnungen\/\",\"url\":\"https:\/\/dev.fuertehoteles.com\/de\/corporate\/auszeichnungen\/\",\"name\":\"Auszeichnungen der Fuerte Group Hotels Andalusien\",\"isPartOf\":{\"@id\":\"https:\/\/dev.fuertehoteles.com\/#website\"},\"datePublished\":\"2021-12-09T07:57:32+00:00\",\"dateModified\":\"2021-12-20T11:33:05+00:00\",\"description\":\"Alle Werte und das Ansehen von Fuerte. Die Auszeichnungen der Fuerte Group Hotels in ihrer 60-j\u00e4hrigen Geschichte.\",\"breadcrumb\":{\"@id\":\"https:\/\/dev.fuertehoteles.com\/de\/corporate\/auszeichnungen\/#breadcrumb\"},\"inLanguage\":\"de\",\"potentialAction\":[{\"@type\":\"ReadAction\",\"target\":[\"https:\/\/dev.fuertehoteles.com\/de\/corporate\/auszeichnungen\/\"]}]},{\"@type\":\"BreadcrumbList\",\"@id\":\"https:\/\/dev.fuertehoteles.com\/de\/corporate\/auszeichnungen\/#breadcrumb\",\"itemListElement\":[{\"@type\":\"ListItem\",\"position\":1,\"name\":\"Portada\",\"item\":\"https:\/\/dev.fuertehoteles.com\/de\/\"},{\"@type\":\"ListItem\",\"position\":2,\"name\":\"Corporate\",\"item\":\"https:\/\/dev.fuertehoteles.com\/de\/corporate\/\"},{\"@type\":\"ListItem\",\"position\":3,\"name\":\"Auszeichnungen\"}]}]}<\/script>\n<!-- \/ Yoast SEO plugin. -->","yoast_head_json":{"title":"Auszeichnungen der Fuerte Group Hotels Andalusien","description":"Alle Werte und das Ansehen von Fuerte. Die Auszeichnungen der Fuerte Group Hotels in ihrer 60-j\u00e4hrigen Geschichte.","robots":{"index":"noindex","follow":"follow","max-snippet":"max-snippet:-1","max-image-preview":"max-image-preview:large","max-video-preview":"max-video-preview:-1"},"og_locale":"de_DE","og_type":"article","og_title":"Auszeichnungen der Fuerte Group Hotels Andalusien","og_description":"Alle Werte und das Ansehen von Fuerte. Die Auszeichnungen der Fuerte Group Hotels in ihrer 60-j\u00e4hrigen Geschichte.","og_url":"https:\/\/dev.fuertehoteles.com\/de\/corporate\/auszeichnungen\/","og_site_name":"Fuerte Hoteles","article_publisher":"https:\/\/www.facebook.com\/HotelesFuerte","article_modified_time":"2021-12-20T11:33:05+00:00","og_image":[{"width":1920,"height":540,"url":"https:\/\/dev.fuertehoteles.com\/wp-content\/uploads\/2021\/12\/cabecera-premios-2.jpg","type":"image\/jpeg"}],"twitter_card":"summary_large_image","twitter_site":"@fuertehoteles","twitter_misc":{"Gesch\u00e4tzte Lesezeit":"5\u00a0Minuten"},"schema":{"@context":"https:\/\/schema.org","@graph":[{"@type":"WebSite","@id":"https:\/\/dev.fuertehoteles.com\/#website","url":"https:\/\/dev.fuertehoteles.com\/","name":"Fuerte Hoteles","description":"","potentialAction":[{"@type":"SearchAction","target":{"@type":"EntryPoint","urlTemplate":"https:\/\/dev.fuertehoteles.com\/?s={search_term_string}"},"query-input":"required name=search_term_string"}],"inLanguage":"de"},{"@type":"WebPage","@id":"https:\/\/dev.fuertehoteles.com\/de\/corporate\/auszeichnungen\/","url":"https:\/\/dev.fuertehoteles.com\/de\/corporate\/auszeichnungen\/","name":"Auszeichnungen der Fuerte Group Hotels Andalusien","isPartOf":{"@id":"https:\/\/dev.fuertehoteles.com\/#website"},"datePublished":"2021-12-09T07:57:32+00:00","dateModified":"2021-12-20T11:33:05+00:00","description":"Alle Werte und das Ansehen von Fuerte. Die Auszeichnungen der Fuerte Group Hotels in ihrer 60-j\u00e4hrigen Geschichte.","breadcrumb":{"@id":"https:\/\/dev.fuertehoteles.com\/de\/corporate\/auszeichnungen\/#breadcrumb"},"inLanguage":"de","potentialAction":[{"@type":"ReadAction","target":["https:\/\/dev.fuertehoteles.com\/de\/corporate\/auszeichnungen\/"]}]},{"@type":"BreadcrumbList","@id":"https:\/\/dev.fuertehoteles.com\/de\/corporate\/auszeichnungen\/#breadcrumb","itemListElement":[{"@type":"ListItem","position":1,"name":"Portada","item":"https:\/\/dev.fuertehoteles.com\/de\/"},{"@type":"ListItem","position":2,"name":"Corporate","item":"https:\/\/dev.fuertehoteles.com\/de\/corporate\/"},{"@type":"ListItem","position":3,"name":"Auszeichnungen"}]}]}},"_links":{"self":[{"href":"https:\/\/dev.fuertehoteles.com\/de\/wp-json\/wp\/v2\/pages\/4473","targetHints":{"allow":["GET"]}}],"collection":[{"href":"https:\/\/dev.fuertehoteles.com\/de\/wp-json\/wp\/v2\/pages"}],"about":[{"href":"https:\/\/dev.fuertehoteles.com\/de\/wp-json\/wp\/v2\/types\/page"}],"author":[{"embeddable":true,"href":"https:\/\/dev.fuertehoteles.com\/de\/wp-json\/wp\/v2\/users\/6"}],"replies":[{"embeddable":true,"href":"https:\/\/dev.fuertehoteles.com\/de\/wp-json\/wp\/v2\/comments?post=4473"}],"version-history":[{"count":3,"href":"https:\/\/dev.fuertehoteles.com\/de\/wp-json\/wp\/v2\/pages\/4473\/revisions"}],"predecessor-version":[{"id":4481,"href":"https:\/\/dev.fuertehoteles.com\/de\/wp-json\/wp\/v2\/pages\/4473\/revisions\/4481"}],"up":[{"embeddable":true,"href":"https:\/\/dev.fuertehoteles.com\/de\/wp-json\/wp\/v2\/pages\/4263"}],"wp:featuredmedia":[{"embeddable":true,"href":"https:\/\/dev.fuertehoteles.com\/de\/wp-json\/wp\/v2\/media\/4021"}],"wp:attachment":[{"href":"https:\/\/dev.fuertehoteles.com\/de\/wp-json\/wp\/v2\/media?parent=4473"}],"curies":[{"name":"wp","href":"https:\/\/api.w.org\/{rel}","templated":true}]}}