{"id":4464,"date":"2021-12-09T08:40:51","date_gmt":"2021-12-09T07:40:51","guid":{"rendered":"https:\/\/dev.fuertehoteles.com\/corporate\/nuestras-diferencias\/"},"modified":"2021-12-20T12:14:04","modified_gmt":"2021-12-20T11:14:04","slug":"unsere-philosophie","status":"publish","type":"page","link":"https:\/\/dev.fuertehoteles.com\/de\/corporate\/unsere-philosophie\/","title":{"rendered":"Unsere Philosophie"},"content":{"rendered":"[vc_row css=&#8220;.vc_custom_1632911325746{margin-bottom: 30px !important;}&#8220;][vc_column][vc_column_text]\n<h2>Unsere Philosophie<\/h2>\n[\/vc_column_text][vc_column_text css_animation=&#8220;none&#8220; el_class=&#8220;fh-corporate-content-divider&#8220;]\n<hr \/>\n[\/vc_column_text][vc_column_text]<strong>Wir habne ein Herz f\u00fcr Mensch und Umwelt<\/strong>. Wir setzen auf den Umweltschutz als Qualit\u00e4tspr\u00e4misse.[\/vc_column_text][\/vc_column][\/vc_row][vc_row css=&#8220;.vc_custom_1632901945536{margin-bottom: 30px !important;}&#8220;][vc_column][vc_column_text]\n<h2>Privilegierte Lage<\/h2>\n[\/vc_column_text][vc_column_text css_animation=&#8220;none&#8220; el_class=&#8220;fh-corporate-content-divider&#8220;]\n<hr \/>\n[\/vc_column_text][vc_column_text]Unsere Standorte sind Ihr Privileg.<\/p>\n<p>Das\u00a0<a href=\"https:\/\/www.fuertehoteles.com\/de\/hotels\/fuerte-marbella\/das-hotel\/\" target=\"_blank\" rel=\"noopener\">Hotel Fuerte Marbella<\/a>\u00a0und das\u00a0<a href=\"http:\/\/www.amarehotels.com\/de\/amare-marbella\" target=\"_blank\" rel=\"noopener\">Am\u00e0re\u00a0Beach Hotel Marbella<\/a>\u00a0liegen direkt am Strand und in unmittelbarer N\u00e4he der Altstadt Marbellas.<\/p>\n<p>Das\u00a0<a title=\"Hotel Fuerte Conil - Costa Luz\" href=\"https:\/\/www.fuertehoteles.com\/de\/hotels\/resort-fuerte-conil-costaluz\/das-hotel\/\" target=\"_blank\" rel=\"noopener\">Fuerte Conil \u2013 Resort<\/a>, liegt in erster Strandlinie neben dem typischen Fischerdorf von Conil de la Frontera.<\/p>\n<p>Das\u00a0<a title=\"Hotel Fuerte Grazalema\" href=\"https:\/\/www.fuertehoteles.com\/de\/hotels\/fuerte-grazalema\/das-hotel\/\" target=\"_blank\" rel=\"noopener\">Hotel Fuerte Grazalema<\/a>\u00a0befindet sich im Naturpark der Sierra von Grazalema und liegt nur wenige Kilometer von Ronda entfernt.<\/p>\n<p><a title=\"Hotel Fuerte El Rompido\" href=\"https:\/\/www.fuertehoteles.com\/de\/hotels\/fuerte-rompido-cartaya\/das-hotel\/\" target=\"_blank\" rel=\"noopener\">Hotel Fuerte El Rompido<\/a>\u00a0liegt inmitten der Naturlandschaft des Piedras Fluss und der\u00a0<em>Flecha de El Rompido<\/em>\u00a0neben dem typischen Fischerdorf von El Rompido.<\/p>\n<p>Die\u00a0<a title=\"Apartments Fuerte Calaceite\" href=\"https:\/\/www.fuertehoteles.com\/de\/apartments\/fuerte-calaceite-torrox-nerja\/die-apartments\/\" target=\"_blank\" rel=\"noopener\">Ol\u00e9e Nerja Holiday Rentals<\/a>\u00a0bieten am Strand von Torrox einen herrlichen Blick auf das Mittelmeer. Torrox ist f\u00fcr das beste Klima Europas ber\u00fchmt.<\/p>\n<p><a href=\"https:\/\/www.amarehotels.com\/de\/amare-ibiza\/\" target=\"_blank\" rel=\"noopener\">Am\u00e0re Beach Hotel Ibiza<\/a>, liegt in der Bucht de Bou in erster Strandlinie, in der Bucht von San Antonio in Ibiza.[\/vc_column_text][\/vc_column][\/vc_row][vc_row css=&#8220;.vc_custom_1632901945536{margin-bottom: 30px !important;}&#8220;][vc_column][vc_column_text]\n<h2>Famili\u00e4res Ambiente<\/h2>\n[\/vc_column_text][vc_column_text css_animation=&#8220;none&#8220; el_class=&#8220;fh-corporate-content-divider&#8220;]\n<hr \/>\n[\/vc_column_text][vc_column_text]Wir bilden eine Familie und als Gruppe praktizieren wir Gleichberechtigung und Kommunikation. Die Teamarbeit wird gef\u00f6rdert, um unsere G\u00e4ste zufrieden zu stellen.[\/vc_column_text][\/vc_column][\/vc_row][vc_row css=&#8220;.vc_custom_1632901945536{margin-bottom: 30px !important;}&#8220;][vc_column][vc_column_text]\n<h2>Lokale Gastronomie<\/h2>\n[\/vc_column_text][vc_column_text css_animation=&#8220;none&#8220; el_class=&#8220;fh-corporate-content-divider&#8220;]\n<hr \/>\n[\/vc_column_text][vc_column_text]Abgesehen von einer hervorragenden internationalen K\u00fcche, k\u00f6nnen Sie in unseren Restaurants eine Auswahl der besten Gerichte und bodenst\u00e4ndige, andalusische, gesunde und \u00f6kologische Produkte genie\u00dfen.[\/vc_column_text][\/vc_column][\/vc_row][vc_row css=&#8220;.vc_custom_1632901945536{margin-bottom: 30px !important;}&#8220;][vc_column][vc_column_text]\n<h2>Umwelt<\/h2>\n[\/vc_column_text][vc_column_text css_animation=&#8220;none&#8220; el_class=&#8220;fh-corporate-content-divider&#8220;]\n<hr \/>\n[\/vc_column_text][vc_column_text]Auf der Welt gibt es insgesamt 563 Biosph\u00e4renreservate, von denen sich 40 in Spanien befinden, was den 3. Platz bedeutet. Andalusien ist mit neun Reservaten die Region mit der gr\u00f6\u00dften Anzahl dieser Gebiete. (mehr als 40% der Fl\u00e4che Spaniens).<\/p>\n<p>Unsere Hotels befinden sich in unmittelbarer N\u00e4he von sechs dieser Schutzgebieten in Andalusien:<\/p>\n<p>Das Hotel Fuerte Marbella und Hotel Fuerte Miramar liegen acht Kilometer von der Sierra de las Nieves und ihrer Umgebung entfernt. Ebenfalls in der N\u00e4he befindet sich das Hotel Fuerte Estepona. Der Naturpark Sierra de Grazalema liegt f\u00fcnf Kilometer vom Hotel Fuerte Grazalema entfernt, Fuerte El Rompido trennen\u00a0 15 Km von den Marschl\u00e4ndern des Odiels, 119 Km von den Weidefl\u00e4chen Dehesas de Sierra Morena und 91 Km vom Nationalpark von Do\u00f1ana. Von den Appartements Fuerte Calaceite sind es 60 Kilometer in den Naturpark der Sierra Nevada.<\/p>\n<p>Die Unternehmensgruppe\u00a0<strong>Fuerte Group Hotels<\/strong>\u00a0sorgt sich um ihr Umfeld. Deshalb basiert ihre Aktivit\u00e4t auf dem\u00a0<strong><a href=\"https:\/\/www.fuertehoteles.com\/de\/grupo-el-fuerte\/nachhaltige-hotels\/okologischer-fubabdruck\/\" target=\"_blank\" rel=\"noopener\">Umweltmanagement<\/a><\/strong>\u00a0in diesem Sektor, der \u00fcber die ISO-Norm 14001 die Umweltsorgen der heutigen Gesellschaft, die bei einem Hotelbetrieb auftreten, \u00fcbermittelt und beantwortet.<\/p>\n<p>Schicken Sie uns Ihre Vorschl\u00e4ge, um die Umweltmassnahmen in unseren Hotels zu verbessern:\u00a0<a title=\"Sugerencias de mejora\" href=\"mailto:environmental@fuertehoteles.com\" target=\"_blank\" rel=\"noopener\">environmental@fuertehoteles.com<\/a>[\/vc_column_text][\/vc_column][\/vc_row][vc_row css=&#8220;.vc_custom_1632901945536{margin-bottom: 30px !important;}&#8220;][vc_column][vc_column_text]\n<h2>Unsere Geschichte<\/h2>\n[\/vc_column_text][vc_column_text css_animation=&#8220;none&#8220; el_class=&#8220;fh-corporate-content-divider&#8220;]\n<hr \/>\n[\/vc_column_text][vc_column_text]Unsere Tradition, unseren G\u00e4sten Qualit\u00e4t anzubieten, hat ihren Ursprung in einer langen\u00a0\u00a0<strong><a href=\"https:\/\/www.fuertehoteles.com\/de\/grupo-el-fuerte\/geschichte\/\" target=\"_blank\" rel=\"noopener\">Geschichte<\/a><\/strong>, die im Hotel El Fuerte (heutiges\u00a0<strong>Fuerte Marbella<\/strong>) beginnt. Das erste Hotel wurde das am 4. juli 1957 in Marbella er\u00f6ffnet ist und gleichzeitig auch der Sitz der Unternehmensgruppe.[\/vc_column_text][\/vc_column][\/vc_row][vc_row css=&#8220;.vc_custom_1632901945536{margin-bottom: 30px !important;}&#8220;][vc_column][vc_column_text]\n<h2>Qualit\u00e4t und Anerkennungen<\/h2>\n[\/vc_column_text][vc_column_text css_animation=&#8220;none&#8220; el_class=&#8220;fh-corporate-content-divider&#8220;]\n<hr \/>\n[\/vc_column_text][vc_column_text]Die Qualit\u00e4t ist eines der Hauptziele der\u00a0<strong>Fuerte Group Hotels<\/strong>. Um die Vortrefflichkeit zu erreichen, widmen wir allen Abl\u00e4ufen in allen Servicebereichen spezielle Aufmerksamkeit. Interne Betriebspr\u00fcfungen best\u00e4tigen die Erf\u00fcllung des Qualit\u00e4tsstandards und so belegen es auch die zahlreichen Preise und Auszeichnungen, die man \u00fcber die Jahre erhalten hat.[\/vc_column_text][\/vc_column][\/vc_row][vc_row][vc_column][vc_column_text]\n<h2>Zusammenarbeit mit der Fuerte Stiftung<\/h2>\n[\/vc_column_text][vc_column_text css_animation=&#8220;none&#8220; el_class=&#8220;fh-corporate-content-divider&#8220;]\n<hr \/>\n[\/vc_column_text][vc_column_text]Die\u00a0<strong><a href=\"http:\/\/www.fundacionfuerte.org\/\" target=\"_blank\" rel=\"noopener\">Fuerte Stiftung<\/a><\/strong>\u00a0 ist\u00a0 das Ergebnis der Werte, die seit \u00fcber 60 Jahren (seit 1957) als Referenz f\u00fcr diese innovative Unternehmerfamilie standen und sich in ihrem Motto \u201eWir haben ein Herz f\u00fcr Mensch und Umwelt\u201c niederschlagen. Die\u00a0<strong>Fuerte Stiftung<\/strong>\u00a0hat ihren Namen von unserem ersten Hotel.<\/p>\n<p>Das Hotel El Fuerte (heutiges Fuerte Marbella) wurde von der Pr\u00e4sidentin und den Verwaltungsratsmitgliedern der Grupo El Fuerte vorangetrieben. Die Aufgabe der Stiftung konzentriert sich auf Aktionen, die die soziale und kulturelle Entwicklung unserer G\u00e4ste und von unserem Personal beg\u00fcnstigen.[\/vc_column_text][\/vc_column][\/vc_row]\n","protected":false},"excerpt":{"rendered":"<p>[vc_row css=&#8220;.vc_custom_1632911325746{margin-bottom: 30px !important;}&#8220;][vc_column][vc_column_text] Unsere Philosophie [\/vc_column_text][vc_column_text css_animation=&#8220;none&#8220; el_class=&#8220;fh-corporate-content-divider&#8220;] [\/vc_column_text][vc_column_text]Wir habne ein Herz f\u00fcr Mensch und Umwelt. Wir setzen auf den Umweltschutz als Qualit\u00e4tspr\u00e4misse.[\/vc_column_text][\/vc_column][\/vc_row][vc_row css=&#8220;.vc_custom_1632901945536{margin-bottom: 30px !important;}&#8220;][vc_column][vc_column_text] Privilegierte Lage [\/vc_column_text][vc_column_text css_animation=&#8220;none&#8220; el_class=&#8220;fh-corporate-content-divider&#8220;] [\/vc_column_text][vc_column_text]Unsere Standorte sind Ihr Privileg. Das\u00a0Hotel Fuerte Marbella\u00a0und das\u00a0Am\u00e0re\u00a0Beach Hotel Marbella\u00a0liegen direkt am Strand und in unmittelbarer N\u00e4he der Altstadt Marbellas. Das\u00a0Fuerte Conil<\/p>\n","protected":false},"author":6,"featured_media":4004,"parent":4263,"menu_order":0,"comment_status":"closed","ping_status":"closed","template":"templates\/corporate-subpages.php","meta":{"footnotes":""},"class_list":["post-4464","page","type-page","status-publish","hentry"],"yoast_head":"<!-- This site is optimized with the Yoast SEO plugin v19.4 - https:\/\/yoast.com\/wordpress\/plugins\/seo\/ -->\n<title>Fuerte Group, Unsere Philosophie. Hotels Andalusien<\/title>\n<meta name=\"description\" content=\"Wir habne ein Herz f\u00fcr Mensch und Umwelt. Wir setzen auf den Umweltschutz als Qualit\u00e4tspr\u00e4misse. Fuerte Group Philosophie.\" \/>\n<meta name=\"robots\" content=\"noindex, follow, max-snippet:-1, max-image-preview:large, max-video-preview:-1\" \/>\n<meta property=\"og:locale\" content=\"de_DE\" \/>\n<meta property=\"og:type\" content=\"article\" \/>\n<meta property=\"og:title\" content=\"Fuerte Group, Unsere Philosophie. Hotels Andalusien\" \/>\n<meta property=\"og:description\" content=\"Wir habne ein Herz f\u00fcr Mensch und Umwelt. Wir setzen auf den Umweltschutz als Qualit\u00e4tspr\u00e4misse. Fuerte Group Philosophie.\" \/>\n<meta property=\"og:url\" content=\"https:\/\/dev.fuertehoteles.com\/de\/corporate\/unsere-philosophie\/\" \/>\n<meta property=\"og:site_name\" content=\"Fuerte Hoteles\" \/>\n<meta property=\"article:publisher\" content=\"https:\/\/www.facebook.com\/HotelesFuerte\" \/>\n<meta property=\"article:modified_time\" content=\"2021-12-20T11:14:04+00:00\" \/>\n<meta property=\"og:image\" content=\"https:\/\/dev.fuertehoteles.com\/wp-content\/uploads\/2021\/12\/cabecera-nuestras-diferencias.jpg\" \/>\n\t<meta property=\"og:image:width\" content=\"1920\" \/>\n\t<meta property=\"og:image:height\" content=\"540\" \/>\n\t<meta property=\"og:image:type\" content=\"image\/jpeg\" \/>\n<meta name=\"twitter:card\" content=\"summary_large_image\" \/>\n<meta name=\"twitter:site\" content=\"@fuertehoteles\" \/>\n<meta name=\"twitter:label1\" content=\"Gesch\u00e4tzte Lesezeit\" \/>\n\t<meta name=\"twitter:data1\" content=\"5\u00a0Minuten\" \/>\n<script type=\"application\/ld+json\" class=\"yoast-schema-graph\">{\"@context\":\"https:\/\/schema.org\",\"@graph\":[{\"@type\":\"WebSite\",\"@id\":\"https:\/\/dev.fuertehoteles.com\/#website\",\"url\":\"https:\/\/dev.fuertehoteles.com\/\",\"name\":\"Fuerte Hoteles\",\"description\":\"\",\"potentialAction\":[{\"@type\":\"SearchAction\",\"target\":{\"@type\":\"EntryPoint\",\"urlTemplate\":\"https:\/\/dev.fuertehoteles.com\/?s={search_term_string}\"},\"query-input\":\"required name=search_term_string\"}],\"inLanguage\":\"de\"},{\"@type\":\"WebPage\",\"@id\":\"https:\/\/dev.fuertehoteles.com\/de\/corporate\/unsere-philosophie\/\",\"url\":\"https:\/\/dev.fuertehoteles.com\/de\/corporate\/unsere-philosophie\/\",\"name\":\"Fuerte Group, Unsere Philosophie. Hotels Andalusien\",\"isPartOf\":{\"@id\":\"https:\/\/dev.fuertehoteles.com\/#website\"},\"datePublished\":\"2021-12-09T07:40:51+00:00\",\"dateModified\":\"2021-12-20T11:14:04+00:00\",\"description\":\"Wir habne ein Herz f\u00fcr Mensch und Umwelt. Wir setzen auf den Umweltschutz als Qualit\u00e4tspr\u00e4misse. Fuerte Group Philosophie.\",\"breadcrumb\":{\"@id\":\"https:\/\/dev.fuertehoteles.com\/de\/corporate\/unsere-philosophie\/#breadcrumb\"},\"inLanguage\":\"de\",\"potentialAction\":[{\"@type\":\"ReadAction\",\"target\":[\"https:\/\/dev.fuertehoteles.com\/de\/corporate\/unsere-philosophie\/\"]}]},{\"@type\":\"BreadcrumbList\",\"@id\":\"https:\/\/dev.fuertehoteles.com\/de\/corporate\/unsere-philosophie\/#breadcrumb\",\"itemListElement\":[{\"@type\":\"ListItem\",\"position\":1,\"name\":\"Portada\",\"item\":\"https:\/\/dev.fuertehoteles.com\/de\/\"},{\"@type\":\"ListItem\",\"position\":2,\"name\":\"Corporate\",\"item\":\"https:\/\/dev.fuertehoteles.com\/de\/corporate\/\"},{\"@type\":\"ListItem\",\"position\":3,\"name\":\"Unsere Philosophie\"}]}]}<\/script>\n<!-- \/ Yoast SEO plugin. -->","yoast_head_json":{"title":"Fuerte Group, Unsere Philosophie. Hotels Andalusien","description":"Wir habne ein Herz f\u00fcr Mensch und Umwelt. Wir setzen auf den Umweltschutz als Qualit\u00e4tspr\u00e4misse. Fuerte Group Philosophie.","robots":{"index":"noindex","follow":"follow","max-snippet":"max-snippet:-1","max-image-preview":"max-image-preview:large","max-video-preview":"max-video-preview:-1"},"og_locale":"de_DE","og_type":"article","og_title":"Fuerte Group, Unsere Philosophie. Hotels Andalusien","og_description":"Wir habne ein Herz f\u00fcr Mensch und Umwelt. Wir setzen auf den Umweltschutz als Qualit\u00e4tspr\u00e4misse. Fuerte Group Philosophie.","og_url":"https:\/\/dev.fuertehoteles.com\/de\/corporate\/unsere-philosophie\/","og_site_name":"Fuerte Hoteles","article_publisher":"https:\/\/www.facebook.com\/HotelesFuerte","article_modified_time":"2021-12-20T11:14:04+00:00","og_image":[{"width":1920,"height":540,"url":"https:\/\/dev.fuertehoteles.com\/wp-content\/uploads\/2021\/12\/cabecera-nuestras-diferencias.jpg","type":"image\/jpeg"}],"twitter_card":"summary_large_image","twitter_site":"@fuertehoteles","twitter_misc":{"Gesch\u00e4tzte Lesezeit":"5\u00a0Minuten"},"schema":{"@context":"https:\/\/schema.org","@graph":[{"@type":"WebSite","@id":"https:\/\/dev.fuertehoteles.com\/#website","url":"https:\/\/dev.fuertehoteles.com\/","name":"Fuerte Hoteles","description":"","potentialAction":[{"@type":"SearchAction","target":{"@type":"EntryPoint","urlTemplate":"https:\/\/dev.fuertehoteles.com\/?s={search_term_string}"},"query-input":"required name=search_term_string"}],"inLanguage":"de"},{"@type":"WebPage","@id":"https:\/\/dev.fuertehoteles.com\/de\/corporate\/unsere-philosophie\/","url":"https:\/\/dev.fuertehoteles.com\/de\/corporate\/unsere-philosophie\/","name":"Fuerte Group, Unsere Philosophie. Hotels Andalusien","isPartOf":{"@id":"https:\/\/dev.fuertehoteles.com\/#website"},"datePublished":"2021-12-09T07:40:51+00:00","dateModified":"2021-12-20T11:14:04+00:00","description":"Wir habne ein Herz f\u00fcr Mensch und Umwelt. Wir setzen auf den Umweltschutz als Qualit\u00e4tspr\u00e4misse. Fuerte Group Philosophie.","breadcrumb":{"@id":"https:\/\/dev.fuertehoteles.com\/de\/corporate\/unsere-philosophie\/#breadcrumb"},"inLanguage":"de","potentialAction":[{"@type":"ReadAction","target":["https:\/\/dev.fuertehoteles.com\/de\/corporate\/unsere-philosophie\/"]}]},{"@type":"BreadcrumbList","@id":"https:\/\/dev.fuertehoteles.com\/de\/corporate\/unsere-philosophie\/#breadcrumb","itemListElement":[{"@type":"ListItem","position":1,"name":"Portada","item":"https:\/\/dev.fuertehoteles.com\/de\/"},{"@type":"ListItem","position":2,"name":"Corporate","item":"https:\/\/dev.fuertehoteles.com\/de\/corporate\/"},{"@type":"ListItem","position":3,"name":"Unsere Philosophie"}]}]}},"_links":{"self":[{"href":"https:\/\/dev.fuertehoteles.com\/de\/wp-json\/wp\/v2\/pages\/4464","targetHints":{"allow":["GET"]}}],"collection":[{"href":"https:\/\/dev.fuertehoteles.com\/de\/wp-json\/wp\/v2\/pages"}],"about":[{"href":"https:\/\/dev.fuertehoteles.com\/de\/wp-json\/wp\/v2\/types\/page"}],"author":[{"embeddable":true,"href":"https:\/\/dev.fuertehoteles.com\/de\/wp-json\/wp\/v2\/users\/6"}],"replies":[{"embeddable":true,"href":"https:\/\/dev.fuertehoteles.com\/de\/wp-json\/wp\/v2\/comments?post=4464"}],"version-history":[{"count":2,"href":"https:\/\/dev.fuertehoteles.com\/de\/wp-json\/wp\/v2\/pages\/4464\/revisions"}],"predecessor-version":[{"id":4470,"href":"https:\/\/dev.fuertehoteles.com\/de\/wp-json\/wp\/v2\/pages\/4464\/revisions\/4470"}],"up":[{"embeddable":true,"href":"https:\/\/dev.fuertehoteles.com\/de\/wp-json\/wp\/v2\/pages\/4263"}],"wp:featuredmedia":[{"embeddable":true,"href":"https:\/\/dev.fuertehoteles.com\/de\/wp-json\/wp\/v2\/media\/4004"}],"wp:attachment":[{"href":"https:\/\/dev.fuertehoteles.com\/de\/wp-json\/wp\/v2\/media?parent=4464"}],"curies":[{"name":"wp","href":"https:\/\/api.w.org\/{rel}","templated":true}]}}