{"id":4451,"date":"2021-12-09T09:01:00","date_gmt":"2021-12-09T08:01:00","guid":{"rendered":"https:\/\/dev.fuertehoteles.com\/corporate\/historia\/"},"modified":"2021-12-20T12:03:06","modified_gmt":"2021-12-20T11:03:06","slug":"geschichte","status":"publish","type":"page","link":"https:\/\/dev.fuertehoteles.com\/de\/corporate\/geschichte\/","title":{"rendered":"Geschichte"},"content":{"rendered":"[vc_row][vc_column][vc_column_text]Unsere Tradition eines guten G\u00e4steservice basiert auf einer langen Geschichte, die mit dem\u00a0<strong>Hotel el Fuerte<\/strong>\u00a0begann. Es war ein Pionierhotel,\u00a0<strong>das am 4. Juli 1957 in Marbella er\u00f6ffnet<\/strong>\u00a0wurde. Das Hotel wurde neben den Resten der \u201cSan Luis Festung\u201d erbaut, die unserem ersten Hotel und unserem Unternehmen den Namen gab. Im Laufe der Jahre begleitete uns das el Fuerte San Luis und best\u00e4rkte uns zu wachsen und noch besser zu werden. Die Geschichte der Festung ist unsere Vergangenheit, die wir gerne mit Ihnen teilen w\u00fcrden:<\/p>\n<p>D.\u00a0<strong>Jos\u00e9 Luque Manzano<\/strong>\u00a0kaufte dieses Grundst\u00fcck und baute das erste Hotel Marbellas, was damals mit hohem Risiko verbunden war. Dieser gro\u00dfz\u00fcgige Gesch\u00e4ftsmann voller Vorstellungskraft wurde in Estepa geboren, einem Dorf in der N\u00e4he von Sevilla, wo er eine Schokoladenfabrik und eine \u00d6lm\u00fchle besa\u00df. Seine Familie und Freunde waren der Meinung, dass er ein wohlst\u00e4ndiges Dorf aufgab, um sich in ein Abenteuer mit nur wenig oder gar keiner Zukunft begab.<\/p>\n<p>Aber die Zeit gab Don Jos\u00e9 recht. Am 15. Juli 1957 veranstaltete D. Jos\u00e9 Luque Manzano ein Galaabendessen f\u00fcr ca. 500 eingeladene G\u00e4ste, um das erste Geb\u00e4ude des Hotels einzuweihen, das damals aus 33 Zimmern bestand und den ersten Aufzug der\u00a0<strong>Costa del Sol<\/strong>\u00a0besa\u00df.<\/p>\n<p>Don Jos\u00e9 starb 1984, als sich die zweite Generation dem Hotel annahm, es erweiterte und renovierte. Heute besitzt das Unternehmen, das immer noch in Familienhand ist, sechs Hotels, die den Service und den Komfort der Einrichtungen beibehalten, die ihren Ursprung 1957 in\u00a0<strong>Marbella<\/strong>\u00a0neben der San Luis Festung hatten.<\/p>\n<p>In diesem Jahr feiern wir unseren 54. Geburtstag. Zur\u00a0<strong>Fuerte Group Hotels<\/strong>\u00a0geh\u00f6ren zwei Hotels in\u00a0<strong>Conil<\/strong>, eins in\u00a0<strong>Grazalema<\/strong>, ein weiteres in\u00a0<strong>El Rompido<\/strong>\u00a0sowie ein zweites Hotel in\u00a0<strong>Marbella<\/strong>.<\/p>\n<p>Das erste Hotel in Conil war das\u00a0<strong>Hotel Fuerte Conil<\/strong>, das am 12. Februar 1999 eingeweiht wurde. Direkt nebenan entstand das zweite Hotel in diesem Ort. Das\u00a0<strong>Hotel Fuerte Costa Luz<\/strong>\u00a0wurde am 17. Mai 2004 eingeweiht.\u00a0Jahre sp\u00e4ter beide als einem Komplex,\u00a0<strong><a href=\"https:\/\/www.fuertehoteles.com\/de\/hotels\/resort-fuerte-conil-costaluz\/das-hotel\/\" target=\"_blank\" rel=\"noopener\">Hotel Fuerte Conil-Resort<\/a><\/strong>\u00a0gebildet.<\/p>\n<p>Das zweite Hotel in Marbella ist das\u00a0<strong>Hotel Fuerte Miramar<\/strong>, jetzt genannt\u00a0<strong><a href=\"http:\/\/www.amarehotels.com\/de\/\" target=\"_blank\" rel=\"noopener\">Am\u00e0re Marbella Beach Hotel<\/a><\/strong>, das dem Publikum im Jahr 2001 vorgestellt wurde.<\/p>\n<p>Im Februar 2002 er\u00f6ffnete mitten im\u00a0<strong>Naturpark der Sierra de Grazalema<\/strong>\u00a0<strong><a href=\"https:\/\/www.fuertehoteles.com\/de\/hotels\/fuerte-grazalema\/das-hotel\/\" target=\"_blank\" rel=\"noopener\">Hotel Fuerte Grazalema<\/a><\/strong>.<\/p>\n<p>Danach kam das Hotel\u00a0<strong><a href=\"https:\/\/www.fuertehoteles.com\/de\/hotels\/fuerte-rompido-cartaya\/das-hotel\/\" target=\"_blank\" rel=\"noopener\">Fuerte El Rompido<\/a><\/strong>, das in der Naturlandschaft des Piedras Flusses und der Flecha del Rompido liegt. Seine Er\u00f6ffnung im Jahre 2005 direkt neben einem Golfplatz, \u00f6ffnete neue Horizonte f\u00fcr das Hotelgewerbe. Das Hotel wurde Teil der Liste der nachhaltigen Hotels des Unternehmens.<\/p>\n<p>Drei Jahre sp\u00e4ter, im Jahr 2008, wurde der Bau der Apartments Fuerte Calaceite (jetzt\u00a0<a href=\"https:\/\/www.oleeholidayrentals.com\/de\/\" target=\"_blank\" rel=\"noopener\"><strong>Ol\u00e9e Nerja Holiday Rentals<\/strong><\/a>) abgeschlossen. Dieser Apartmentkomplex befindet sich in einer privilegierten Umgebung zwischen Nerja und Torrox, die f\u00fcr ihr bestes Klima in Europa bekannt ist.<\/p>\n<p>Das\u00a0<strong><a href=\"http:\/\/www.secretsresorts.com\/st-james-montego-bay\" target=\"_blank\" rel=\"noopener\">Hotel Secrets Montego Bay<\/a><\/strong>\u00a0ist der internationale Schachzug des Unternehmens. Die Fuerte Group Hotels\u00a0ist zusammen mit anderen Investoren teilhabender Bauherr und f\u00fcr die Leitung des Projekts (Project Management) eines Luxushotels mit 700 Zimmern in Montego Bay (Jamaika) verantwortlich.<\/p>\n<p>Im September 2017 wird das 5-Sterne\u00a0<a href=\"http:\/\/www.breathlessresorts.com\/\"><strong>Hotel Breathless Montego Bay Spa &amp; Resort<\/strong><\/a>\u00a0er\u00f6ffnet, das mit einem \u201eAll-inclusive\u201d System funktioniert und 150 Zimmer, 5 Restaurants und 3 Bars anbietet. Das Hotel befindet sich in Montego Bay (Jamaika) und bildet mit den zwei Secrets Hotels eine Ferienanlage mit 3 Hotels.<\/p>\n<p>Die\u00a0<strong><a href=\"http:\/\/www.fundacionfuerte.org\/\" target=\"_blank\" rel=\"noopener\">Fuerte Stiftung<\/a><\/strong>\u00a0(die ihren Namen von unserem ersten Hotel hat \u2013 El Fuerte) entstand logischerweise aus den Werten, die dieses Unternehmen im Laufe der 50 Jahre geschaffen hat. (1957 \u2013 2007).<\/p>\n<p><b><a href=\"http:\/\/www.we-projectcompany.com\/en\/\" target=\"_blank\" rel=\"noopener\">We<\/a><\/b>. Nach 15-j\u00e4hriger Erfahrung bei Projekten zur Renovierung und neuen Herausforderungen der Innenarchitektur in der eigenen Hotelkette, wurde 2003 damit begonnen, Projekte f\u00fcr externe Kunden durchzuf\u00fchren.[\/vc_column_text][\/vc_column][\/vc_row]\n","protected":false},"excerpt":{"rendered":"<p>[vc_row][vc_column][vc_column_text]Unsere Tradition eines guten G\u00e4steservice basiert auf einer langen Geschichte, die mit dem\u00a0Hotel el Fuerte\u00a0begann. Es war ein Pionierhotel,\u00a0das am 4. Juli 1957 in Marbella er\u00f6ffnet\u00a0wurde. Das Hotel wurde neben den Resten der \u201cSan Luis Festung\u201d erbaut, die unserem ersten Hotel und unserem Unternehmen den Namen gab. Im Laufe der Jahre begleitete uns das el<\/p>\n","protected":false},"author":6,"featured_media":4027,"parent":4263,"menu_order":0,"comment_status":"closed","ping_status":"closed","template":"templates\/corporate-subpages.php","meta":{"footnotes":""},"class_list":["post-4451","page","type-page","status-publish","hentry"],"yoast_head":"<!-- This site is optimized with the Yoast SEO plugin v19.4 - https:\/\/yoast.com\/wordpress\/plugins\/seo\/ -->\n<title>Die Geschichte der Fuerte Group Hotels von 1957 bis heute<\/title>\n<meta name=\"description\" content=\"Unsere Tradition der Kundenservice auf eine lange Geschichte, die mit der Er\u00f6ffnung des Hotel El Fuerte in Marbella am 4. Juli begann 1957 basiert\" \/>\n<meta name=\"robots\" content=\"noindex, follow, max-snippet:-1, max-image-preview:large, max-video-preview:-1\" \/>\n<meta property=\"og:locale\" content=\"de_DE\" \/>\n<meta property=\"og:type\" content=\"article\" \/>\n<meta property=\"og:title\" content=\"Die Geschichte der Fuerte Group Hotels von 1957 bis heute\" \/>\n<meta property=\"og:description\" content=\"Unsere Tradition der Kundenservice auf eine lange Geschichte, die mit der Er\u00f6ffnung des Hotel El Fuerte in Marbella am 4. Juli begann 1957 basiert\" \/>\n<meta property=\"og:url\" content=\"https:\/\/dev.fuertehoteles.com\/de\/corporate\/geschichte\/\" \/>\n<meta property=\"og:site_name\" content=\"Fuerte Hoteles\" \/>\n<meta property=\"article:publisher\" content=\"https:\/\/www.facebook.com\/HotelesFuerte\" \/>\n<meta property=\"article:modified_time\" content=\"2021-12-20T11:03:06+00:00\" \/>\n<meta property=\"og:image\" content=\"https:\/\/dev.fuertehoteles.com\/wp-content\/uploads\/2021\/12\/cabecera-historia.jpg\" \/>\n\t<meta property=\"og:image:width\" content=\"1920\" \/>\n\t<meta property=\"og:image:height\" content=\"540\" \/>\n\t<meta property=\"og:image:type\" content=\"image\/jpeg\" \/>\n<meta name=\"twitter:card\" content=\"summary_large_image\" \/>\n<meta name=\"twitter:site\" content=\"@fuertehoteles\" \/>\n<meta name=\"twitter:label1\" content=\"Gesch\u00e4tzte Lesezeit\" \/>\n\t<meta name=\"twitter:data1\" content=\"3\u00a0Minuten\" \/>\n<script type=\"application\/ld+json\" class=\"yoast-schema-graph\">{\"@context\":\"https:\/\/schema.org\",\"@graph\":[{\"@type\":\"WebSite\",\"@id\":\"https:\/\/dev.fuertehoteles.com\/#website\",\"url\":\"https:\/\/dev.fuertehoteles.com\/\",\"name\":\"Fuerte Hoteles\",\"description\":\"\",\"potentialAction\":[{\"@type\":\"SearchAction\",\"target\":{\"@type\":\"EntryPoint\",\"urlTemplate\":\"https:\/\/dev.fuertehoteles.com\/?s={search_term_string}\"},\"query-input\":\"required name=search_term_string\"}],\"inLanguage\":\"de\"},{\"@type\":\"WebPage\",\"@id\":\"https:\/\/dev.fuertehoteles.com\/de\/corporate\/geschichte\/\",\"url\":\"https:\/\/dev.fuertehoteles.com\/de\/corporate\/geschichte\/\",\"name\":\"Die Geschichte der Fuerte Group Hotels von 1957 bis heute\",\"isPartOf\":{\"@id\":\"https:\/\/dev.fuertehoteles.com\/#website\"},\"datePublished\":\"2021-12-09T08:01:00+00:00\",\"dateModified\":\"2021-12-20T11:03:06+00:00\",\"description\":\"Unsere Tradition der Kundenservice auf eine lange Geschichte, die mit der Er\u00f6ffnung des Hotel El Fuerte in Marbella am 4. Juli begann 1957 basiert\",\"breadcrumb\":{\"@id\":\"https:\/\/dev.fuertehoteles.com\/de\/corporate\/geschichte\/#breadcrumb\"},\"inLanguage\":\"de\",\"potentialAction\":[{\"@type\":\"ReadAction\",\"target\":[\"https:\/\/dev.fuertehoteles.com\/de\/corporate\/geschichte\/\"]}]},{\"@type\":\"BreadcrumbList\",\"@id\":\"https:\/\/dev.fuertehoteles.com\/de\/corporate\/geschichte\/#breadcrumb\",\"itemListElement\":[{\"@type\":\"ListItem\",\"position\":1,\"name\":\"Portada\",\"item\":\"https:\/\/dev.fuertehoteles.com\/de\/\"},{\"@type\":\"ListItem\",\"position\":2,\"name\":\"Corporate\",\"item\":\"https:\/\/dev.fuertehoteles.com\/de\/corporate\/\"},{\"@type\":\"ListItem\",\"position\":3,\"name\":\"Geschichte\"}]}]}<\/script>\n<!-- \/ Yoast SEO plugin. -->","yoast_head_json":{"title":"Die Geschichte der Fuerte Group Hotels von 1957 bis heute","description":"Unsere Tradition der Kundenservice auf eine lange Geschichte, die mit der Er\u00f6ffnung des Hotel El Fuerte in Marbella am 4. Juli begann 1957 basiert","robots":{"index":"noindex","follow":"follow","max-snippet":"max-snippet:-1","max-image-preview":"max-image-preview:large","max-video-preview":"max-video-preview:-1"},"og_locale":"de_DE","og_type":"article","og_title":"Die Geschichte der Fuerte Group Hotels von 1957 bis heute","og_description":"Unsere Tradition der Kundenservice auf eine lange Geschichte, die mit der Er\u00f6ffnung des Hotel El Fuerte in Marbella am 4. Juli begann 1957 basiert","og_url":"https:\/\/dev.fuertehoteles.com\/de\/corporate\/geschichte\/","og_site_name":"Fuerte Hoteles","article_publisher":"https:\/\/www.facebook.com\/HotelesFuerte","article_modified_time":"2021-12-20T11:03:06+00:00","og_image":[{"width":1920,"height":540,"url":"https:\/\/dev.fuertehoteles.com\/wp-content\/uploads\/2021\/12\/cabecera-historia.jpg","type":"image\/jpeg"}],"twitter_card":"summary_large_image","twitter_site":"@fuertehoteles","twitter_misc":{"Gesch\u00e4tzte Lesezeit":"3\u00a0Minuten"},"schema":{"@context":"https:\/\/schema.org","@graph":[{"@type":"WebSite","@id":"https:\/\/dev.fuertehoteles.com\/#website","url":"https:\/\/dev.fuertehoteles.com\/","name":"Fuerte Hoteles","description":"","potentialAction":[{"@type":"SearchAction","target":{"@type":"EntryPoint","urlTemplate":"https:\/\/dev.fuertehoteles.com\/?s={search_term_string}"},"query-input":"required name=search_term_string"}],"inLanguage":"de"},{"@type":"WebPage","@id":"https:\/\/dev.fuertehoteles.com\/de\/corporate\/geschichte\/","url":"https:\/\/dev.fuertehoteles.com\/de\/corporate\/geschichte\/","name":"Die Geschichte der Fuerte Group Hotels von 1957 bis heute","isPartOf":{"@id":"https:\/\/dev.fuertehoteles.com\/#website"},"datePublished":"2021-12-09T08:01:00+00:00","dateModified":"2021-12-20T11:03:06+00:00","description":"Unsere Tradition der Kundenservice auf eine lange Geschichte, die mit der Er\u00f6ffnung des Hotel El Fuerte in Marbella am 4. Juli begann 1957 basiert","breadcrumb":{"@id":"https:\/\/dev.fuertehoteles.com\/de\/corporate\/geschichte\/#breadcrumb"},"inLanguage":"de","potentialAction":[{"@type":"ReadAction","target":["https:\/\/dev.fuertehoteles.com\/de\/corporate\/geschichte\/"]}]},{"@type":"BreadcrumbList","@id":"https:\/\/dev.fuertehoteles.com\/de\/corporate\/geschichte\/#breadcrumb","itemListElement":[{"@type":"ListItem","position":1,"name":"Portada","item":"https:\/\/dev.fuertehoteles.com\/de\/"},{"@type":"ListItem","position":2,"name":"Corporate","item":"https:\/\/dev.fuertehoteles.com\/de\/corporate\/"},{"@type":"ListItem","position":3,"name":"Geschichte"}]}]}},"_links":{"self":[{"href":"https:\/\/dev.fuertehoteles.com\/de\/wp-json\/wp\/v2\/pages\/4451","targetHints":{"allow":["GET"]}}],"collection":[{"href":"https:\/\/dev.fuertehoteles.com\/de\/wp-json\/wp\/v2\/pages"}],"about":[{"href":"https:\/\/dev.fuertehoteles.com\/de\/wp-json\/wp\/v2\/types\/page"}],"author":[{"embeddable":true,"href":"https:\/\/dev.fuertehoteles.com\/de\/wp-json\/wp\/v2\/users\/6"}],"replies":[{"embeddable":true,"href":"https:\/\/dev.fuertehoteles.com\/de\/wp-json\/wp\/v2\/comments?post=4451"}],"version-history":[{"count":3,"href":"https:\/\/dev.fuertehoteles.com\/de\/wp-json\/wp\/v2\/pages\/4451\/revisions"}],"predecessor-version":[{"id":4460,"href":"https:\/\/dev.fuertehoteles.com\/de\/wp-json\/wp\/v2\/pages\/4451\/revisions\/4460"}],"up":[{"embeddable":true,"href":"https:\/\/dev.fuertehoteles.com\/de\/wp-json\/wp\/v2\/pages\/4263"}],"wp:featuredmedia":[{"embeddable":true,"href":"https:\/\/dev.fuertehoteles.com\/de\/wp-json\/wp\/v2\/media\/4027"}],"wp:attachment":[{"href":"https:\/\/dev.fuertehoteles.com\/de\/wp-json\/wp\/v2\/media?parent=4451"}],"curies":[{"name":"wp","href":"https:\/\/api.w.org\/{rel}","templated":true}]}}