{"id":4442,"date":"2021-12-09T09:35:36","date_gmt":"2021-12-09T08:35:36","guid":{"rendered":"https:\/\/dev.fuertehoteles.com\/corporate\/fuerte-experiencias\/"},"modified":"2021-12-20T11:46:47","modified_gmt":"2021-12-20T10:46:47","slug":"fuerte-experiencias","status":"publish","type":"page","link":"https:\/\/dev.fuertehoteles.com\/de\/corporate\/fuerte-experiencias\/","title":{"rendered":"Fuerte Experiencias"},"content":{"rendered":"[vc_row][vc_column][vc_column_text]\n<h2>Es ist eine Erfahrung und nicht nur eine Reise<\/h2>\n[\/vc_column_text][vc_column_text css_animation=&#8220;none&#8220; el_class=&#8220;fh-corporate-content-divider&#8220;]\n<hr \/>\n[\/vc_column_text][vc_column_text]Eine Reise ist viel mehr, als nur ein Besuch des Urlaubsortes. Wir von\u00a0<strong>Fuerte Hoteles<\/strong>\u00a0m\u00f6chten, dass Sie in Andalusien in den Genuss eines echten Erlebnisses kommen. Sie werden hiesigen Traditionen erleben, die Geheimnisse seiner Gastronomie kennenlernen, seine Menschen und das herrliche Kulturerbe und seine Natursch\u00e4tze genie\u00dfen.<\/p>\n<p>Genau an diesem Punkt entstand das Erlebnisprogramm\u00a0<strong>Fuerte Experiencias.\u00a0<\/strong>Ein Aktivit\u00e4tenangebot f\u00fcr Erwachsene und Kinder, \u00fcber das wir die M\u00f6glichkeit anbieten, die unterschiedlichen Eigenschaften der Kultur und des Umfeldes unserer Hotelbetriebe kennenzulernen sowie die Details unserer nachhaltigen Umweltma\u00dfnahmen.<\/p>\n<p>Zu den Aktivit\u00e4ten, um die Umgebung zu erleben, geh\u00f6ren die\u00a0<strong>Verantwortungsbewusste Tour\u00a0<\/strong>oder<strong>\u00a0Botanische Tour, die Besichtigung\u00a0<\/strong>unserer\u00a0<strong>\u00d6kologischen Gem\u00fcseg\u00e4rten<\/strong>\u00a0und des\u00a0<strong>Bauernhofs von Grazalema<\/strong>, damit Sie sich einen Eindruck \u00fcber die Umweltinitiativen machen k\u00f6nnen, die unsere Hotels umgesetzt haben und wo die kleinen G\u00e4ste die lokale Pflanzen- und Tierwelt erleben k\u00f6nnen.<\/p>\n<p>Und um die Tiere in ihrem Habitat zu beobachten, gibt es nichts Besseres als unser Aktivit\u00e4tenprogramm, durch das man, dank der\u00a0<strong>Fahrradtouren, Bergwanderungen, Segway-Touren\u00a0<\/strong>oder\u00a0<strong>Kajakfahrten\u00a0<\/strong>in einzigartigen Naturlandschaften, direkt mit der Natur in Kontakt ist.<\/p>\n<p>Auch das kulturelle Umfeld steht der Natur in keinem Fall hinten an. Deshalb schlagen wir Ihnen\u00a0<strong>F\u00fchrungen vor, damit\u00a0<\/strong>Sie das historische Zentrum der emblematischsten, andalusischen D\u00f6rfer kennenlernen.<\/p>\n<p>Die Gastronomie ist ein weiterer H\u00f6hepunkt des Programms. Deshalb organisieren wir\u00a0<strong>\u00d6l- und Weinverkostungen,\u00a0<\/strong>Workshops zur\u00a0<strong>Zubereitung von Sangria und Cocktails oder\u00a0<\/strong>wir zeigen unseren G\u00e4sten wie sie zuhause Ihre eigene\u00a0<strong>Gazpacho<\/strong>\u00a0zubereiten k\u00f6nnen.<\/p>\n<p>Dank unserer Hotels, die sich direkt am Meer und in einzigartigen Landschaften befinden, k\u00f6nnen Sie den Zauber des\u00a0<strong>Flamencos<\/strong>\u00a0und unsere farbenfrohen und unterhaltsamen Feste erleben.<\/p>\n<p>Entdecken Sie mit Fuerte Hoteles den Charme des S\u00fcdens:<\/p>\n<p><a title=\"Fuerte Marbella\" href=\"https:\/\/www.fuertehoteles.com\/de\/hotels\/fuerte-marbella\/freizeitangebote\/\" target=\"_blank\" rel=\"noopener\">Fuerte Marbella<\/a><br \/>\n<a title=\"Fuerte Grazalema\" href=\"https:\/\/www.fuertehoteles.com\/de\/hotels\/fuerte-grazalema\/freizeitangebote\/\" target=\"_blank\" rel=\"noopener\">Fuerte Grazalema<\/a><br \/>\n<a title=\"Fuerte Conil-Costa Luz\" href=\"https:\/\/www.fuertehoteles.com\/de\/hotels\/resort-fuerte-conil-costaluz\/freizeitangebote\/\" target=\"_blank\" rel=\"noopener\">Fuerte Conil-Resort<\/a><br \/>\n<a title=\"Fuerte El Rompido\" href=\"https:\/\/www.fuertehoteles.com\/de\/hotels\/fuerte-rompido-cartaya\/freizeitangebote\/\" target=\"_blank\" rel=\"noopener\">Hotel Fuerte El Rompido<\/a>[\/vc_column_text][\/vc_column][\/vc_row]\n","protected":false},"excerpt":{"rendered":"<p>[vc_row][vc_column][vc_column_text] Es ist eine Erfahrung und nicht nur eine Reise [\/vc_column_text][vc_column_text css_animation=&#8220;none&#8220; el_class=&#8220;fh-corporate-content-divider&#8220;] [\/vc_column_text][vc_column_text]Eine Reise ist viel mehr, als nur ein Besuch des Urlaubsortes. Wir von\u00a0Fuerte Hoteles\u00a0m\u00f6chten, dass Sie in Andalusien in den Genuss eines echten Erlebnisses kommen. Sie werden hiesigen Traditionen erleben, die Geheimnisse seiner Gastronomie kennenlernen, seine Menschen und das herrliche Kulturerbe und<\/p>\n","protected":false},"author":6,"featured_media":4051,"parent":4263,"menu_order":0,"comment_status":"closed","ping_status":"closed","template":"templates\/corporate-subpages.php","meta":{"footnotes":""},"class_list":["post-4442","page","type-page","status-publish","hentry"],"yoast_head":"<!-- This site is optimized with the Yoast SEO plugin v19.4 - https:\/\/yoast.com\/wordpress\/plugins\/seo\/ -->\n<title>Fuerte Experiencias: Spanien erleben! Fuerte Group Hoteles<\/title>\n<meta name=\"description\" content=\"Wir kreieren Erlebnisse! Fuerte Experiencias sind kulturelle, kulinarische &amp; sportliche Aktivit\u00e4ten. Fuerte Hoteles - f\u00fcr eine unvergessliche Zeit!\" \/>\n<meta name=\"robots\" content=\"noindex, follow, max-snippet:-1, max-image-preview:large, max-video-preview:-1\" \/>\n<meta property=\"og:locale\" content=\"de_DE\" \/>\n<meta property=\"og:type\" content=\"article\" \/>\n<meta property=\"og:title\" content=\"Fuerte Experiencias: Spanien erleben! Fuerte Group Hoteles\" \/>\n<meta property=\"og:description\" content=\"Wir kreieren Erlebnisse! Fuerte Experiencias sind kulturelle, kulinarische &amp; sportliche Aktivit\u00e4ten. Fuerte Hoteles - f\u00fcr eine unvergessliche Zeit!\" \/>\n<meta property=\"og:url\" content=\"https:\/\/dev.fuertehoteles.com\/de\/corporate\/fuerte-experiencias\/\" \/>\n<meta property=\"og:site_name\" content=\"Fuerte Hoteles\" \/>\n<meta property=\"article:publisher\" content=\"https:\/\/www.facebook.com\/HotelesFuerte\" \/>\n<meta property=\"article:modified_time\" content=\"2021-12-20T10:46:47+00:00\" \/>\n<meta property=\"og:image\" content=\"https:\/\/dev.fuertehoteles.com\/wp-content\/uploads\/2021\/12\/corporate-header-2.jpg\" \/>\n\t<meta property=\"og:image:width\" content=\"1920\" \/>\n\t<meta property=\"og:image:height\" content=\"540\" \/>\n\t<meta property=\"og:image:type\" content=\"image\/jpeg\" \/>\n<meta name=\"twitter:card\" content=\"summary_large_image\" \/>\n<meta name=\"twitter:site\" content=\"@fuertehoteles\" \/>\n<meta name=\"twitter:label1\" content=\"Gesch\u00e4tzte Lesezeit\" \/>\n\t<meta name=\"twitter:data1\" content=\"2\u00a0Minuten\" \/>\n<script type=\"application\/ld+json\" class=\"yoast-schema-graph\">{\"@context\":\"https:\/\/schema.org\",\"@graph\":[{\"@type\":\"WebSite\",\"@id\":\"https:\/\/dev.fuertehoteles.com\/#website\",\"url\":\"https:\/\/dev.fuertehoteles.com\/\",\"name\":\"Fuerte Hoteles\",\"description\":\"\",\"potentialAction\":[{\"@type\":\"SearchAction\",\"target\":{\"@type\":\"EntryPoint\",\"urlTemplate\":\"https:\/\/dev.fuertehoteles.com\/?s={search_term_string}\"},\"query-input\":\"required name=search_term_string\"}],\"inLanguage\":\"de\"},{\"@type\":\"WebPage\",\"@id\":\"https:\/\/dev.fuertehoteles.com\/de\/corporate\/fuerte-experiencias\/\",\"url\":\"https:\/\/dev.fuertehoteles.com\/de\/corporate\/fuerte-experiencias\/\",\"name\":\"Fuerte Experiencias: Spanien erleben! Fuerte Group Hoteles\",\"isPartOf\":{\"@id\":\"https:\/\/dev.fuertehoteles.com\/#website\"},\"datePublished\":\"2021-12-09T08:35:36+00:00\",\"dateModified\":\"2021-12-20T10:46:47+00:00\",\"description\":\"Wir kreieren Erlebnisse! Fuerte Experiencias sind kulturelle, kulinarische & sportliche Aktivit\u00e4ten. Fuerte Hoteles - f\u00fcr eine unvergessliche Zeit!\",\"breadcrumb\":{\"@id\":\"https:\/\/dev.fuertehoteles.com\/de\/corporate\/fuerte-experiencias\/#breadcrumb\"},\"inLanguage\":\"de\",\"potentialAction\":[{\"@type\":\"ReadAction\",\"target\":[\"https:\/\/dev.fuertehoteles.com\/de\/corporate\/fuerte-experiencias\/\"]}]},{\"@type\":\"BreadcrumbList\",\"@id\":\"https:\/\/dev.fuertehoteles.com\/de\/corporate\/fuerte-experiencias\/#breadcrumb\",\"itemListElement\":[{\"@type\":\"ListItem\",\"position\":1,\"name\":\"Portada\",\"item\":\"https:\/\/dev.fuertehoteles.com\/de\/\"},{\"@type\":\"ListItem\",\"position\":2,\"name\":\"Corporate\",\"item\":\"https:\/\/dev.fuertehoteles.com\/de\/corporate\/\"},{\"@type\":\"ListItem\",\"position\":3,\"name\":\"Fuerte Experiencias\"}]}]}<\/script>\n<!-- \/ Yoast SEO plugin. -->","yoast_head_json":{"title":"Fuerte Experiencias: Spanien erleben! Fuerte Group Hoteles","description":"Wir kreieren Erlebnisse! Fuerte Experiencias sind kulturelle, kulinarische & sportliche Aktivit\u00e4ten. Fuerte Hoteles - f\u00fcr eine unvergessliche Zeit!","robots":{"index":"noindex","follow":"follow","max-snippet":"max-snippet:-1","max-image-preview":"max-image-preview:large","max-video-preview":"max-video-preview:-1"},"og_locale":"de_DE","og_type":"article","og_title":"Fuerte Experiencias: Spanien erleben! Fuerte Group Hoteles","og_description":"Wir kreieren Erlebnisse! Fuerte Experiencias sind kulturelle, kulinarische & sportliche Aktivit\u00e4ten. Fuerte Hoteles - f\u00fcr eine unvergessliche Zeit!","og_url":"https:\/\/dev.fuertehoteles.com\/de\/corporate\/fuerte-experiencias\/","og_site_name":"Fuerte Hoteles","article_publisher":"https:\/\/www.facebook.com\/HotelesFuerte","article_modified_time":"2021-12-20T10:46:47+00:00","og_image":[{"width":1920,"height":540,"url":"https:\/\/dev.fuertehoteles.com\/wp-content\/uploads\/2021\/12\/corporate-header-2.jpg","type":"image\/jpeg"}],"twitter_card":"summary_large_image","twitter_site":"@fuertehoteles","twitter_misc":{"Gesch\u00e4tzte Lesezeit":"2\u00a0Minuten"},"schema":{"@context":"https:\/\/schema.org","@graph":[{"@type":"WebSite","@id":"https:\/\/dev.fuertehoteles.com\/#website","url":"https:\/\/dev.fuertehoteles.com\/","name":"Fuerte Hoteles","description":"","potentialAction":[{"@type":"SearchAction","target":{"@type":"EntryPoint","urlTemplate":"https:\/\/dev.fuertehoteles.com\/?s={search_term_string}"},"query-input":"required name=search_term_string"}],"inLanguage":"de"},{"@type":"WebPage","@id":"https:\/\/dev.fuertehoteles.com\/de\/corporate\/fuerte-experiencias\/","url":"https:\/\/dev.fuertehoteles.com\/de\/corporate\/fuerte-experiencias\/","name":"Fuerte Experiencias: Spanien erleben! Fuerte Group Hoteles","isPartOf":{"@id":"https:\/\/dev.fuertehoteles.com\/#website"},"datePublished":"2021-12-09T08:35:36+00:00","dateModified":"2021-12-20T10:46:47+00:00","description":"Wir kreieren Erlebnisse! Fuerte Experiencias sind kulturelle, kulinarische & sportliche Aktivit\u00e4ten. Fuerte Hoteles - f\u00fcr eine unvergessliche Zeit!","breadcrumb":{"@id":"https:\/\/dev.fuertehoteles.com\/de\/corporate\/fuerte-experiencias\/#breadcrumb"},"inLanguage":"de","potentialAction":[{"@type":"ReadAction","target":["https:\/\/dev.fuertehoteles.com\/de\/corporate\/fuerte-experiencias\/"]}]},{"@type":"BreadcrumbList","@id":"https:\/\/dev.fuertehoteles.com\/de\/corporate\/fuerte-experiencias\/#breadcrumb","itemListElement":[{"@type":"ListItem","position":1,"name":"Portada","item":"https:\/\/dev.fuertehoteles.com\/de\/"},{"@type":"ListItem","position":2,"name":"Corporate","item":"https:\/\/dev.fuertehoteles.com\/de\/corporate\/"},{"@type":"ListItem","position":3,"name":"Fuerte Experiencias"}]}]}},"_links":{"self":[{"href":"https:\/\/dev.fuertehoteles.com\/de\/wp-json\/wp\/v2\/pages\/4442","targetHints":{"allow":["GET"]}}],"collection":[{"href":"https:\/\/dev.fuertehoteles.com\/de\/wp-json\/wp\/v2\/pages"}],"about":[{"href":"https:\/\/dev.fuertehoteles.com\/de\/wp-json\/wp\/v2\/types\/page"}],"author":[{"embeddable":true,"href":"https:\/\/dev.fuertehoteles.com\/de\/wp-json\/wp\/v2\/users\/6"}],"replies":[{"embeddable":true,"href":"https:\/\/dev.fuertehoteles.com\/de\/wp-json\/wp\/v2\/comments?post=4442"}],"version-history":[{"count":2,"href":"https:\/\/dev.fuertehoteles.com\/de\/wp-json\/wp\/v2\/pages\/4442\/revisions"}],"predecessor-version":[{"id":4448,"href":"https:\/\/dev.fuertehoteles.com\/de\/wp-json\/wp\/v2\/pages\/4442\/revisions\/4448"}],"up":[{"embeddable":true,"href":"https:\/\/dev.fuertehoteles.com\/de\/wp-json\/wp\/v2\/pages\/4263"}],"wp:featuredmedia":[{"embeddable":true,"href":"https:\/\/dev.fuertehoteles.com\/de\/wp-json\/wp\/v2\/media\/4051"}],"wp:attachment":[{"href":"https:\/\/dev.fuertehoteles.com\/de\/wp-json\/wp\/v2\/media?parent=4442"}],"curies":[{"name":"wp","href":"https:\/\/api.w.org\/{rel}","templated":true}]}}