{"id":4431,"date":"2021-12-09T08:45:58","date_gmt":"2021-12-09T07:45:58","guid":{"rendered":"https:\/\/dev.fuertehoteles.com\/corporate\/divisiones\/"},"modified":"2021-12-20T11:33:43","modified_gmt":"2021-12-20T10:33:43","slug":"projekte","status":"publish","type":"page","link":"https:\/\/dev.fuertehoteles.com\/de\/corporate\/projekte\/","title":{"rendered":"Projekte"},"content":{"rendered":"[vc_row css=&#8220;.vc_custom_1632910808010{margin-bottom: 30px !important;}&#8220;][vc_column][vc_column_text]\n<h2>Projekte<\/h2>\n[\/vc_column_text][vc_column_text css_animation=&#8220;none&#8220; el_class=&#8220;fh-corporate-content-divider&#8220;]\n<hr \/>\n[\/vc_column_text][vc_column_text]Die\u00a0<strong>Fuerte Group Hotels<\/strong>\u00a0ist ein Unternehmen mit \u00fcber\u00a0sechs Jahrzehnten Erfahrung, das zu hundert Prozent mit andalusischem Kapital finanziert ist und dessen Hauptanliegen der sorgsame Umgang mit den Mitmenschen und der Umwelt ist.<\/p>\n<p>Seine verschiedenen Unternehmensbereiche umfassen das Hotelgewerbe, das haupts\u00e4chlich auf Andalusien (Spanien) konzentriert ist, die Vermietung von Apartments, den landwirtschaftlichen Bereich mit einem Betrieb in Estepa (Sevilla) und ein Atelier f\u00fcr Raumgestaltung.<\/p>\n<p>Dar\u00fcber hinaus verf\u00fcgt die Unternehmensgruppe \u00fcber die Fuerte-Stiftung, mit der sie hilfsbed\u00fcrftige Menschen unterst\u00fctzt.[\/vc_column_text][\/vc_column][\/vc_row][vc_row][vc_column][vc_column_text]\n<h2>Entdecken Sie unsere Projekte in der\u00a0<strong>Fuerte Group Hotels<\/strong><\/h2>\n[\/vc_column_text][vc_column_text css_animation=&#8220;none&#8220; el_class=&#8220;fh-corporate-content-divider&#8220;]\n<hr \/>\n[\/vc_column_text][\/vc_column][\/vc_row][vc_row css=&#8220;.vc_custom_1632841214239{margin-bottom: 20px !important;}&#8220;][vc_column][vc_column_text]\n<h3>Fuerte Hoteles<\/h3>\n[\/vc_column_text][vc_column_text]<strong>Fuerte Hoteles<\/strong>\u00a0ist eine Hotelkette, die sich aus einem Team von \u00fcber 1.000 Angestellten zusammensetzt. Mit ihren Hotels ist sie an den folgenden Standorten in Andalusien (Spanien) pr\u00e4sent: Marbella\u00a0(M\u00e1laga),\u00a0Conil de la Frontera(C\u00e1diz),\u00a0Grazalema\u00a0(C\u00e1diz) und\u00a0El Rompido\u00a0(Cartaya-Huelva).<\/p>\n<p><strong>Fuerte Hoteles<\/strong>\u00a0engagiert sich f\u00fcr den Umweltschutz und setzt in dieser Branche auf ein Umweltmanagement, das mit dem Tool ISO 14001, die Beunruhigungen der heutigen Gesellschaft in Bezug auf Umweltschutz von Hotelbetrieben weiterleitet und beantwortet.<\/p>\n<p>Die Hotelkette Fuerte Hoteles charakterisiert sich durch die\u00a0<strong>privilegierte Lage<\/strong>\u00a0seiner Hotels in Andalusien.<\/p>\n<p><a href=\"https:\/\/www.fuertehoteles.com\/de\/\" target=\"_blank\" rel=\"noopener\">INTERNETSEITE BESUCHEN<\/a>[\/vc_column_text][\/vc_column][\/vc_row][vc_row css=&#8220;.vc_custom_1632841214239{margin-bottom: 20px !important;}&#8220;][vc_column][vc_column_text]\n<h3>Am\u00e0re Hotels<\/h3>\n[\/vc_column_text][vc_column_text]2016 pr\u00e4sentierte Fuerte Group Hotels eine neue Hotelmarke, namens\u00a0<strong>Am\u00e0re Hotels<\/strong>, die sich auf ein erwachsenes Publikum konzentriert. Das erste Hotel ist das\u00a0<strong>Am\u00e0re Beach Hotel Marbella<\/strong>, das wenige Meter von der Altstadt Marbellas und direkt am Strand liegt.\u00a02019 wird das zweite Hotel er\u00f6ffnet: Das\u00a0<strong>Am\u00e0re Beach Hotel Ibiza<\/strong>\u00a0in der Cala de Bou, gegen\u00fcber von Sant Antoni de Portmany, dem bekannten Zentrum f\u00fcr Unterhaltung und Nachtleben auf der Insel.<\/p>\n<p><a href=\"https:\/\/www.amarehotels.com\/de\/\" target=\"_blank\" rel=\"noopener\">INTERNETSEITE BESUCHEN<\/a>[\/vc_column_text][\/vc_column][\/vc_row][vc_row css=&#8220;.vc_custom_1632841214239{margin-bottom: 20px !important;}&#8220;][vc_column][vc_column_text]\n<h3>Ol\u00e9e Holiday Rentals<\/h3>\n[\/vc_column_text][vc_column_text]<strong>Ol\u00e9e Holiday Rentals<\/strong>\u00a0ist die neue Marke von Fuerte Group Hotels, um Ferienwohnungen zu vermarkten. Die erste Anlage ist\u00a0<strong>Ol\u00e9e Nerja Holiday Rentals<\/strong>,\u00a0die vorher unter dem Namen Apartamentos Fuerte Calaceite bekannt war und zwischen Torrox und Nerja an der \u00f6stlichen Costa del Sol liegt. Sie verf\u00fcgt \u00fcber 83 komplett ausgestattete Appartements, um das beste Klima Europas zu genie\u00dfen.<\/p>\n<p><a href=\"https:\/\/www.oleeholidayrentals.com\/de\/\" target=\"_blank\" rel=\"noopener\">INTERNETSEITE BESUCHEN<\/a>[\/vc_column_text][\/vc_column][\/vc_row][vc_row css=&#8220;.vc_custom_1632841214239{margin-bottom: 20px !important;}&#8220;][vc_column][vc_column_text]\n<h3>We<\/h3>\n[\/vc_column_text][vc_column_text]Ein Team von Fachleuten mit umfangreicher Erfahrung in Logistik und internationalem Handel sorgt f\u00fcr eine hervorragende Verwaltung und Einbau der Ausstattung f\u00fcr Hotel- und Wohnprojekte.<\/p>\n<p><a href=\"http:\/\/www.we-projectcompany.com\/en\/\" target=\"_blank\" rel=\"noopener\">INTERNETSEITE BESUCHEN<\/a>[\/vc_column_text][\/vc_column][\/vc_row][vc_row][vc_column][vc_column_text]\n<h3>Fundaci\u00f3n Fuerte<\/h3>\n[\/vc_column_text][vc_column_text]Die\u00a0<strong>Fuerte Stiftung<\/strong>\u00a0ist eine Initiative von\u00a0<strong>lsabel M. Garc\u00eda Bard\u00f3n<\/strong>\u00a0(Pr\u00e4sidentin der\u00a0<strong>Fuerte Group Hotels<\/strong>), die von ihren Kindern und den Angestellten der Gruppe unterst\u00fctzt wird und mit dem Ziel gegr\u00fcndet wurde, dem Wunsch des Unternehmens zu folgen und bei der L\u00f6sung von Problemen im sozialen Umfeld zu helfen.<\/p>\n<p>Die\u00a0<strong>Fuerte Stiftung<\/strong>\u00a0m\u00f6chte die nachhaltige Entwicklung der Personen sozialer Randgruppen oder mit k\u00f6rperlichen Beschwerden oder kulturellen Problemen in Spanien oder anderen L\u00e4ndern unterst\u00fctzen. Dabei entscheidet der Vorstand, welche L\u00e4nder in Frage kommen, wobei die Orte, an denen die\u00a0<strong>Fuerte Group Hotels<\/strong>\u00a0pr\u00e4sent ist, Vorrang haben.<\/p>\n<p><a href=\"http:\/\/www.fundacionfuerte.org\/\" target=\"_blank\" rel=\"noopener\">INTERNETSEITE BESUCHEN<\/a>[\/vc_column_text][\/vc_column][\/vc_row]\n","protected":false},"excerpt":{"rendered":"<p>[vc_row css=&#8220;.vc_custom_1632910808010{margin-bottom: 30px !important;}&#8220;][vc_column][vc_column_text] Projekte [\/vc_column_text][vc_column_text css_animation=&#8220;none&#8220; el_class=&#8220;fh-corporate-content-divider&#8220;] [\/vc_column_text][vc_column_text]Die\u00a0Fuerte Group Hotels\u00a0ist ein Unternehmen mit \u00fcber\u00a0sechs Jahrzehnten Erfahrung, das zu hundert Prozent mit andalusischem Kapital finanziert ist und dessen Hauptanliegen der sorgsame Umgang mit den Mitmenschen und der Umwelt ist. Seine verschiedenen Unternehmensbereiche umfassen das Hotelgewerbe, das haupts\u00e4chlich auf Andalusien (Spanien) konzentriert ist, die Vermietung von<\/p>\n","protected":false},"author":6,"featured_media":4009,"parent":4263,"menu_order":0,"comment_status":"closed","ping_status":"closed","template":"templates\/corporate-subpages.php","meta":{"footnotes":""},"class_list":["post-4431","page","type-page","status-publish","hentry"],"yoast_head":"<!-- This site is optimized with the Yoast SEO plugin v19.4 - https:\/\/yoast.com\/wordpress\/plugins\/seo\/ -->\n<title>Kennen Sie Fuerte Group und die Projekte, Andalusien<\/title>\n<meta name=\"description\" content=\"Kennen Sie Grupo El Fuerte und die letzten andalusischen getriebene Projekte. Alle Informationen \u00fcber den Fuerte Group Hotels\" \/>\n<meta name=\"robots\" content=\"noindex, follow, max-snippet:-1, max-image-preview:large, max-video-preview:-1\" \/>\n<meta property=\"og:locale\" content=\"de_DE\" \/>\n<meta property=\"og:type\" content=\"article\" \/>\n<meta property=\"og:title\" content=\"Kennen Sie Fuerte Group und die Projekte, Andalusien\" \/>\n<meta property=\"og:description\" content=\"Kennen Sie Grupo El Fuerte und die letzten andalusischen getriebene Projekte. Alle Informationen \u00fcber den Fuerte Group Hotels\" \/>\n<meta property=\"og:url\" content=\"https:\/\/dev.fuertehoteles.com\/de\/corporate\/projekte\/\" \/>\n<meta property=\"og:site_name\" content=\"Fuerte Hoteles\" \/>\n<meta property=\"article:publisher\" content=\"https:\/\/www.facebook.com\/HotelesFuerte\" \/>\n<meta property=\"article:modified_time\" content=\"2021-12-20T10:33:43+00:00\" \/>\n<meta property=\"og:image\" content=\"https:\/\/dev.fuertehoteles.com\/wp-content\/uploads\/2021\/12\/cabecera-divisiones.jpg\" \/>\n\t<meta property=\"og:image:width\" content=\"1920\" \/>\n\t<meta property=\"og:image:height\" content=\"540\" \/>\n\t<meta property=\"og:image:type\" content=\"image\/jpeg\" \/>\n<meta name=\"twitter:card\" content=\"summary_large_image\" \/>\n<meta name=\"twitter:site\" content=\"@fuertehoteles\" \/>\n<meta name=\"twitter:label1\" content=\"Gesch\u00e4tzte Lesezeit\" \/>\n\t<meta name=\"twitter:data1\" content=\"3\u00a0Minuten\" \/>\n<script type=\"application\/ld+json\" class=\"yoast-schema-graph\">{\"@context\":\"https:\/\/schema.org\",\"@graph\":[{\"@type\":\"WebSite\",\"@id\":\"https:\/\/dev.fuertehoteles.com\/#website\",\"url\":\"https:\/\/dev.fuertehoteles.com\/\",\"name\":\"Fuerte Hoteles\",\"description\":\"\",\"potentialAction\":[{\"@type\":\"SearchAction\",\"target\":{\"@type\":\"EntryPoint\",\"urlTemplate\":\"https:\/\/dev.fuertehoteles.com\/?s={search_term_string}\"},\"query-input\":\"required name=search_term_string\"}],\"inLanguage\":\"de\"},{\"@type\":\"WebPage\",\"@id\":\"https:\/\/dev.fuertehoteles.com\/de\/corporate\/projekte\/\",\"url\":\"https:\/\/dev.fuertehoteles.com\/de\/corporate\/projekte\/\",\"name\":\"Kennen Sie Fuerte Group und die Projekte, Andalusien\",\"isPartOf\":{\"@id\":\"https:\/\/dev.fuertehoteles.com\/#website\"},\"datePublished\":\"2021-12-09T07:45:58+00:00\",\"dateModified\":\"2021-12-20T10:33:43+00:00\",\"description\":\"Kennen Sie Grupo El Fuerte und die letzten andalusischen getriebene Projekte. Alle Informationen \u00fcber den Fuerte Group Hotels\",\"breadcrumb\":{\"@id\":\"https:\/\/dev.fuertehoteles.com\/de\/corporate\/projekte\/#breadcrumb\"},\"inLanguage\":\"de\",\"potentialAction\":[{\"@type\":\"ReadAction\",\"target\":[\"https:\/\/dev.fuertehoteles.com\/de\/corporate\/projekte\/\"]}]},{\"@type\":\"BreadcrumbList\",\"@id\":\"https:\/\/dev.fuertehoteles.com\/de\/corporate\/projekte\/#breadcrumb\",\"itemListElement\":[{\"@type\":\"ListItem\",\"position\":1,\"name\":\"Portada\",\"item\":\"https:\/\/dev.fuertehoteles.com\/de\/\"},{\"@type\":\"ListItem\",\"position\":2,\"name\":\"Corporate\",\"item\":\"https:\/\/dev.fuertehoteles.com\/de\/corporate\/\"},{\"@type\":\"ListItem\",\"position\":3,\"name\":\"Projekte\"}]}]}<\/script>\n<!-- \/ Yoast SEO plugin. -->","yoast_head_json":{"title":"Kennen Sie Fuerte Group und die Projekte, Andalusien","description":"Kennen Sie Grupo El Fuerte und die letzten andalusischen getriebene Projekte. Alle Informationen \u00fcber den Fuerte Group Hotels","robots":{"index":"noindex","follow":"follow","max-snippet":"max-snippet:-1","max-image-preview":"max-image-preview:large","max-video-preview":"max-video-preview:-1"},"og_locale":"de_DE","og_type":"article","og_title":"Kennen Sie Fuerte Group und die Projekte, Andalusien","og_description":"Kennen Sie Grupo El Fuerte und die letzten andalusischen getriebene Projekte. Alle Informationen \u00fcber den Fuerte Group Hotels","og_url":"https:\/\/dev.fuertehoteles.com\/de\/corporate\/projekte\/","og_site_name":"Fuerte Hoteles","article_publisher":"https:\/\/www.facebook.com\/HotelesFuerte","article_modified_time":"2021-12-20T10:33:43+00:00","og_image":[{"width":1920,"height":540,"url":"https:\/\/dev.fuertehoteles.com\/wp-content\/uploads\/2021\/12\/cabecera-divisiones.jpg","type":"image\/jpeg"}],"twitter_card":"summary_large_image","twitter_site":"@fuertehoteles","twitter_misc":{"Gesch\u00e4tzte Lesezeit":"3\u00a0Minuten"},"schema":{"@context":"https:\/\/schema.org","@graph":[{"@type":"WebSite","@id":"https:\/\/dev.fuertehoteles.com\/#website","url":"https:\/\/dev.fuertehoteles.com\/","name":"Fuerte Hoteles","description":"","potentialAction":[{"@type":"SearchAction","target":{"@type":"EntryPoint","urlTemplate":"https:\/\/dev.fuertehoteles.com\/?s={search_term_string}"},"query-input":"required name=search_term_string"}],"inLanguage":"de"},{"@type":"WebPage","@id":"https:\/\/dev.fuertehoteles.com\/de\/corporate\/projekte\/","url":"https:\/\/dev.fuertehoteles.com\/de\/corporate\/projekte\/","name":"Kennen Sie Fuerte Group und die Projekte, Andalusien","isPartOf":{"@id":"https:\/\/dev.fuertehoteles.com\/#website"},"datePublished":"2021-12-09T07:45:58+00:00","dateModified":"2021-12-20T10:33:43+00:00","description":"Kennen Sie Grupo El Fuerte und die letzten andalusischen getriebene Projekte. Alle Informationen \u00fcber den Fuerte Group Hotels","breadcrumb":{"@id":"https:\/\/dev.fuertehoteles.com\/de\/corporate\/projekte\/#breadcrumb"},"inLanguage":"de","potentialAction":[{"@type":"ReadAction","target":["https:\/\/dev.fuertehoteles.com\/de\/corporate\/projekte\/"]}]},{"@type":"BreadcrumbList","@id":"https:\/\/dev.fuertehoteles.com\/de\/corporate\/projekte\/#breadcrumb","itemListElement":[{"@type":"ListItem","position":1,"name":"Portada","item":"https:\/\/dev.fuertehoteles.com\/de\/"},{"@type":"ListItem","position":2,"name":"Corporate","item":"https:\/\/dev.fuertehoteles.com\/de\/corporate\/"},{"@type":"ListItem","position":3,"name":"Projekte"}]}]}},"_links":{"self":[{"href":"https:\/\/dev.fuertehoteles.com\/de\/wp-json\/wp\/v2\/pages\/4431","targetHints":{"allow":["GET"]}}],"collection":[{"href":"https:\/\/dev.fuertehoteles.com\/de\/wp-json\/wp\/v2\/pages"}],"about":[{"href":"https:\/\/dev.fuertehoteles.com\/de\/wp-json\/wp\/v2\/types\/page"}],"author":[{"embeddable":true,"href":"https:\/\/dev.fuertehoteles.com\/de\/wp-json\/wp\/v2\/users\/6"}],"replies":[{"embeddable":true,"href":"https:\/\/dev.fuertehoteles.com\/de\/wp-json\/wp\/v2\/comments?post=4431"}],"version-history":[{"count":2,"href":"https:\/\/dev.fuertehoteles.com\/de\/wp-json\/wp\/v2\/pages\/4431\/revisions"}],"predecessor-version":[{"id":4437,"href":"https:\/\/dev.fuertehoteles.com\/de\/wp-json\/wp\/v2\/pages\/4431\/revisions\/4437"}],"up":[{"embeddable":true,"href":"https:\/\/dev.fuertehoteles.com\/de\/wp-json\/wp\/v2\/pages\/4263"}],"wp:featuredmedia":[{"embeddable":true,"href":"https:\/\/dev.fuertehoteles.com\/de\/wp-json\/wp\/v2\/media\/4009"}],"wp:attachment":[{"href":"https:\/\/dev.fuertehoteles.com\/de\/wp-json\/wp\/v2\/media?parent=4431"}],"curies":[{"name":"wp","href":"https:\/\/api.w.org\/{rel}","templated":true}]}}