{"id":4419,"date":"2021-12-09T08:53:31","date_gmt":"2021-12-09T07:53:31","guid":{"rendered":"https:\/\/dev.fuertehoteles.com\/corporate\/certificados\/"},"modified":"2021-12-20T11:06:37","modified_gmt":"2021-12-20T10:06:37","slug":"anerkennungen","status":"publish","type":"page","link":"https:\/\/dev.fuertehoteles.com\/de\/corporate\/anerkennungen\/","title":{"rendered":"Anerkennungen"},"content":{"rendered":"[vc_row css=&#8220;.vc_custom_1632915635340{margin-bottom: 30px !important;}&#8220;][vc_column][vc_column_text]\n<p style=\"text-align: center;\">Die Vortrefflichkeit unserer Serviceleistungen st\u00fctzt sich auf ein Qualit\u00e4tssystem, das auf die Zufriedenheit des Gastes ausgerichtet ist.<\/p>\n<p style=\"text-align: center;\">Die\u00a0<strong>Fuerte Group Hotels<\/strong>\u00a0konzentriert ihre Anstrengungen darauf, auf die Bed\u00fcrfnisse jeder einzelnen Person einzugehen. Aus diesem Grund basiert die Strategie auf der kontinuierlichen Verbesserung ihrer Produkte und Serviceleistungen, um die Erwartungen ihrer G\u00e4ste zu \u00fcbertreffen und ihren Zufriedenheitsgrad zu erh\u00f6hen.<\/p>\n[\/vc_column_text][\/vc_column][\/vc_row][vc_row css=&#8220;.vc_custom_1632910808010{margin-bottom: 30px !important;}&#8220;][vc_column][vc_column_text]\n<h3>Qualit\u00e4t<\/h3>\n[\/vc_column_text][vc_column_text css_animation=&#8220;none&#8220; el_class=&#8220;fh-corporate-content-divider&#8220;]\n<hr \/>\n[\/vc_column_text][vc_column_text]<strong>Fuerte Hoteles<\/strong>, verf\u00fcgt \u00fcber eine Reihe an Werkzeugen, die die Erfahrung des Gastes und seine Vorstellung in Bezug auf die Qualit\u00e4t unserer Serviceleistungen auswerten. Die Information, die uns diese Werkzeuge liefern, erm\u00f6glicht es uns, unsere G\u00e4ste besser kennenzulernen und ihnen ein Produkt anzubieten, das sich auf ihre Bed\u00fcrfnisse anpasst.[\/vc_column_text][\/vc_column][\/vc_row][vc_row css=&#8220;.vc_custom_1632910808010{margin-bottom: 30px !important;}&#8220;][vc_column][vc_column_text]\n<h3>Umwelt<\/h3>\n[\/vc_column_text][vc_column_text css_animation=&#8220;none&#8220; el_class=&#8220;fh-corporate-content-divider&#8220;]\n<hr \/>\n[\/vc_column_text][vc_column_text]Unser Engagement besteht darin, dass die wirtschaftlichen, nat\u00fcrlichen und sozialen Systeme in einem einzigen System verschmelzen. Dieses soll allen Menschen mit einem m\u00f6glichst geringen Umwelteinfluss dauerhaften Wohlstand bieten, wobei immer auf die Prinzipien des\u00a0<a title=\"Verantwortungsbewussten Tourismus\" href=\"https:\/\/www.fuertehoteles.com\/de\/grupo-el-fuerte\/nachhaltige-hotels\/\" target=\"_blank\" rel=\"noopener\">verantwortungsbewussten Tourismus<\/a>\u00a0Bezug genommen wird.<\/p>\n<p>Das Umweltengagement wird immer von den Richtlinien des Managements aller Unternehmen begleitet, die Teil der\u00a0<strong>Fuerte Group Hotels<\/strong>\u00a0sind, seitdem ihr Gr\u00fcnder,\u00a0<strong>D. Jos\u00e9 Luque Manzano<\/strong>, vor \u00fcber 60 Jahren das erste Hotel er\u00f6ffnete.<\/p>\n<p><strong>Fuerte Hoteles<\/strong>\u00a0erh\u00e4lt von der Normungs- und Zertifizierungsgesellschaft AENOR Jahr f\u00fcr Jahr das Zertifikat f\u00fcr Umweltmanagement UNE-EN ISO 14001, das garantiert, dass die Philosophie, mit der man in allen Einrichtungen der Unternehmensgruppe arbeitet, den Naturschutz und den Kampf zur Reduzierung von Umwelteinfl\u00fcssen f\u00f6rdert.<\/p>\n<p>Solche Managementsysteme bringen mehrfache Vorteile, vor allem auf dem Konkurrenzniveau, da sowohl die Zufriedenheit der G\u00e4ste als auch das Einsparen von Ressourcen und das Minimalisieren von Umwelteinwirkungen in unserer t\u00e4glichen Arbeit eine konstante Referenz darstellen.[\/vc_column_text][\/vc_column][\/vc_row][vc_row][vc_column][vc_column_text]\n<h3>Strategie zur nachhaltigkeit und RCS<\/h3>\n[\/vc_column_text][vc_column_text css_animation=&#8220;none&#8220; el_class=&#8220;fh-corporate-content-divider&#8220;]\n<hr \/>\n[\/vc_column_text][vc_column_text]\n<p><strong>WAS GEMESSEN WERDEN KANN, KANN MAN VERWALTEN.<\/strong>\u00a0So definieren wir im Unternehmen unsere Idee der unternehmerischen Gesellschaftsverantwortung (CSR) und so haben wir er geschafft, alle nachhaltigen Ziele zu erreichen, die wir uns im Laufe unserer Geschichte vorgenommen haben. F\u00fcr weitere Information konsultieren Sie bitte unseren\u00a0<a title=\"Corporate Social Responsability\" href=\"https:\/\/www.fuertehoteles.com\/de\/grupo-el-fuerte\/nachhaltige-hotels\/\" target=\"_blank\" rel=\"noopener\">CSR-Bericht<\/a>.[\/vc_column_text][\/vc_column][\/vc_row]\n","protected":false},"excerpt":{"rendered":"<p>[vc_row css=&#8220;.vc_custom_1632915635340{margin-bottom: 30px !important;}&#8220;][vc_column][vc_column_text] Die Vortrefflichkeit unserer Serviceleistungen st\u00fctzt sich auf ein Qualit\u00e4tssystem, das auf die Zufriedenheit des Gastes ausgerichtet ist. Die\u00a0Fuerte Group Hotels\u00a0konzentriert ihre Anstrengungen darauf, auf die Bed\u00fcrfnisse jeder einzelnen Person einzugehen. Aus diesem Grund basiert die Strategie auf der kontinuierlichen Verbesserung ihrer Produkte und Serviceleistungen, um die Erwartungen ihrer G\u00e4ste zu \u00fcbertreffen<\/p>\n","protected":false},"author":6,"featured_media":4015,"parent":4263,"menu_order":0,"comment_status":"closed","ping_status":"closed","template":"templates\/corporate-subpages.php","meta":{"footnotes":""},"class_list":["post-4419","page","type-page","status-publish","hentry"],"yoast_head":"<!-- This site is optimized with the Yoast SEO plugin v19.4 - https:\/\/yoast.com\/wordpress\/plugins\/seo\/ -->\n<title>Auszeichnungen, Zertifikate, Fuerte Group Hotels Andalusien<\/title>\n<meta name=\"description\" content=\"Die Fuerte Group Hotels ist stets um hervorragende Qualit\u00e4t ihrer Dienste und Einrichtungen bem\u00fcht. Alle Anerkennungen der Fuerte Group Hotels\" \/>\n<meta name=\"robots\" content=\"noindex, follow, max-snippet:-1, max-image-preview:large, max-video-preview:-1\" \/>\n<meta property=\"og:locale\" content=\"de_DE\" \/>\n<meta property=\"og:type\" content=\"article\" \/>\n<meta property=\"og:title\" content=\"Auszeichnungen, Zertifikate, Fuerte Group Hotels Andalusien\" \/>\n<meta property=\"og:description\" content=\"Die Fuerte Group Hotels ist stets um hervorragende Qualit\u00e4t ihrer Dienste und Einrichtungen bem\u00fcht. Alle Anerkennungen der Fuerte Group Hotels\" \/>\n<meta property=\"og:url\" content=\"https:\/\/dev.fuertehoteles.com\/de\/corporate\/anerkennungen\/\" \/>\n<meta property=\"og:site_name\" content=\"Fuerte Hoteles\" \/>\n<meta property=\"article:publisher\" content=\"https:\/\/www.facebook.com\/HotelesFuerte\" \/>\n<meta property=\"article:modified_time\" content=\"2021-12-20T10:06:37+00:00\" \/>\n<meta property=\"og:image\" content=\"https:\/\/dev.fuertehoteles.com\/wp-content\/uploads\/2021\/12\/cabecera-certificados-1.jpg\" \/>\n\t<meta property=\"og:image:width\" content=\"1920\" \/>\n\t<meta property=\"og:image:height\" content=\"540\" \/>\n\t<meta property=\"og:image:type\" content=\"image\/jpeg\" \/>\n<meta name=\"twitter:card\" content=\"summary_large_image\" \/>\n<meta name=\"twitter:site\" content=\"@fuertehoteles\" \/>\n<meta name=\"twitter:label1\" content=\"Gesch\u00e4tzte Lesezeit\" \/>\n\t<meta name=\"twitter:data1\" content=\"2\u00a0Minuten\" \/>\n<script type=\"application\/ld+json\" class=\"yoast-schema-graph\">{\"@context\":\"https:\/\/schema.org\",\"@graph\":[{\"@type\":\"WebSite\",\"@id\":\"https:\/\/dev.fuertehoteles.com\/#website\",\"url\":\"https:\/\/dev.fuertehoteles.com\/\",\"name\":\"Fuerte Hoteles\",\"description\":\"\",\"potentialAction\":[{\"@type\":\"SearchAction\",\"target\":{\"@type\":\"EntryPoint\",\"urlTemplate\":\"https:\/\/dev.fuertehoteles.com\/?s={search_term_string}\"},\"query-input\":\"required name=search_term_string\"}],\"inLanguage\":\"de\"},{\"@type\":\"WebPage\",\"@id\":\"https:\/\/dev.fuertehoteles.com\/de\/corporate\/anerkennungen\/\",\"url\":\"https:\/\/dev.fuertehoteles.com\/de\/corporate\/anerkennungen\/\",\"name\":\"Auszeichnungen, Zertifikate, Fuerte Group Hotels Andalusien\",\"isPartOf\":{\"@id\":\"https:\/\/dev.fuertehoteles.com\/#website\"},\"datePublished\":\"2021-12-09T07:53:31+00:00\",\"dateModified\":\"2021-12-20T10:06:37+00:00\",\"description\":\"Die Fuerte Group Hotels ist stets um hervorragende Qualit\u00e4t ihrer Dienste und Einrichtungen bem\u00fcht. Alle Anerkennungen der Fuerte Group Hotels\",\"breadcrumb\":{\"@id\":\"https:\/\/dev.fuertehoteles.com\/de\/corporate\/anerkennungen\/#breadcrumb\"},\"inLanguage\":\"de\",\"potentialAction\":[{\"@type\":\"ReadAction\",\"target\":[\"https:\/\/dev.fuertehoteles.com\/de\/corporate\/anerkennungen\/\"]}]},{\"@type\":\"BreadcrumbList\",\"@id\":\"https:\/\/dev.fuertehoteles.com\/de\/corporate\/anerkennungen\/#breadcrumb\",\"itemListElement\":[{\"@type\":\"ListItem\",\"position\":1,\"name\":\"Portada\",\"item\":\"https:\/\/dev.fuertehoteles.com\/de\/\"},{\"@type\":\"ListItem\",\"position\":2,\"name\":\"Corporate\",\"item\":\"https:\/\/dev.fuertehoteles.com\/de\/corporate\/\"},{\"@type\":\"ListItem\",\"position\":3,\"name\":\"Anerkennungen\"}]}]}<\/script>\n<!-- \/ Yoast SEO plugin. -->","yoast_head_json":{"title":"Auszeichnungen, Zertifikate, Fuerte Group Hotels Andalusien","description":"Die Fuerte Group Hotels ist stets um hervorragende Qualit\u00e4t ihrer Dienste und Einrichtungen bem\u00fcht. Alle Anerkennungen der Fuerte Group Hotels","robots":{"index":"noindex","follow":"follow","max-snippet":"max-snippet:-1","max-image-preview":"max-image-preview:large","max-video-preview":"max-video-preview:-1"},"og_locale":"de_DE","og_type":"article","og_title":"Auszeichnungen, Zertifikate, Fuerte Group Hotels Andalusien","og_description":"Die Fuerte Group Hotels ist stets um hervorragende Qualit\u00e4t ihrer Dienste und Einrichtungen bem\u00fcht. Alle Anerkennungen der Fuerte Group Hotels","og_url":"https:\/\/dev.fuertehoteles.com\/de\/corporate\/anerkennungen\/","og_site_name":"Fuerte Hoteles","article_publisher":"https:\/\/www.facebook.com\/HotelesFuerte","article_modified_time":"2021-12-20T10:06:37+00:00","og_image":[{"width":1920,"height":540,"url":"https:\/\/dev.fuertehoteles.com\/wp-content\/uploads\/2021\/12\/cabecera-certificados-1.jpg","type":"image\/jpeg"}],"twitter_card":"summary_large_image","twitter_site":"@fuertehoteles","twitter_misc":{"Gesch\u00e4tzte Lesezeit":"2\u00a0Minuten"},"schema":{"@context":"https:\/\/schema.org","@graph":[{"@type":"WebSite","@id":"https:\/\/dev.fuertehoteles.com\/#website","url":"https:\/\/dev.fuertehoteles.com\/","name":"Fuerte Hoteles","description":"","potentialAction":[{"@type":"SearchAction","target":{"@type":"EntryPoint","urlTemplate":"https:\/\/dev.fuertehoteles.com\/?s={search_term_string}"},"query-input":"required name=search_term_string"}],"inLanguage":"de"},{"@type":"WebPage","@id":"https:\/\/dev.fuertehoteles.com\/de\/corporate\/anerkennungen\/","url":"https:\/\/dev.fuertehoteles.com\/de\/corporate\/anerkennungen\/","name":"Auszeichnungen, Zertifikate, Fuerte Group Hotels Andalusien","isPartOf":{"@id":"https:\/\/dev.fuertehoteles.com\/#website"},"datePublished":"2021-12-09T07:53:31+00:00","dateModified":"2021-12-20T10:06:37+00:00","description":"Die Fuerte Group Hotels ist stets um hervorragende Qualit\u00e4t ihrer Dienste und Einrichtungen bem\u00fcht. Alle Anerkennungen der Fuerte Group Hotels","breadcrumb":{"@id":"https:\/\/dev.fuertehoteles.com\/de\/corporate\/anerkennungen\/#breadcrumb"},"inLanguage":"de","potentialAction":[{"@type":"ReadAction","target":["https:\/\/dev.fuertehoteles.com\/de\/corporate\/anerkennungen\/"]}]},{"@type":"BreadcrumbList","@id":"https:\/\/dev.fuertehoteles.com\/de\/corporate\/anerkennungen\/#breadcrumb","itemListElement":[{"@type":"ListItem","position":1,"name":"Portada","item":"https:\/\/dev.fuertehoteles.com\/de\/"},{"@type":"ListItem","position":2,"name":"Corporate","item":"https:\/\/dev.fuertehoteles.com\/de\/corporate\/"},{"@type":"ListItem","position":3,"name":"Anerkennungen"}]}]}},"_links":{"self":[{"href":"https:\/\/dev.fuertehoteles.com\/de\/wp-json\/wp\/v2\/pages\/4419","targetHints":{"allow":["GET"]}}],"collection":[{"href":"https:\/\/dev.fuertehoteles.com\/de\/wp-json\/wp\/v2\/pages"}],"about":[{"href":"https:\/\/dev.fuertehoteles.com\/de\/wp-json\/wp\/v2\/types\/page"}],"author":[{"embeddable":true,"href":"https:\/\/dev.fuertehoteles.com\/de\/wp-json\/wp\/v2\/users\/6"}],"replies":[{"embeddable":true,"href":"https:\/\/dev.fuertehoteles.com\/de\/wp-json\/wp\/v2\/comments?post=4419"}],"version-history":[{"count":2,"href":"https:\/\/dev.fuertehoteles.com\/de\/wp-json\/wp\/v2\/pages\/4419\/revisions"}],"predecessor-version":[{"id":4425,"href":"https:\/\/dev.fuertehoteles.com\/de\/wp-json\/wp\/v2\/pages\/4419\/revisions\/4425"}],"up":[{"embeddable":true,"href":"https:\/\/dev.fuertehoteles.com\/de\/wp-json\/wp\/v2\/pages\/4263"}],"wp:featuredmedia":[{"embeddable":true,"href":"https:\/\/dev.fuertehoteles.com\/de\/wp-json\/wp\/v2\/media\/4015"}],"wp:attachment":[{"href":"https:\/\/dev.fuertehoteles.com\/de\/wp-json\/wp\/v2\/media?parent=4419"}],"curies":[{"name":"wp","href":"https:\/\/api.w.org\/{rel}","templated":true}]}}