{"id":4263,"date":"2021-12-09T08:26:39","date_gmt":"2021-12-09T07:26:39","guid":{"rendered":"https:\/\/dev.fuertehoteles.com\/corporate\/"},"modified":"2022-12-14T09:56:14","modified_gmt":"2022-12-14T08:56:14","slug":"corporate","status":"publish","type":"page","link":"https:\/\/dev.fuertehoteles.com\/de\/corporate\/","title":{"rendered":"Corporate"},"content":{"rendered":"[vc_row el_class=&#8220;fh-corporate-content-text-image&#8220;][vc_column width=&#8220;2\/3&#8243; el_class=&#8220;fh-corporate-content-text-image-text&#8220;][vc_column_text css_animation=&#8220;none&#8220; el_class=&#8220;fh-corporate-content-title&#8220;]\n<h3>Brief der pr\u00e4sidentin<\/h3>\n[\/vc_column_text][vc_column_text css_animation=&#8220;none&#8220; el_class=&#8220;fh-corporate-content-divider&#8220;]\n<hr \/>\n[\/vc_column_text][vc_column_text]Die <strong>Fuerte Group Hotels<\/strong> entstand 1957, als ihr Gr\u00fcnder Jos\u00e9 Luque Manzano das Hotel Fuerte in Marbella er\u00f6ffnet. Das Projekt dieses Vision\u00e4rs aus Estepa (Sevilla), der von Natur aus kontaktfreudig und unternehmenslustig war, basierte auf den Grundlagen, die heute unsere Unternehmensgruppe st\u00fctzen und in unserem Ethischen Code zusammengefasst sind.<\/p>\n<p>Nach mehr als 60 Jahren im Dienste unserer G\u00e4ste und dank den Personen, die dieser originellen Form eines Unternehmens Tag f\u00fcr Tag ihr Vertrauen geschenkt haben, konnten wir uns zahlreichen Herausforderungen stellen: Wachstum, geografische und sektorielle Vielf\u00e4ltigkeit, fortlaufende Innovation und die Gr\u00fcndung der <strong>Fuerte Stiftung.<\/strong><\/p>\n<p>Bei allen unserer Projekte sind wir bem\u00fcht unsere Devise umzusetzen:<strong> \u201cWir haben ein Herz f\u00fcr Mensch und Umwelt\u201d<\/strong>. Da wir unsere Geschichte sch\u00e4tzen, glauben wir an die Zukunft. Hier erwarten wir, dass wir weiterhin auf das Vertrauen derjenigen bauen k\u00f6nnen, die uns bis jetzt begleitet haben.<\/p>\n<p>Mit freundlichen Gr\u00fc\u00dfen,<\/p>\n<p><strong>Isabel M\u00aa Garc\u00eda Bard\u00f3n.<\/strong><br \/>\nEhrenvorsitzende der Fuerte Group Hotels[\/vc_column_text][\/vc_column][vc_column width=&#8220;1\/3&#8243; el_class=&#8220;fh-corporate-content-text-image-image&#8220;][vc_single_image image=&#8220;3997&#8243; img_size=&#8220;full&#8220;][\/vc_column][\/vc_row]\n","protected":false},"excerpt":{"rendered":"<p>[vc_row el_class=&#8220;fh-corporate-content-text-image&#8220;][vc_column width=&#8220;2\/3&#8243; el_class=&#8220;fh-corporate-content-text-image-text&#8220;][vc_column_text css_animation=&#8220;none&#8220; el_class=&#8220;fh-corporate-content-title&#8220;] Brief der pr\u00e4sidentin [\/vc_column_text][vc_column_text css_animation=&#8220;none&#8220; el_class=&#8220;fh-corporate-content-divider&#8220;] [\/vc_column_text][vc_column_text]Die Fuerte Group Hotels entstand 1957, als ihr Gr\u00fcnder Jos\u00e9 Luque Manzano das Hotel Fuerte in Marbella er\u00f6ffnet. Das Projekt dieses Vision\u00e4rs aus Estepa (Sevilla), der von Natur aus kontaktfreudig und unternehmenslustig war, basierte auf den Grundlagen, die heute unsere Unternehmensgruppe st\u00fctzen und<\/p>\n","protected":false},"author":6,"featured_media":3993,"parent":0,"menu_order":0,"comment_status":"closed","ping_status":"closed","template":"templates\/corporate.php","meta":{"footnotes":""},"class_list":["post-4263","page","type-page","status-publish","hentry"],"yoast_head":"<!-- This site is optimized with the Yoast SEO plugin v19.4 - https:\/\/yoast.com\/wordpress\/plugins\/seo\/ -->\n<title>Unternehmensinformationen Fuerte Group Hotels, Andalusien<\/title>\n<meta name=\"description\" content=\"Unternehmensinformationen der Fuerte Group, Abteilungen, Geschichte, Auszeichnungen, Zertifizierungen und mehr als 60 Jahre verantwortungsvoller Tourismus.\" \/>\n<meta name=\"robots\" content=\"noindex, follow, max-snippet:-1, max-image-preview:large, max-video-preview:-1\" \/>\n<meta property=\"og:locale\" content=\"de_DE\" \/>\n<meta property=\"og:type\" content=\"article\" \/>\n<meta property=\"og:title\" content=\"Unternehmensinformationen Fuerte Group Hotels, Andalusien\" \/>\n<meta property=\"og:description\" content=\"Unternehmensinformationen der Fuerte Group, Abteilungen, Geschichte, Auszeichnungen, Zertifizierungen und mehr als 60 Jahre verantwortungsvoller Tourismus.\" \/>\n<meta property=\"og:url\" content=\"https:\/\/dev.fuertehoteles.com\/de\/corporate\/\" \/>\n<meta property=\"og:site_name\" content=\"Fuerte Hoteles\" \/>\n<meta property=\"article:publisher\" content=\"https:\/\/www.facebook.com\/HotelesFuerte\" \/>\n<meta property=\"article:modified_time\" content=\"2022-12-14T08:56:14+00:00\" \/>\n<meta property=\"og:image\" content=\"https:\/\/dev.fuertehoteles.com\/wp-content\/uploads\/2021\/12\/corporate-header-3.jpg\" \/>\n\t<meta property=\"og:image:width\" content=\"1920\" \/>\n\t<meta property=\"og:image:height\" content=\"540\" \/>\n\t<meta property=\"og:image:type\" content=\"image\/jpeg\" \/>\n<meta name=\"twitter:card\" content=\"summary_large_image\" \/>\n<meta name=\"twitter:site\" content=\"@fuertehoteles\" \/>\n<meta name=\"twitter:label1\" content=\"Gesch\u00e4tzte Lesezeit\" \/>\n\t<meta name=\"twitter:data1\" content=\"1\u00a0Minute\" \/>\n<script type=\"application\/ld+json\" class=\"yoast-schema-graph\">{\"@context\":\"https:\/\/schema.org\",\"@graph\":[{\"@type\":\"WebSite\",\"@id\":\"https:\/\/dev.fuertehoteles.com\/#website\",\"url\":\"https:\/\/dev.fuertehoteles.com\/\",\"name\":\"Fuerte Hoteles\",\"description\":\"\",\"potentialAction\":[{\"@type\":\"SearchAction\",\"target\":{\"@type\":\"EntryPoint\",\"urlTemplate\":\"https:\/\/dev.fuertehoteles.com\/?s={search_term_string}\"},\"query-input\":\"required name=search_term_string\"}],\"inLanguage\":\"de\"},{\"@type\":\"WebPage\",\"@id\":\"https:\/\/dev.fuertehoteles.com\/de\/corporate\/\",\"url\":\"https:\/\/dev.fuertehoteles.com\/de\/corporate\/\",\"name\":\"Unternehmensinformationen Fuerte Group Hotels, Andalusien\",\"isPartOf\":{\"@id\":\"https:\/\/dev.fuertehoteles.com\/#website\"},\"datePublished\":\"2021-12-09T07:26:39+00:00\",\"dateModified\":\"2022-12-14T08:56:14+00:00\",\"description\":\"Unternehmensinformationen der Fuerte Group, Abteilungen, Geschichte, Auszeichnungen, Zertifizierungen und mehr als 60 Jahre verantwortungsvoller Tourismus.\",\"breadcrumb\":{\"@id\":\"https:\/\/dev.fuertehoteles.com\/de\/corporate\/#breadcrumb\"},\"inLanguage\":\"de\",\"potentialAction\":[{\"@type\":\"ReadAction\",\"target\":[\"https:\/\/dev.fuertehoteles.com\/de\/corporate\/\"]}]},{\"@type\":\"BreadcrumbList\",\"@id\":\"https:\/\/dev.fuertehoteles.com\/de\/corporate\/#breadcrumb\",\"itemListElement\":[{\"@type\":\"ListItem\",\"position\":1,\"name\":\"Portada\",\"item\":\"https:\/\/dev.fuertehoteles.com\/de\/\"},{\"@type\":\"ListItem\",\"position\":2,\"name\":\"Corporate\"}]}]}<\/script>\n<!-- \/ Yoast SEO plugin. -->","yoast_head_json":{"title":"Unternehmensinformationen Fuerte Group Hotels, Andalusien","description":"Unternehmensinformationen der Fuerte Group, Abteilungen, Geschichte, Auszeichnungen, Zertifizierungen und mehr als 60 Jahre verantwortungsvoller Tourismus.","robots":{"index":"noindex","follow":"follow","max-snippet":"max-snippet:-1","max-image-preview":"max-image-preview:large","max-video-preview":"max-video-preview:-1"},"og_locale":"de_DE","og_type":"article","og_title":"Unternehmensinformationen Fuerte Group Hotels, Andalusien","og_description":"Unternehmensinformationen der Fuerte Group, Abteilungen, Geschichte, Auszeichnungen, Zertifizierungen und mehr als 60 Jahre verantwortungsvoller Tourismus.","og_url":"https:\/\/dev.fuertehoteles.com\/de\/corporate\/","og_site_name":"Fuerte Hoteles","article_publisher":"https:\/\/www.facebook.com\/HotelesFuerte","article_modified_time":"2022-12-14T08:56:14+00:00","og_image":[{"width":1920,"height":540,"url":"https:\/\/dev.fuertehoteles.com\/wp-content\/uploads\/2021\/12\/corporate-header-3.jpg","type":"image\/jpeg"}],"twitter_card":"summary_large_image","twitter_site":"@fuertehoteles","twitter_misc":{"Gesch\u00e4tzte Lesezeit":"1\u00a0Minute"},"schema":{"@context":"https:\/\/schema.org","@graph":[{"@type":"WebSite","@id":"https:\/\/dev.fuertehoteles.com\/#website","url":"https:\/\/dev.fuertehoteles.com\/","name":"Fuerte Hoteles","description":"","potentialAction":[{"@type":"SearchAction","target":{"@type":"EntryPoint","urlTemplate":"https:\/\/dev.fuertehoteles.com\/?s={search_term_string}"},"query-input":"required name=search_term_string"}],"inLanguage":"de"},{"@type":"WebPage","@id":"https:\/\/dev.fuertehoteles.com\/de\/corporate\/","url":"https:\/\/dev.fuertehoteles.com\/de\/corporate\/","name":"Unternehmensinformationen Fuerte Group Hotels, Andalusien","isPartOf":{"@id":"https:\/\/dev.fuertehoteles.com\/#website"},"datePublished":"2021-12-09T07:26:39+00:00","dateModified":"2022-12-14T08:56:14+00:00","description":"Unternehmensinformationen der Fuerte Group, Abteilungen, Geschichte, Auszeichnungen, Zertifizierungen und mehr als 60 Jahre verantwortungsvoller Tourismus.","breadcrumb":{"@id":"https:\/\/dev.fuertehoteles.com\/de\/corporate\/#breadcrumb"},"inLanguage":"de","potentialAction":[{"@type":"ReadAction","target":["https:\/\/dev.fuertehoteles.com\/de\/corporate\/"]}]},{"@type":"BreadcrumbList","@id":"https:\/\/dev.fuertehoteles.com\/de\/corporate\/#breadcrumb","itemListElement":[{"@type":"ListItem","position":1,"name":"Portada","item":"https:\/\/dev.fuertehoteles.com\/de\/"},{"@type":"ListItem","position":2,"name":"Corporate"}]}]}},"_links":{"self":[{"href":"https:\/\/dev.fuertehoteles.com\/de\/wp-json\/wp\/v2\/pages\/4263","targetHints":{"allow":["GET"]}}],"collection":[{"href":"https:\/\/dev.fuertehoteles.com\/de\/wp-json\/wp\/v2\/pages"}],"about":[{"href":"https:\/\/dev.fuertehoteles.com\/de\/wp-json\/wp\/v2\/types\/page"}],"author":[{"embeddable":true,"href":"https:\/\/dev.fuertehoteles.com\/de\/wp-json\/wp\/v2\/users\/6"}],"replies":[{"embeddable":true,"href":"https:\/\/dev.fuertehoteles.com\/de\/wp-json\/wp\/v2\/comments?post=4263"}],"version-history":[{"count":4,"href":"https:\/\/dev.fuertehoteles.com\/de\/wp-json\/wp\/v2\/pages\/4263\/revisions"}],"predecessor-version":[{"id":148327,"href":"https:\/\/dev.fuertehoteles.com\/de\/wp-json\/wp\/v2\/pages\/4263\/revisions\/148327"}],"wp:featuredmedia":[{"embeddable":true,"href":"https:\/\/dev.fuertehoteles.com\/de\/wp-json\/wp\/v2\/media\/3993"}],"wp:attachment":[{"href":"https:\/\/dev.fuertehoteles.com\/de\/wp-json\/wp\/v2\/media?parent=4263"}],"curies":[{"name":"wp","href":"https:\/\/api.w.org\/{rel}","templated":true}]}}